{"id":6239,"date":"2022-04-24T19:02:56","date_gmt":"2022-04-24T19:02:56","guid":{"rendered":"https:\/\/pagesigasso.com\/detective-barcelona"},"modified":"2024-06-25T13:55:49","modified_gmt":"2024-06-25T13:55:49","slug":"detectius-a-barcelona","status":"publish","type":"page","link":"https:\/\/pagesigasso.com\/ca\/detectius-a-barcelona","title":{"rendered":"Detectius a Barcelona"},"content":{"rendered":"<div class=\"gb-grid-wrapper gb-grid-wrapper-75b32420\">\r\n\r\n<div class=\"gb-grid-column gb-grid-column-d5af91d3\"><div class=\"gb-container gb-container-d5af91d3\"><div class=\"gb-inside-container\">\r\n\r\n\r\n<h2 class=\"gb-headline gb-headline-7fdc32dc heading-icon-reversed\"><span class=\"gb-headline-text\">detectius vic<\/span><\/h2>\r\n\r\n\r\n\r\n<p class=\"gb-headline gb-headline-8df5ae0d\"><span class=\"gb-headline-text\"><mark class=\"gb-highlight\"><strong><a href=\"tel:938832833\">938 83 28 33<\/a><\/strong>\u00a0<\/mark><\/span><\/p>\r\n\r\n\r\n\r\n<p class=\"gb-headline gb-headline-be4a6043\"><span class=\"gb-headline-text\"><a href=\"mailto:info@pagesigasso.com\">info@pagesigasso.com<\/a><\/span><\/p>\r\n\r\n\r\n\r\n<p class=\"gb-headline gb-headline-cca806dc\"><span class=\"gb-headline-text\"><strong>Despatxos Vilabella c\/Vilabella 5-7<br \/>08500 Vic<\/strong><\/span><\/p>\r\n<\/div><\/div><\/div>\r\n\r\n<div class=\"gb-grid-column gb-grid-column-78671382\"><div class=\"gb-container gb-container-78671382\"><div class=\"gb-inside-container\">\r\n\r\n\r\n<p><iframe style=\"border: 0;\" src=\"https:\/\/www.google.com\/maps\/embed?pb=!1m18!1m12!1m3!1d2968.3208203218746!2d2.248342814552874!3d41.92895707021066!2m3!1f0!2f0!3f0!3m2!1i1024!2i768!4f13.1!3m3!1m2!1s0x12a5271a5b51ff31%3A0x14b76a517b172241!2zRGV0ZWN0aXVzIFBhZ8OocyAmIEdhc3PDsw!5e0!3m2!1ses!2ses!4v1650826713667!5m2!1ses!2ses\" width=\"600\" height=\"450\" allowfullscreen=\"allowfullscreen\"><\/iframe><\/p>\r\n<\/div><\/div><\/div><\/div>\r\n\r\n<div class=\"gb-grid-wrapper gb-grid-wrapper-5e1706c4\">\r\n\r\n<div class=\"gb-grid-column gb-grid-column-d5d5b11d\"><div class=\"gb-container gb-container-d5d5b11d\"><div class=\"gb-inside-container\">\r\n\r\n\r\n<h2 class=\"gb-headline gb-headline-d05f99fd heading-icon-reversed\"><span class=\"gb-headline-text\">detectius matar\u00f3<\/span><\/h2>\r\n\r\n\r\n\r\n<p class=\"gb-headline gb-headline-ce567170\"><span class=\"gb-headline-text\"><mark class=\"gb-highlight\"><strong><a href=\"tel:937672704\"><strong>937 67 27 04<\/strong><\/a><\/strong><\/mark><\/span><\/p>\r\n\r\n\r\n\r\n<p class=\"gb-headline gb-headline-d40cf56b\"><span class=\"gb-headline-text\"><a href=\"mailto:info@pagesigasso.com\">info@pagesigasso.com<\/a><\/span><\/p>\r\n\r\n\r\n\r\n<p class=\"gb-headline gb-headline-23c088a1\"><span class=\"gb-headline-text\"><strong><strong><strong>Ronda Pa\u00efsos Catalans n\u00ba 43 interior pis Local A<\/strong><\/strong><br \/><strong>Centre Comercial Soleret<\/strong><br \/><strong>08304 Matar\u00f3\u00a0<\/strong><\/strong><\/span><\/p>\r\n<\/div><\/div><\/div>\r\n\r\n<div class=\"gb-grid-column gb-grid-column-efb18fcc\"><div class=\"gb-container gb-container-efb18fcc\"><div class=\"gb-inside-container\">\r\n\r\n\r\n<p><iframe style=\"border: 0;\" src=\"https:\/\/www.google.com\/maps\/embed?pb=!1m18!1m12!1m3!1d382168.2952290154!2d2.1599162328124977!3d41.55431309999999!2m3!1f0!2f0!3f0!3m2!1i1024!2i768!4f13.1!3m3!1m2!1s0x12a4b5155d26569d%3A0x9cbef6ef4d075a94!2zRGV0ZWN0aXVzIFBhZ8OocyAmIEdhc3PDsw!5e0!3m2!1ses!2ses!4v1650826855141!5m2!1ses!2ses\" width=\"600\" height=\"450\" allowfullscreen=\"allowfullscreen\"><\/iframe><\/p>\r\n<\/div><\/div><\/div><\/div>\r\n\r\n<div class=\"gb-grid-wrapper gb-grid-wrapper-51a518ae\">\r\n\r\n<div class=\"gb-grid-column gb-grid-column-e3494969\"><div class=\"gb-container gb-container-e3494969\"><div class=\"gb-inside-container\">\r\n\r\n\r\n<h2 class=\"gb-headline gb-headline-6a1f46d1 heading-icon-reversed\"><span class=\"gb-headline-text\">detectius manresa<\/span><\/h2>\r\n\r\n\r\n\r\n<p class=\"gb-headline gb-headline-d8ea08e8\"><span class=\"gb-headline-text\"><mark class=\"gb-highlight\"><strong><strong><a href=\"tel:938832833\"><strong>938 83 28 33<\/strong><\/a><\/strong><\/strong><\/mark><\/span><\/p>\r\n\r\n\r\n\r\n<p class=\"gb-headline gb-headline-7bf56378\"><span class=\"gb-headline-text\"><a href=\"mailto:info@pagesigasso.com\">info@pagesigasso.com<\/a><\/span><\/p>\r\n\r\n\r\n\r\n<p class=\"gb-headline gb-headline-387fca8a\"><span class=\"gb-headline-text\"><strong><strong><strong><strong>Carrer Puigterr\u00e0 de Baix, 5-9, 1er pis\u00a0<\/strong><\/strong><br \/><strong>008241 Manresa\u00a0<\/strong>\u00a0<\/strong><\/strong><\/span><\/p>\r\n<\/div><\/div><\/div>\r\n\r\n<div class=\"gb-grid-column gb-grid-column-17ff347c\"><div class=\"gb-container gb-container-17ff347c\"><div class=\"gb-inside-container\">\r\n\r\n\r\n<p><iframe style=\"border: 0;\" src=\"https:\/\/www.google.com\/maps\/embed?pb=!1m18!1m12!1m3!1d2977.7231242750986!2d1.8241601145447!3d41.726493082868586!2m3!1f0!2f0!3f0!3m2!1i1024!2i768!4f13.1!3m3!1m2!1s0x12a5271a5b684fcb%3A0x63dba12b0a8add31!2zRGV0ZWN0aXVzIFBhZ8OocyAmIEdhc3PDsw!5e0!3m2!1ses!2ses!4v1650826955722!5m2!1ses!2ses\" width=\"600\" height=\"450\" allowfullscreen=\"allowfullscreen\"><\/iframe><\/p>\r\n<\/div><\/div><\/div><\/div>\r\n\r\n\r\n<h2 class=\"gb-headline gb-headline-e85ff27b gb-headline-text\">Est\u00e0 pensant a contractar un detectiu a Barcelona?<\/h2>\r\n\r\n\r\n\r\n<p>Amb m\u00e9s de 50 anys d&#8217;experi\u00e8ncia, des de Pag\u00e8s &amp; Gass\u00f3 volem ajudar qualsevol tipus de persona o entitat que se senti assessorada en tot moment. Tenim <a href=\"https:\/\/pagesigasso.com\/ca\/detectius-a-barcelona\">detectius a Barcelona<\/a>, <a href=\"https:\/\/pagesigasso.com\/ca\/detectius-vic\">detectius a Vic<\/a>, <a href=\"https:\/\/pagesigasso.com\/ca\/detectius-manresa\">detectius a Manresa<\/a> i <a href=\"https:\/\/pagesigasso.com\/ca\/detectiu-mataro\">detectius a Matar\u00f3<\/a>. Oferim qualsevol tipus de casos de l&#8217;\u00e0mbit de la investigaci\u00f3 privada ajudant aix\u00ed a resoldre qualsevol tipus de conflicte. Ja sigui en el sector personal; infidelitats, rastreig de persones, divorcis,\u2026 o b\u00e9 en el sector de l&#8217;empresa; investigaci\u00f3 digital, compet\u00e8ncia deslleial o frau laboral.<\/p>\r\n\r\n\r\n\r\n<p>Us ajudarem a resoldre tots els vostres dubtes en qualsevol tipus de casos i perseverarem la vostra privadesa en tot moment. Si teniu dubtes sobre el preu o saber com treballem, podeu consultar el <a href=\"https:\/\/pagesigasso.com\/ca\/cost-detectiu-privat\">cost d&#8217;un detectiu privat<\/a>, emplenar el formulari o b\u00e9 trucar-nos en qualsevol moment. Us atendrem en totes les vostres preguntes i sense comprom\u00eds.<\/p>\r\n\r\n\r\n<div class=\"gb-container gb-container-9c323e47\"><div class=\"gb-inside-container\">\r\n\r\n\r\n<h3 class=\"gb-headline gb-headline-7999f772 gb-headline-text\">Ag\u00e8ncia de detectius Barcelona<\/h3>\r\n\r\n\r\n\r\n<h2 class=\"gb-headline gb-headline-8779dfe4\">\u00a0<\/h2>\r\n\r\n\r\n\r\n<p class=\"has-text-align-center\">Podeu emplenar el formulari o explicar-nos el vostre cas. Treballem a nivell nacional, 365 dies de l&#8217;any.<br \/>Informes, Proves, solucions legals immediates a problemes complexos.<\/p>\r\n\r\n\r\n\n<div class=\"wpcf7 no-js\" id=\"wpcf7-f6392-o1\" lang=\"ca\" dir=\"ltr\" data-wpcf7-id=\"6392\">\n<div class=\"screen-reader-response\"><p role=\"status\" aria-live=\"polite\" aria-atomic=\"true\"><\/p> <ul><\/ul><\/div>\n<form action=\"\/ca\/wp-json\/wp\/v2\/pages\/6239#wpcf7-f6392-o1\" method=\"post\" class=\"wpcf7-form init\" aria-label=\"Formulari de contacte\" novalidate=\"novalidate\" data-status=\"init\">\n<fieldset class=\"hidden-fields-container\"><input type=\"hidden\" name=\"_wpcf7\" value=\"6392\" \/><input type=\"hidden\" name=\"_wpcf7_version\" value=\"6.1.5\" \/><input type=\"hidden\" name=\"_wpcf7_locale\" value=\"ca\" \/><input type=\"hidden\" name=\"_wpcf7_unit_tag\" value=\"wpcf7-f6392-o1\" \/><input type=\"hidden\" name=\"_wpcf7_container_post\" value=\"0\" \/><input type=\"hidden\" name=\"_wpcf7_posted_data_hash\" value=\"\" \/><input type=\"hidden\" name=\"_wpcf7_recaptcha_response\" value=\"\" \/>\n<\/fieldset>\n<p><label> Nom<br \/>\n<span class=\"wpcf7-form-control-wrap\" data-name=\"your-name\"><input size=\"40\" maxlength=\"400\" class=\"wpcf7-form-control wpcf7-text wpcf7-validates-as-required\" aria-required=\"true\" aria-invalid=\"false\" value=\"\" type=\"text\" name=\"your-name\" \/><\/span> <\/label>\n<\/p>\n<p><label> Email<br \/>\n<span class=\"wpcf7-form-control-wrap\" data-name=\"your-email\"><input size=\"40\" maxlength=\"400\" class=\"wpcf7-form-control wpcf7-email wpcf7-validates-as-required wpcf7-text wpcf7-validates-as-email\" aria-required=\"true\" aria-invalid=\"false\" value=\"\" type=\"email\" name=\"your-email\" \/><\/span> <\/label>\n<\/p>\n<p><label> Assumpte<br \/>\n<span class=\"wpcf7-form-control-wrap\" data-name=\"your-subject\"><input size=\"40\" maxlength=\"400\" class=\"wpcf7-form-control wpcf7-text wpcf7-validates-as-required\" aria-required=\"true\" aria-invalid=\"false\" value=\"\" type=\"text\" name=\"your-subject\" \/><\/span> <\/label>\n<\/p>\n<p><label> Missatge (opcional)<br \/>\n<span class=\"wpcf7-form-control-wrap\" data-name=\"your-message\"><textarea cols=\"40\" rows=\"10\" maxlength=\"2000\" class=\"wpcf7-form-control wpcf7-textarea\" aria-invalid=\"false\" name=\"your-message\"><\/textarea><\/span> <\/label><br \/>\n<br \/>\n<input class=\"wpcf7-form-control wpcf7-submit has-spinner\" type=\"submit\" value=\"Enviar\" \/>\n<\/p><div class=\"wpcf7-response-output\" aria-hidden=\"true\"><\/div>\n<\/form>\n<\/div>\n\n<\/div><\/div>\r\n<p>&nbsp;<\/p>","protected":false},"excerpt":{"rendered":"<p>Est\u00e0 pensant a contractar un detectiu a Barcelona? Amb m\u00e9s de 50 anys d&#8217;experi\u00e8ncia, des de Pag\u00e8s &amp; Gass\u00f3 volem ajudar qualsevol tipus de persona o entitat que se senti assessorada en tot moment. Tenim detectius a Barcelona, detectius a Vic, detectius a Manresa i detectius a Matar\u00f3. Oferim qualsevol tipus de casos de l&#8217;\u00e0mbit &#8230; <a title=\"Detectius a Barcelona\" class=\"read-more\" href=\"https:\/\/pagesigasso.com\/ca\/detectius-a-barcelona\" aria-label=\"M\u00e9s informaci\u00f3 sobre Detectius a Barcelona\">Read more<\/a><\/p>\n","protected":false},"author":1,"featured_media":6161,"parent":0,"menu_order":0,"comment_status":"closed","ping_status":"closed","template":"","meta":{"footnotes":""},"class_list":["post-6239","page","type-page","status-publish","has-post-thumbnail"],"yoast_head":"<!-- This site is optimized with the Yoast SEO Premium plugin v18.4 (Yoast SEO v27.4) - https:\/\/yoast.com\/product\/yoast-seo-premium-wordpress\/ -->\n<title>Detectiu Barcelona - Detectius Privats Pag\u00e8s &amp; Gass\u00f3<\/title>\n<meta name=\"description\" content=\"Busca un detectiu a la prov\u00edncia de Barcelona? Des de Pag\u00e8s &amp; Gass\u00f3 treballem a Barcelona i en tota mena de casos de recerca.\" \/>\n<meta name=\"robots\" content=\"index, follow, max-snippet:-1, max-image-preview:large, max-video-preview:-1\" \/>\n<link rel=\"canonical\" href=\"https:\/\/pagesigasso.com\/ca\/detectius-a-barcelona\" \/>\n<meta property=\"og:locale\" content=\"ca_ES\" \/>\n<meta property=\"og:type\" content=\"article\" \/>\n<meta property=\"og:title\" content=\"Detectiu Barcelona - Detectius Privats Pag\u00e8s &amp; Gass\u00f3\" \/>\n<meta property=\"og:description\" content=\"Busca un detectiu a la prov\u00edncia de Barcelona? Des de Pag\u00e8s &amp; Gass\u00f3 treballem a Barcelona i en tota mena de casos de recerca.\" \/>\n<meta property=\"og:url\" content=\"https:\/\/pagesigasso.com\/ca\/detectius-a-barcelona\" \/>\n<meta property=\"article:publisher\" content=\"https:\/\/www.facebook.com\/Detectius.Pages.i.Gasso\" \/>\n<meta property=\"article:modified_time\" content=\"2024-06-25T13:55:49+00:00\" \/>\n<meta property=\"og:image\" content=\"https:\/\/pagesigasso.com\/wp-content\/uploads\/2022\/04\/detective_barcelona.jpg\" \/>\n\t<meta property=\"og:image:width\" content=\"640\" \/>\n\t<meta property=\"og:image:height\" content=\"324\" \/>\n\t<meta property=\"og:image:type\" content=\"image\/jpeg\" \/>\n<meta name=\"twitter:card\" content=\"summary_large_image\" \/>\n<meta name=\"twitter:label1\" content=\"Temps estimat de lectura\" \/>\n\t<meta name=\"twitter:data1\" content=\"2 minuts\" \/>\n<script type=\"application\/ld+json\" class=\"yoast-schema-graph\">{\"@context\":\"https:\\\/\\\/schema.org\",\"@graph\":[{\"@type\":\"WebPage\",\"@id\":\"https:\\\/\\\/pagesigasso.com\\\/ca\\\/detectius-a-barcelona\",\"url\":\"https:\\\/\\\/pagesigasso.com\\\/ca\\\/detectius-a-barcelona\",\"name\":\"Detectiu Barcelona - Detectius Privats Pag\u00e8s & Gass\u00f3\",\"isPartOf\":{\"@id\":\"https:\\\/\\\/pagesigasso.com\\\/ca#website\"},\"primaryImageOfPage\":{\"@id\":\"https:\\\/\\\/pagesigasso.com\\\/ca\\\/detectius-a-barcelona#primaryimage\"},\"image\":{\"@id\":\"https:\\\/\\\/pagesigasso.com\\\/ca\\\/detectius-a-barcelona#primaryimage\"},\"thumbnailUrl\":\"https:\\\/\\\/pagesigasso.com\\\/wp-content\\\/uploads\\\/2022\\\/04\\\/detective_barcelona.jpg\",\"datePublished\":\"2022-04-24T19:02:56+00:00\",\"dateModified\":\"2024-06-25T13:55:49+00:00\",\"description\":\"Busca un detectiu a la prov\u00edncia de Barcelona? Des de Pag\u00e8s & Gass\u00f3 treballem a Barcelona i en tota mena de casos de recerca.\",\"inLanguage\":\"ca\",\"potentialAction\":[{\"@type\":\"ReadAction\",\"target\":[\"https:\\\/\\\/pagesigasso.com\\\/ca\\\/detectius-a-barcelona\"]}]},{\"@type\":\"ImageObject\",\"inLanguage\":\"ca\",\"@id\":\"https:\\\/\\\/pagesigasso.com\\\/ca\\\/detectius-a-barcelona#primaryimage\",\"url\":\"https:\\\/\\\/pagesigasso.com\\\/wp-content\\\/uploads\\\/2022\\\/04\\\/detective_barcelona.jpg\",\"contentUrl\":\"https:\\\/\\\/pagesigasso.com\\\/wp-content\\\/uploads\\\/2022\\\/04\\\/detective_barcelona.jpg\",\"width\":640,\"height\":324},{\"@type\":\"WebSite\",\"@id\":\"https:\\\/\\\/pagesigasso.com\\\/ca#website\",\"url\":\"https:\\\/\\\/pagesigasso.com\\\/ca\",\"name\":\"\",\"description\":\"Detectives Privados\",\"publisher\":{\"@id\":\"https:\\\/\\\/pagesigasso.com\\\/ca#organization\"},\"potentialAction\":[{\"@type\":\"SearchAction\",\"target\":{\"@type\":\"EntryPoint\",\"urlTemplate\":\"https:\\\/\\\/pagesigasso.com\\\/ca?s={search_term_string}\"},\"query-input\":{\"@type\":\"PropertyValueSpecification\",\"valueRequired\":true,\"valueName\":\"search_term_string\"}}],\"inLanguage\":\"ca\"},{\"@type\":\"Organization\",\"@id\":\"https:\\\/\\\/pagesigasso.com\\\/ca#organization\",\"name\":\"Pag\u00e8s & Gass\u00f3\",\"url\":\"https:\\\/\\\/pagesigasso.com\\\/ca\",\"logo\":{\"@type\":\"ImageObject\",\"inLanguage\":\"ca\",\"@id\":\"https:\\\/\\\/pagesigasso.com\\\/ca#\\\/schema\\\/logo\\\/image\\\/\",\"url\":\"https:\\\/\\\/pagesigasso.com\\\/wp-content\\\/uploads\\\/2022\\\/05\\\/cropped-logo_pages_i_gasso_detectives.webp\",\"contentUrl\":\"https:\\\/\\\/pagesigasso.com\\\/wp-content\\\/uploads\\\/2022\\\/05\\\/cropped-logo_pages_i_gasso_detectives.webp\",\"width\":1685,\"height\":337,\"caption\":\"Pag\u00e8s & Gass\u00f3\"},\"image\":{\"@id\":\"https:\\\/\\\/pagesigasso.com\\\/ca#\\\/schema\\\/logo\\\/image\\\/\"},\"sameAs\":[\"https:\\\/\\\/www.facebook.com\\\/Detectius.Pages.i.Gasso\",\"https:\\\/\\\/www.linkedin.com\\\/company\\\/detectius-pages-gasso\\\/about\\\/\"]}]}<\/script>\n<!-- \/ Yoast SEO Premium plugin. -->","yoast_head_json":{"title":"Detectiu Barcelona - Detectius Privats Pag\u00e8s & Gass\u00f3","description":"Busca un detectiu a la prov\u00edncia de Barcelona? Des de Pag\u00e8s & Gass\u00f3 treballem a Barcelona i en tota mena de casos de recerca.","robots":{"index":"index","follow":"follow","max-snippet":"max-snippet:-1","max-image-preview":"max-image-preview:large","max-video-preview":"max-video-preview:-1"},"canonical":"https:\/\/pagesigasso.com\/ca\/detectius-a-barcelona","og_locale":"ca_ES","og_type":"article","og_title":"Detectiu Barcelona - Detectius Privats Pag\u00e8s & Gass\u00f3","og_description":"Busca un detectiu a la prov\u00edncia de Barcelona? Des de Pag\u00e8s & Gass\u00f3 treballem a Barcelona i en tota mena de casos de recerca.","og_url":"https:\/\/pagesigasso.com\/ca\/detectius-a-barcelona","article_publisher":"https:\/\/www.facebook.com\/Detectius.Pages.i.Gasso","article_modified_time":"2024-06-25T13:55:49+00:00","og_image":[{"width":640,"height":324,"url":"https:\/\/pagesigasso.com\/wp-content\/uploads\/2022\/04\/detective_barcelona.jpg","type":"image\/jpeg"}],"twitter_card":"summary_large_image","twitter_misc":{"Temps estimat de lectura":"2 minuts"},"schema":{"@context":"https:\/\/schema.org","@graph":[{"@type":"WebPage","@id":"https:\/\/pagesigasso.com\/ca\/detectius-a-barcelona","url":"https:\/\/pagesigasso.com\/ca\/detectius-a-barcelona","name":"Detectiu Barcelona - Detectius Privats Pag\u00e8s & Gass\u00f3","isPartOf":{"@id":"https:\/\/pagesigasso.com\/ca#website"},"primaryImageOfPage":{"@id":"https:\/\/pagesigasso.com\/ca\/detectius-a-barcelona#primaryimage"},"image":{"@id":"https:\/\/pagesigasso.com\/ca\/detectius-a-barcelona#primaryimage"},"thumbnailUrl":"https:\/\/pagesigasso.com\/wp-content\/uploads\/2022\/04\/detective_barcelona.jpg","datePublished":"2022-04-24T19:02:56+00:00","dateModified":"2024-06-25T13:55:49+00:00","description":"Busca un detectiu a la prov\u00edncia de Barcelona? Des de Pag\u00e8s & Gass\u00f3 treballem a Barcelona i en tota mena de casos de recerca.","inLanguage":"ca","potentialAction":[{"@type":"ReadAction","target":["https:\/\/pagesigasso.com\/ca\/detectius-a-barcelona"]}]},{"@type":"ImageObject","inLanguage":"ca","@id":"https:\/\/pagesigasso.com\/ca\/detectius-a-barcelona#primaryimage","url":"https:\/\/pagesigasso.com\/wp-content\/uploads\/2022\/04\/detective_barcelona.jpg","contentUrl":"https:\/\/pagesigasso.com\/wp-content\/uploads\/2022\/04\/detective_barcelona.jpg","width":640,"height":324},{"@type":"WebSite","@id":"https:\/\/pagesigasso.com\/ca#website","url":"https:\/\/pagesigasso.com\/ca","name":"","description":"Detectives Privados","publisher":{"@id":"https:\/\/pagesigasso.com\/ca#organization"},"potentialAction":[{"@type":"SearchAction","target":{"@type":"EntryPoint","urlTemplate":"https:\/\/pagesigasso.com\/ca?s={search_term_string}"},"query-input":{"@type":"PropertyValueSpecification","valueRequired":true,"valueName":"search_term_string"}}],"inLanguage":"ca"},{"@type":"Organization","@id":"https:\/\/pagesigasso.com\/ca#organization","name":"Pag\u00e8s & Gass\u00f3","url":"https:\/\/pagesigasso.com\/ca","logo":{"@type":"ImageObject","inLanguage":"ca","@id":"https:\/\/pagesigasso.com\/ca#\/schema\/logo\/image\/","url":"https:\/\/pagesigasso.com\/wp-content\/uploads\/2022\/05\/cropped-logo_pages_i_gasso_detectives.webp","contentUrl":"https:\/\/pagesigasso.com\/wp-content\/uploads\/2022\/05\/cropped-logo_pages_i_gasso_detectives.webp","width":1685,"height":337,"caption":"Pag\u00e8s & Gass\u00f3"},"image":{"@id":"https:\/\/pagesigasso.com\/ca#\/schema\/logo\/image\/"},"sameAs":["https:\/\/www.facebook.com\/Detectius.Pages.i.Gasso","https:\/\/www.linkedin.com\/company\/detectius-pages-gasso\/about\/"]}]}},"_links":{"self":[{"href":"https:\/\/pagesigasso.com\/ca\/wp-json\/wp\/v2\/pages\/6239","targetHints":{"allow":["GET"]}}],"collection":[{"href":"https:\/\/pagesigasso.com\/ca\/wp-json\/wp\/v2\/pages"}],"about":[{"href":"https:\/\/pagesigasso.com\/ca\/wp-json\/wp\/v2\/types\/page"}],"author":[{"embeddable":true,"href":"https:\/\/pagesigasso.com\/ca\/wp-json\/wp\/v2\/users\/1"}],"replies":[{"embeddable":true,"href":"https:\/\/pagesigasso.com\/ca\/wp-json\/wp\/v2\/comments?post=6239"}],"version-history":[{"count":0,"href":"https:\/\/pagesigasso.com\/ca\/wp-json\/wp\/v2\/pages\/6239\/revisions"}],"wp:featuredmedia":[{"embeddable":true,"href":"https:\/\/pagesigasso.com\/ca\/wp-json\/wp\/v2\/media\/6161"}],"wp:attachment":[{"href":"https:\/\/pagesigasso.com\/ca\/wp-json\/wp\/v2\/media?parent=6239"}],"curies":[{"name":"wp","href":"https:\/\/api.w.org\/{rel}","templated":true}]}}