{"id":6234,"date":"2022-11-01T10:56:32","date_gmt":"2022-11-01T10:56:32","guid":{"rendered":"https:\/\/pagesigasso.com\/detectives-figueres"},"modified":"2024-06-25T13:57:08","modified_gmt":"2024-06-25T13:57:08","slug":"detectius-figueres","status":"publish","type":"page","link":"https:\/\/pagesigasso.com\/ca\/detectius-figueres","title":{"rendered":"Detectius Figueres"},"content":{"rendered":"<div class=\"gb-grid-wrapper gb-grid-wrapper-a489a015\">\r\n\r\n<div class=\"gb-grid-column gb-grid-column-0bc3da6d\"><div class=\"gb-container gb-container-0bc3da6d\"><div class=\"gb-inside-container\">\r\n\r\n\r\n<h2 class=\"gb-headline gb-headline-68136b32 heading-icon-reversed\">Detectius Figueres<\/h2>\r\n\r\n\r\n\r\n<p class=\"gb-headline gb-headline-2b3fe8b1\"><span class=\"gb-headline-text\"><mark class=\"gb-highlight\"><a href=\"tel:972676568\"><strong>972 67 65 68<\/strong><\/a>\u00a0<\/mark><\/span><\/p>\r\n\r\n\r\n\r\n<p class=\"gb-headline gb-headline-688f03f6\"><span class=\"gb-headline-text\"><a href=\"mailto:hello@capital.com\">info@pagesigasso.com<\/a><\/span><\/p>\r\n<\/div><\/div><\/div>\r\n\r\n<div class=\"gb-grid-column gb-grid-column-2451ec06\"><div class=\"gb-container gb-container-2451ec06\"><div class=\"gb-inside-container\">\r\n\r\n\r\n<p><iframe style=\"border: 0;\" src=\"https:\/\/www.google.com\/maps\/embed?pb=!1m18!1m12!1m3!1d47242.71247854812!2d2.9302244202294494!3d42.264229323373556!2m3!1f0!2f0!3f0!3m2!1i1024!2i768!4f13.1!3m3!1m2!1s0x12ba8de7daf77b2d%3A0x2f451468ac1a35cb!2s17600%20Figueres%2C%20Girona!5e0!3m2!1ses!2ses!4v1650826084608!5m2!1ses!2ses\" width=\"600\" height=\"450\" allowfullscreen=\"allowfullscreen\"><\/iframe><\/p>\r\n<\/div><\/div><\/div><\/div>\r\n\r\n\r\n<h2 class=\"wp-block-heading\" id=\"h-esta-pensando-en-contratar-un-detective-en-figueres\">Est\u00e0 pensant en contractar un detectiu a Figueres?<\/h2>\r\n\r\n\r\n\r\n<p>Amb m\u00e9s de 50 anys d&#8217;experi\u00e8ncia, des de Pag\u00e8s &amp; Gass\u00f3 volem ajudar qualsevol tipus de persona o entitat se senti assessorat en tot moment. Treballem com a <a href=\"https:\/\/pagesigasso.com\/ca\/detectius-a-girona\">detectius privats a Girona<\/a> ia tota la prov\u00edncia de Girona oferint aix\u00ed, qualsevol tipus de casos de l&#8217;\u00e0mbit de la investigaci\u00f3 privada ajudant aix\u00ed a resoldre qualsevol tipus de conflicte. Ja sigui al sector personal; infidelitats, rastreig de persones, divorcis,\u2026 o b\u00e9 al sector de l&#8217;empresa; investigaci\u00f3 digital, compet\u00e8ncia deslleial o frau laboral.<\/p>\r\n\r\n\r\n\r\n<p>Us ajudarem a resoldre tots els vostres dubtes en qualsevol tipus de casos i perseverem la vostra privadesa en tot moment. Si teniu dubtes amb el preu o en saber com treballem, podeu consultar el <a href=\"https:\/\/pagesigasso.com\/ca\/cost-detectiu-privat\">cost d&#8217;un detectiu privat<\/a>, omplir el formulari o b\u00e9 trucar-nos a en qualsevol moment. Us atendrem en totes les vostres preguntes i sense comprom\u00eds.<\/p>\r\n\r\n\r\n<div class=\"gb-container gb-container-9c323e47\"><div class=\"gb-inside-container\">\r\n\r\n\r\n<h3 class=\"gb-headline gb-headline-7999f772 gb-headline-text\">Ag\u00e8ncia de detectius Figueres<\/h3>\r\n\r\n\r\n\r\n<h2 class=\"gb-headline gb-headline-8779dfe4\">\u00a0<\/h2>\r\n\r\n\r\n\r\n<p class=\"has-text-align-center\">Podeu omplir el formulari o explicar-nos el vostre cas. Treballem a nivell nacional, 365 dies de l\u00b4any.<br \/>Informes, Proves, solucions legals immediates a problemes complexos.<\/p>\r\n\r\n\r\n\n<div class=\"wpcf7 no-js\" id=\"wpcf7-f6394-o1\" lang=\"ca\" dir=\"ltr\" data-wpcf7-id=\"6394\">\n<div class=\"screen-reader-response\"><p role=\"status\" aria-live=\"polite\" aria-atomic=\"true\"><\/p> <ul><\/ul><\/div>\n<form action=\"\/ca\/wp-json\/wp\/v2\/pages\/6234#wpcf7-f6394-o1\" method=\"post\" class=\"wpcf7-form init\" aria-label=\"Formulari de contacte\" novalidate=\"novalidate\" data-status=\"init\">\n<fieldset class=\"hidden-fields-container\"><input type=\"hidden\" name=\"_wpcf7\" value=\"6394\" \/><input type=\"hidden\" name=\"_wpcf7_version\" value=\"6.1.5\" \/><input type=\"hidden\" name=\"_wpcf7_locale\" value=\"ca\" \/><input type=\"hidden\" name=\"_wpcf7_unit_tag\" value=\"wpcf7-f6394-o1\" \/><input type=\"hidden\" name=\"_wpcf7_container_post\" value=\"0\" \/><input type=\"hidden\" name=\"_wpcf7_posted_data_hash\" value=\"\" \/><input type=\"hidden\" name=\"_wpcf7_recaptcha_response\" value=\"\" \/>\n<\/fieldset>\n<p><label> Nom<br \/>\n<span class=\"wpcf7-form-control-wrap\" data-name=\"your-name\"><input size=\"40\" maxlength=\"400\" class=\"wpcf7-form-control wpcf7-text wpcf7-validates-as-required\" aria-required=\"true\" aria-invalid=\"false\" value=\"\" type=\"text\" name=\"your-name\" \/><\/span> <\/label>\n<\/p>\n<p><label> Email<br \/>\n<span class=\"wpcf7-form-control-wrap\" data-name=\"your-email\"><input size=\"40\" maxlength=\"400\" class=\"wpcf7-form-control wpcf7-email wpcf7-validates-as-required wpcf7-text wpcf7-validates-as-email\" aria-required=\"true\" aria-invalid=\"false\" value=\"\" type=\"email\" name=\"your-email\" \/><\/span> <\/label>\n<\/p>\n<p><label> Assumpte<br \/>\n<span class=\"wpcf7-form-control-wrap\" data-name=\"your-subject\"><input size=\"40\" maxlength=\"400\" class=\"wpcf7-form-control wpcf7-text wpcf7-validates-as-required\" aria-required=\"true\" aria-invalid=\"false\" value=\"\" type=\"text\" name=\"your-subject\" \/><\/span> <\/label>\n<\/p>\n<p><label> Missatge (opcional)<br \/>\n<span class=\"wpcf7-form-control-wrap\" data-name=\"your-message\"><textarea cols=\"40\" rows=\"10\" maxlength=\"2000\" class=\"wpcf7-form-control wpcf7-textarea\" aria-invalid=\"false\" name=\"your-message\"><\/textarea><\/span> <\/label><br \/>\n<br \/>\n<input class=\"wpcf7-form-control wpcf7-submit has-spinner\" type=\"submit\" value=\"Enviar\" \/>\n<\/p><div class=\"wpcf7-response-output\" aria-hidden=\"true\"><\/div>\n<\/form>\n<\/div>\n\n<\/div><\/div>","protected":false},"excerpt":{"rendered":"<p>Est\u00e0 pensant en contractar un detectiu a Figueres? Amb m\u00e9s de 50 anys d&#8217;experi\u00e8ncia, des de Pag\u00e8s &amp; Gass\u00f3 volem ajudar qualsevol tipus de persona o entitat se senti assessorat en tot moment. Treballem com a detectius privats a Girona ia tota la prov\u00edncia de Girona oferint aix\u00ed, qualsevol tipus de casos de l&#8217;\u00e0mbit de &#8230; <a title=\"Detectius Figueres\" class=\"read-more\" href=\"https:\/\/pagesigasso.com\/ca\/detectius-figueres\" aria-label=\"M\u00e9s informaci\u00f3 sobre Detectius Figueres\">Read more<\/a><\/p>\n","protected":false},"author":1,"featured_media":6178,"parent":0,"menu_order":0,"comment_status":"closed","ping_status":"closed","template":"","meta":{"footnotes":""},"class_list":["post-6234","page","type-page","status-publish","has-post-thumbnail"],"yoast_head":"<!-- This site is optimized with the Yoast SEO Premium plugin v18.4 (Yoast SEO v27.4) - https:\/\/yoast.com\/product\/yoast-seo-premium-wordpress\/ -->\n<title>Detectiu Figueres - Pag\u00e8s &amp; Gass\u00f3<\/title>\n<meta name=\"description\" content=\"A Pag\u00e8s &amp; Gass\u00f3 treballem com a detectius a Figueres en qualsevol tipus casos i de recerca privada. Truqui&#039;ns sense comprom\u00eds.\" \/>\n<meta name=\"robots\" content=\"index, follow, max-snippet:-1, max-image-preview:large, max-video-preview:-1\" \/>\n<link rel=\"canonical\" href=\"https:\/\/pagesigasso.com\/ca\/detectius-figueres\" \/>\n<meta property=\"og:locale\" content=\"ca_ES\" \/>\n<meta property=\"og:type\" content=\"article\" \/>\n<meta property=\"og:title\" content=\"Detectiu Figueres - Pag\u00e8s &amp; Gass\u00f3\" \/>\n<meta property=\"og:description\" content=\"A Pag\u00e8s &amp; Gass\u00f3 treballem com a detectius a Figueres en qualsevol tipus casos i de recerca privada. Truqui&#039;ns sense comprom\u00eds.\" \/>\n<meta property=\"og:url\" content=\"https:\/\/pagesigasso.com\/ca\/detectius-figueres\" \/>\n<meta property=\"article:publisher\" content=\"https:\/\/www.facebook.com\/Detectius.Pages.i.Gasso\" \/>\n<meta property=\"article:modified_time\" content=\"2024-06-25T13:57:08+00:00\" \/>\n<meta property=\"og:image\" content=\"https:\/\/pagesigasso.com\/wp-content\/uploads\/2022\/11\/Detective_figueres.jpg\" \/>\n\t<meta property=\"og:image:width\" content=\"1920\" \/>\n\t<meta property=\"og:image:height\" content=\"1316\" \/>\n\t<meta property=\"og:image:type\" content=\"image\/jpeg\" \/>\n<meta name=\"twitter:card\" content=\"summary_large_image\" \/>\n<meta name=\"twitter:label1\" content=\"Temps estimat de lectura\" \/>\n\t<meta name=\"twitter:data1\" content=\"2 minuts\" \/>\n<script type=\"application\/ld+json\" class=\"yoast-schema-graph\">{\"@context\":\"https:\\\/\\\/schema.org\",\"@graph\":[{\"@type\":\"WebPage\",\"@id\":\"https:\\\/\\\/pagesigasso.com\\\/ca\\\/detectius-figueres\",\"url\":\"https:\\\/\\\/pagesigasso.com\\\/ca\\\/detectius-figueres\",\"name\":\"Detectiu Figueres - Pag\u00e8s & Gass\u00f3\",\"isPartOf\":{\"@id\":\"https:\\\/\\\/pagesigasso.com\\\/ca#website\"},\"primaryImageOfPage\":{\"@id\":\"https:\\\/\\\/pagesigasso.com\\\/ca\\\/detectius-figueres#primaryimage\"},\"image\":{\"@id\":\"https:\\\/\\\/pagesigasso.com\\\/ca\\\/detectius-figueres#primaryimage\"},\"thumbnailUrl\":\"https:\\\/\\\/pagesigasso.com\\\/wp-content\\\/uploads\\\/2022\\\/11\\\/Detective_figueres.jpg\",\"datePublished\":\"2022-11-01T10:56:32+00:00\",\"dateModified\":\"2024-06-25T13:57:08+00:00\",\"description\":\"A Pag\u00e8s & Gass\u00f3 treballem com a detectius a Figueres en qualsevol tipus casos i de recerca privada. Truqui'ns sense comprom\u00eds.\",\"inLanguage\":\"ca\",\"potentialAction\":[{\"@type\":\"ReadAction\",\"target\":[\"https:\\\/\\\/pagesigasso.com\\\/ca\\\/detectius-figueres\"]}]},{\"@type\":\"ImageObject\",\"inLanguage\":\"ca\",\"@id\":\"https:\\\/\\\/pagesigasso.com\\\/ca\\\/detectius-figueres#primaryimage\",\"url\":\"https:\\\/\\\/pagesigasso.com\\\/wp-content\\\/uploads\\\/2022\\\/11\\\/Detective_figueres.jpg\",\"contentUrl\":\"https:\\\/\\\/pagesigasso.com\\\/wp-content\\\/uploads\\\/2022\\\/11\\\/Detective_figueres.jpg\",\"width\":1920,\"height\":1316},{\"@type\":\"WebSite\",\"@id\":\"https:\\\/\\\/pagesigasso.com\\\/ca#website\",\"url\":\"https:\\\/\\\/pagesigasso.com\\\/ca\",\"name\":\"\",\"description\":\"Detectives Privados\",\"publisher\":{\"@id\":\"https:\\\/\\\/pagesigasso.com\\\/ca#organization\"},\"potentialAction\":[{\"@type\":\"SearchAction\",\"target\":{\"@type\":\"EntryPoint\",\"urlTemplate\":\"https:\\\/\\\/pagesigasso.com\\\/ca?s={search_term_string}\"},\"query-input\":{\"@type\":\"PropertyValueSpecification\",\"valueRequired\":true,\"valueName\":\"search_term_string\"}}],\"inLanguage\":\"ca\"},{\"@type\":\"Organization\",\"@id\":\"https:\\\/\\\/pagesigasso.com\\\/ca#organization\",\"name\":\"Pag\u00e8s & Gass\u00f3\",\"url\":\"https:\\\/\\\/pagesigasso.com\\\/ca\",\"logo\":{\"@type\":\"ImageObject\",\"inLanguage\":\"ca\",\"@id\":\"https:\\\/\\\/pagesigasso.com\\\/ca#\\\/schema\\\/logo\\\/image\\\/\",\"url\":\"https:\\\/\\\/pagesigasso.com\\\/wp-content\\\/uploads\\\/2022\\\/05\\\/cropped-logo_pages_i_gasso_detectives.webp\",\"contentUrl\":\"https:\\\/\\\/pagesigasso.com\\\/wp-content\\\/uploads\\\/2022\\\/05\\\/cropped-logo_pages_i_gasso_detectives.webp\",\"width\":1685,\"height\":337,\"caption\":\"Pag\u00e8s & Gass\u00f3\"},\"image\":{\"@id\":\"https:\\\/\\\/pagesigasso.com\\\/ca#\\\/schema\\\/logo\\\/image\\\/\"},\"sameAs\":[\"https:\\\/\\\/www.facebook.com\\\/Detectius.Pages.i.Gasso\",\"https:\\\/\\\/www.linkedin.com\\\/company\\\/detectius-pages-gasso\\\/about\\\/\"]}]}<\/script>\n<!-- \/ Yoast SEO Premium plugin. -->","yoast_head_json":{"title":"Detectiu Figueres - Pag\u00e8s & Gass\u00f3","description":"A Pag\u00e8s & Gass\u00f3 treballem com a detectius a Figueres en qualsevol tipus casos i de recerca privada. Truqui'ns sense comprom\u00eds.","robots":{"index":"index","follow":"follow","max-snippet":"max-snippet:-1","max-image-preview":"max-image-preview:large","max-video-preview":"max-video-preview:-1"},"canonical":"https:\/\/pagesigasso.com\/ca\/detectius-figueres","og_locale":"ca_ES","og_type":"article","og_title":"Detectiu Figueres - Pag\u00e8s & Gass\u00f3","og_description":"A Pag\u00e8s & Gass\u00f3 treballem com a detectius a Figueres en qualsevol tipus casos i de recerca privada. Truqui'ns sense comprom\u00eds.","og_url":"https:\/\/pagesigasso.com\/ca\/detectius-figueres","article_publisher":"https:\/\/www.facebook.com\/Detectius.Pages.i.Gasso","article_modified_time":"2024-06-25T13:57:08+00:00","og_image":[{"width":1920,"height":1316,"url":"https:\/\/pagesigasso.com\/wp-content\/uploads\/2022\/11\/Detective_figueres.jpg","type":"image\/jpeg"}],"twitter_card":"summary_large_image","twitter_misc":{"Temps estimat de lectura":"2 minuts"},"schema":{"@context":"https:\/\/schema.org","@graph":[{"@type":"WebPage","@id":"https:\/\/pagesigasso.com\/ca\/detectius-figueres","url":"https:\/\/pagesigasso.com\/ca\/detectius-figueres","name":"Detectiu Figueres - Pag\u00e8s & Gass\u00f3","isPartOf":{"@id":"https:\/\/pagesigasso.com\/ca#website"},"primaryImageOfPage":{"@id":"https:\/\/pagesigasso.com\/ca\/detectius-figueres#primaryimage"},"image":{"@id":"https:\/\/pagesigasso.com\/ca\/detectius-figueres#primaryimage"},"thumbnailUrl":"https:\/\/pagesigasso.com\/wp-content\/uploads\/2022\/11\/Detective_figueres.jpg","datePublished":"2022-11-01T10:56:32+00:00","dateModified":"2024-06-25T13:57:08+00:00","description":"A Pag\u00e8s & Gass\u00f3 treballem com a detectius a Figueres en qualsevol tipus casos i de recerca privada. Truqui'ns sense comprom\u00eds.","inLanguage":"ca","potentialAction":[{"@type":"ReadAction","target":["https:\/\/pagesigasso.com\/ca\/detectius-figueres"]}]},{"@type":"ImageObject","inLanguage":"ca","@id":"https:\/\/pagesigasso.com\/ca\/detectius-figueres#primaryimage","url":"https:\/\/pagesigasso.com\/wp-content\/uploads\/2022\/11\/Detective_figueres.jpg","contentUrl":"https:\/\/pagesigasso.com\/wp-content\/uploads\/2022\/11\/Detective_figueres.jpg","width":1920,"height":1316},{"@type":"WebSite","@id":"https:\/\/pagesigasso.com\/ca#website","url":"https:\/\/pagesigasso.com\/ca","name":"","description":"Detectives Privados","publisher":{"@id":"https:\/\/pagesigasso.com\/ca#organization"},"potentialAction":[{"@type":"SearchAction","target":{"@type":"EntryPoint","urlTemplate":"https:\/\/pagesigasso.com\/ca?s={search_term_string}"},"query-input":{"@type":"PropertyValueSpecification","valueRequired":true,"valueName":"search_term_string"}}],"inLanguage":"ca"},{"@type":"Organization","@id":"https:\/\/pagesigasso.com\/ca#organization","name":"Pag\u00e8s & Gass\u00f3","url":"https:\/\/pagesigasso.com\/ca","logo":{"@type":"ImageObject","inLanguage":"ca","@id":"https:\/\/pagesigasso.com\/ca#\/schema\/logo\/image\/","url":"https:\/\/pagesigasso.com\/wp-content\/uploads\/2022\/05\/cropped-logo_pages_i_gasso_detectives.webp","contentUrl":"https:\/\/pagesigasso.com\/wp-content\/uploads\/2022\/05\/cropped-logo_pages_i_gasso_detectives.webp","width":1685,"height":337,"caption":"Pag\u00e8s & Gass\u00f3"},"image":{"@id":"https:\/\/pagesigasso.com\/ca#\/schema\/logo\/image\/"},"sameAs":["https:\/\/www.facebook.com\/Detectius.Pages.i.Gasso","https:\/\/www.linkedin.com\/company\/detectius-pages-gasso\/about\/"]}]}},"_links":{"self":[{"href":"https:\/\/pagesigasso.com\/ca\/wp-json\/wp\/v2\/pages\/6234","targetHints":{"allow":["GET"]}}],"collection":[{"href":"https:\/\/pagesigasso.com\/ca\/wp-json\/wp\/v2\/pages"}],"about":[{"href":"https:\/\/pagesigasso.com\/ca\/wp-json\/wp\/v2\/types\/page"}],"author":[{"embeddable":true,"href":"https:\/\/pagesigasso.com\/ca\/wp-json\/wp\/v2\/users\/1"}],"replies":[{"embeddable":true,"href":"https:\/\/pagesigasso.com\/ca\/wp-json\/wp\/v2\/comments?post=6234"}],"version-history":[{"count":0,"href":"https:\/\/pagesigasso.com\/ca\/wp-json\/wp\/v2\/pages\/6234\/revisions"}],"wp:featuredmedia":[{"embeddable":true,"href":"https:\/\/pagesigasso.com\/ca\/wp-json\/wp\/v2\/media\/6178"}],"wp:attachment":[{"href":"https:\/\/pagesigasso.com\/ca\/wp-json\/wp\/v2\/media?parent=6234"}],"curies":[{"name":"wp","href":"https:\/\/api.w.org\/{rel}","templated":true}]}}