{"id":6224,"date":"2021-07-18T02:07:54","date_gmt":"2021-07-18T02:07:54","guid":{"rendered":"https:\/\/pagesigasso.com\/contratar-a-un-detective"},"modified":"2024-06-25T13:52:36","modified_gmt":"2024-06-25T13:52:36","slug":"contractar-un-detectiu","status":"publish","type":"page","link":"https:\/\/pagesigasso.com\/ca\/contractar-un-detectiu","title":{"rendered":"Contacte"},"content":{"rendered":"<div class=\"gb-container gb-container-2f700e7f\"><div class=\"gb-inside-container\">\r\n\r\n<div class=\"gb-grid-wrapper gb-grid-wrapper-75b32420\">\r\n\r\n<div class=\"gb-grid-column gb-grid-column-78671382\"><div class=\"gb-container gb-container-78671382\"><div class=\"gb-inside-container\">\r\n\r\n<div class=\"gb-container gb-container-9c323e47\"><div class=\"gb-inside-container\">\r\n\r\n\r\n<h2 class=\"gb-headline gb-headline-7999f772 gb-headline-text\">Contractar un Detectiu<\/h2>\r\n\r\n\r\n\r\n<h2 class=\"gb-headline gb-headline-8779dfe4\">\u00a0<\/h2>\r\n\r\n\r\n\r\n<p class=\"has-text-align-center has-contrast-4-color has-text-color\">Estem preparats per ajudar-vos en qualsevol tipus de recerca. Assumptes particulars o laborals a qualsevol tipus d&#8217;entorn.<\/p>\r\n\r\n\r\n<div class=\"gb-container gb-container-80b0f783\"><div class=\"gb-inside-container\">\r\n\r\n\r\n<p class=\"gb-headline gb-headline-57980a11 gb-headline-text\">\n<div class=\"wpcf7 no-js\" id=\"wpcf7-f6389-o1\" lang=\"ca\" dir=\"ltr\" data-wpcf7-id=\"6389\">\n<div class=\"screen-reader-response\"><p role=\"status\" aria-live=\"polite\" aria-atomic=\"true\"><\/p> <ul><\/ul><\/div>\n<form action=\"\/ca\/wp-json\/wp\/v2\/pages\/6224#wpcf7-f6389-o1\" method=\"post\" class=\"wpcf7-form init\" aria-label=\"Formulari de contacte\" novalidate=\"novalidate\" data-status=\"init\">\n<fieldset class=\"hidden-fields-container\"><input type=\"hidden\" name=\"_wpcf7\" value=\"6389\" \/><input type=\"hidden\" name=\"_wpcf7_version\" value=\"6.1.5\" \/><input type=\"hidden\" name=\"_wpcf7_locale\" value=\"ca\" \/><input type=\"hidden\" name=\"_wpcf7_unit_tag\" value=\"wpcf7-f6389-o1\" \/><input type=\"hidden\" name=\"_wpcf7_container_post\" value=\"0\" \/><input type=\"hidden\" name=\"_wpcf7_posted_data_hash\" value=\"\" \/><input type=\"hidden\" name=\"_wpcf7_recaptcha_response\" value=\"\" \/>\n<\/fieldset>\n<p><label> Nom<br \/>\n<span class=\"wpcf7-form-control-wrap\" data-name=\"your-name\"><input size=\"40\" maxlength=\"400\" class=\"wpcf7-form-control wpcf7-text wpcf7-validates-as-required\" aria-required=\"true\" aria-invalid=\"false\" value=\"\" type=\"text\" name=\"your-name\" \/><\/span> <\/label>\n<\/p>\n<p><label> Email<br \/>\n<span class=\"wpcf7-form-control-wrap\" data-name=\"your-email\"><input size=\"40\" maxlength=\"400\" class=\"wpcf7-form-control wpcf7-email wpcf7-validates-as-required wpcf7-text wpcf7-validates-as-email\" aria-required=\"true\" aria-invalid=\"false\" value=\"\" type=\"email\" name=\"your-email\" \/><\/span> <\/label>\n<\/p>\n<p><label> Assumpte<br \/>\n<span class=\"wpcf7-form-control-wrap\" data-name=\"your-subject\"><input size=\"40\" maxlength=\"400\" class=\"wpcf7-form-control wpcf7-text wpcf7-validates-as-required\" aria-required=\"true\" aria-invalid=\"false\" value=\"\" type=\"text\" name=\"your-subject\" \/><\/span> <\/label>\n<\/p>\n<p><label> Missatge (opcional)<br \/>\n<span class=\"wpcf7-form-control-wrap\" data-name=\"your-message\"><textarea cols=\"40\" rows=\"10\" maxlength=\"2000\" class=\"wpcf7-form-control wpcf7-textarea\" aria-invalid=\"false\" name=\"your-message\"><\/textarea><\/span> <\/label><br \/>\n<br \/>\n<input class=\"wpcf7-form-control wpcf7-submit has-spinner\" type=\"submit\" value=\"Enviar\" \/>\n<\/p><div class=\"wpcf7-response-output\" aria-hidden=\"true\"><\/div>\n<\/form>\n<\/div>\n<\/p>\r\n<\/div><\/div><\/div><\/div>\r\n\r\n\r\n<p>&nbsp;<\/p>\r\n<\/div><\/div><\/div>\r\n\r\n<div class=\"gb-grid-column gb-grid-column-d5af91d3\"><div class=\"gb-container gb-container-d5af91d3\"><div class=\"gb-inside-container\">\r\n\r\n\r\n<h2 class=\"gb-headline gb-headline-7fdc32dc heading-icon-reversed\">Detectius catalunya<\/h2>\r\n\r\n\r\n\r\n<h3 class=\"gb-headline gb-headline-d07c52b5 gb-headline-text\">Detectius amb oficines a les prov\u00edncies de Girona i Barcelona<\/h3>\r\n\r\n\r\n\r\n<p class=\"gb-headline gb-headline-2b6b82fe gb-headline-text\">Sabem perfectament que la seva situaci\u00f3 pot ser cr\u00edtica i en qualsevol moment. Per aix\u00f2 podeu contactar amb nosaltres qualsevol dia a qualsevol hora. Oferim cobertura a qualsevol qualsevol lloc encara que pot trobar detectius de Pag\u00e8s i Gass\u00f3 a Girona capital o Figueres, o b\u00e9 a Barcelona, \u200b\u200bVic, Matar\u00f3 o Maresme. Som aqu\u00ed per ajudar-lo<\/p>\r\n\r\n\r\n\r\n<p class=\"gb-headline gb-headline-18cf0f46\"><span class=\"gb-headline-text\"><strong><a href=\"tel:972 21 10 00\" target=\"_blank\" rel=\"noreferrer noopener\">972 21 10 00<\/a> &#8211; Girona<\/strong><\/span><\/p>\r\n\r\n\r\n\r\n<p class=\"gb-headline gb-headline-81b358d4\"><span class=\"gb-headline-text\"><strong><a href=\"tel:972 21 10 00\" target=\"_blank\" rel=\"noreferrer noopener\">972 67 65 68<\/a> &#8211; Figueres<\/strong><\/span><\/p>\r\n\r\n\r\n\r\n<p class=\"gb-headline gb-headline-7de8effb\"><span class=\"gb-headline-text\"><strong><a href=\"tel:972 21 10 00\" target=\"_blank\" rel=\"noreferrer noopener\">938 83 28 33<\/a> &#8211; Vic i Manresa<\/strong><\/span><\/p>\r\n\r\n\r\n\r\n<p class=\"gb-headline gb-headline-77f6718e\"><span class=\"gb-headline-text\"><strong><a href=\"tel:972 21 10 00\" target=\"_blank\" rel=\"noreferrer noopener\">937 67 27 04<\/a> &#8211; Matar\u00f3<\/strong><\/span><\/p>\r\n\r\n\r\n\r\n<p class=\"gb-headline gb-headline-be4a6043\"><span class=\"gb-headline-text\"> <a href=\"mailto:info@pagesigasso.com\" target=\"_blank\" rel=\"noreferrer noopener\">i<strong>nfo@pagesigasso.com<\/strong><\/a><\/span><\/p>\r\n\r\n\r\n\r\n<p class=\"gb-headline gb-headline-cca806dc\"><span class=\"gb-headline-text\"><strong><a href=\"https:\/\/pagesigasso.com\/ca\/detectius-a-girona\">Detectius Girona<\/a> &#8211; <a href=\"https:\/\/pagesigasso.com\/ca\/detectius-a-barcelona\">Detectius Barcelona<\/a><\/strong><\/span><\/p>\r\n\r\n\r\n<div class=\"gb-button-wrapper gb-button-wrapper-d5197e69\">\r\n\r\n\r\n<p>&nbsp;<\/p>\r\n\r\n\r\n\r\n<p>&nbsp;<\/p>\r\n<\/div><\/div><\/div><\/div><\/div><\/div><\/div>","protected":false},"excerpt":{"rendered":"","protected":false},"author":1,"featured_media":6130,"parent":0,"menu_order":0,"comment_status":"closed","ping_status":"closed","template":"","meta":{"footnotes":""},"class_list":["post-6224","page","type-page","status-publish","has-post-thumbnail"],"yoast_head":"<!-- This site is optimized with the Yoast SEO Premium plugin v18.4 (Yoast SEO v27.3) - https:\/\/yoast.com\/product\/yoast-seo-premium-wordpress\/ -->\n<title>Contractar un Detectiu? - Detectius Privats Pag\u00e8s &amp; Gass\u00f3<\/title>\n<meta name=\"description\" content=\"Si busqueu contractar un detectiu des de Pag\u00e8s &amp; Gass\u00f3 us ajudarem en qualsevol investigaci\u00f3 privada i de qualsevol \u00e0mbit.\" \/>\n<meta name=\"robots\" content=\"index, follow, max-snippet:-1, max-image-preview:large, max-video-preview:-1\" \/>\n<link rel=\"canonical\" href=\"https:\/\/pagesigasso.com\/ca\/contractar-un-detectiu\" \/>\n<meta property=\"og:locale\" content=\"ca_ES\" \/>\n<meta property=\"og:type\" content=\"article\" \/>\n<meta property=\"og:title\" content=\"Contractar un Detectiu? - Detectius Privats Pag\u00e8s &amp; Gass\u00f3\" \/>\n<meta property=\"og:description\" content=\"Si busqueu contractar un detectiu des de Pag\u00e8s &amp; Gass\u00f3 us ajudarem en qualsevol investigaci\u00f3 privada i de qualsevol \u00e0mbit.\" \/>\n<meta property=\"og:url\" content=\"https:\/\/pagesigasso.com\/ca\/contractar-un-detectiu\" \/>\n<meta property=\"article:publisher\" content=\"https:\/\/www.facebook.com\/Detectius.Pages.i.Gasso\" \/>\n<meta property=\"article:modified_time\" content=\"2024-06-25T13:52:36+00:00\" \/>\n<meta property=\"og:image\" content=\"https:\/\/pagesigasso.com\/wp-content\/uploads\/2021\/07\/contact.jpg\" \/>\n\t<meta property=\"og:image:width\" content=\"1920\" \/>\n\t<meta property=\"og:image:height\" content=\"1280\" \/>\n\t<meta property=\"og:image:type\" content=\"image\/jpeg\" \/>\n<meta name=\"twitter:card\" content=\"summary_large_image\" \/>\n<meta name=\"twitter:label1\" content=\"Temps estimat de lectura\" \/>\n\t<meta name=\"twitter:data1\" content=\"1 minut\" \/>\n<script type=\"application\/ld+json\" class=\"yoast-schema-graph\">{\"@context\":\"https:\\\/\\\/schema.org\",\"@graph\":[{\"@type\":\"WebPage\",\"@id\":\"https:\\\/\\\/pagesigasso.com\\\/ca\\\/contractar-un-detectiu\",\"url\":\"https:\\\/\\\/pagesigasso.com\\\/ca\\\/contractar-un-detectiu\",\"name\":\"Contractar un Detectiu? - Detectius Privats Pag\u00e8s & Gass\u00f3\",\"isPartOf\":{\"@id\":\"https:\\\/\\\/pagesigasso.com\\\/ca#website\"},\"primaryImageOfPage\":{\"@id\":\"https:\\\/\\\/pagesigasso.com\\\/ca\\\/contractar-un-detectiu#primaryimage\"},\"image\":{\"@id\":\"https:\\\/\\\/pagesigasso.com\\\/ca\\\/contractar-un-detectiu#primaryimage\"},\"thumbnailUrl\":\"https:\\\/\\\/pagesigasso.com\\\/wp-content\\\/uploads\\\/2021\\\/07\\\/contact.jpg\",\"datePublished\":\"2021-07-18T02:07:54+00:00\",\"dateModified\":\"2024-06-25T13:52:36+00:00\",\"description\":\"Si busqueu contractar un detectiu des de Pag\u00e8s & Gass\u00f3 us ajudarem en qualsevol investigaci\u00f3 privada i de qualsevol \u00e0mbit.\",\"inLanguage\":\"ca\",\"potentialAction\":[{\"@type\":\"ReadAction\",\"target\":[\"https:\\\/\\\/pagesigasso.com\\\/ca\\\/contractar-un-detectiu\"]}]},{\"@type\":\"ImageObject\",\"inLanguage\":\"ca\",\"@id\":\"https:\\\/\\\/pagesigasso.com\\\/ca\\\/contractar-un-detectiu#primaryimage\",\"url\":\"https:\\\/\\\/pagesigasso.com\\\/wp-content\\\/uploads\\\/2021\\\/07\\\/contact.jpg\",\"contentUrl\":\"https:\\\/\\\/pagesigasso.com\\\/wp-content\\\/uploads\\\/2021\\\/07\\\/contact.jpg\",\"width\":1920,\"height\":1280},{\"@type\":\"WebSite\",\"@id\":\"https:\\\/\\\/pagesigasso.com\\\/ca#website\",\"url\":\"https:\\\/\\\/pagesigasso.com\\\/ca\",\"name\":\"\",\"description\":\"Detectives Privados\",\"publisher\":{\"@id\":\"https:\\\/\\\/pagesigasso.com\\\/ca#organization\"},\"potentialAction\":[{\"@type\":\"SearchAction\",\"target\":{\"@type\":\"EntryPoint\",\"urlTemplate\":\"https:\\\/\\\/pagesigasso.com\\\/ca?s={search_term_string}\"},\"query-input\":{\"@type\":\"PropertyValueSpecification\",\"valueRequired\":true,\"valueName\":\"search_term_string\"}}],\"inLanguage\":\"ca\"},{\"@type\":\"Organization\",\"@id\":\"https:\\\/\\\/pagesigasso.com\\\/ca#organization\",\"name\":\"Pag\u00e8s & Gass\u00f3\",\"url\":\"https:\\\/\\\/pagesigasso.com\\\/ca\",\"logo\":{\"@type\":\"ImageObject\",\"inLanguage\":\"ca\",\"@id\":\"https:\\\/\\\/pagesigasso.com\\\/ca#\\\/schema\\\/logo\\\/image\\\/\",\"url\":\"https:\\\/\\\/pagesigasso.com\\\/wp-content\\\/uploads\\\/2022\\\/05\\\/cropped-logo_pages_i_gasso_detectives.webp\",\"contentUrl\":\"https:\\\/\\\/pagesigasso.com\\\/wp-content\\\/uploads\\\/2022\\\/05\\\/cropped-logo_pages_i_gasso_detectives.webp\",\"width\":1685,\"height\":337,\"caption\":\"Pag\u00e8s & Gass\u00f3\"},\"image\":{\"@id\":\"https:\\\/\\\/pagesigasso.com\\\/ca#\\\/schema\\\/logo\\\/image\\\/\"},\"sameAs\":[\"https:\\\/\\\/www.facebook.com\\\/Detectius.Pages.i.Gasso\",\"https:\\\/\\\/www.linkedin.com\\\/company\\\/detectius-pages-gasso\\\/about\\\/\"]}]}<\/script>\n<!-- \/ Yoast SEO Premium plugin. -->","yoast_head_json":{"title":"Contractar un Detectiu? - Detectius Privats Pag\u00e8s & Gass\u00f3","description":"Si busqueu contractar un detectiu des de Pag\u00e8s & Gass\u00f3 us ajudarem en qualsevol investigaci\u00f3 privada i de qualsevol \u00e0mbit.","robots":{"index":"index","follow":"follow","max-snippet":"max-snippet:-1","max-image-preview":"max-image-preview:large","max-video-preview":"max-video-preview:-1"},"canonical":"https:\/\/pagesigasso.com\/ca\/contractar-un-detectiu","og_locale":"ca_ES","og_type":"article","og_title":"Contractar un Detectiu? - Detectius Privats Pag\u00e8s & Gass\u00f3","og_description":"Si busqueu contractar un detectiu des de Pag\u00e8s & Gass\u00f3 us ajudarem en qualsevol investigaci\u00f3 privada i de qualsevol \u00e0mbit.","og_url":"https:\/\/pagesigasso.com\/ca\/contractar-un-detectiu","article_publisher":"https:\/\/www.facebook.com\/Detectius.Pages.i.Gasso","article_modified_time":"2024-06-25T13:52:36+00:00","og_image":[{"width":1920,"height":1280,"url":"https:\/\/pagesigasso.com\/wp-content\/uploads\/2021\/07\/contact.jpg","type":"image\/jpeg"}],"twitter_card":"summary_large_image","twitter_misc":{"Temps estimat de lectura":"1 minut"},"schema":{"@context":"https:\/\/schema.org","@graph":[{"@type":"WebPage","@id":"https:\/\/pagesigasso.com\/ca\/contractar-un-detectiu","url":"https:\/\/pagesigasso.com\/ca\/contractar-un-detectiu","name":"Contractar un Detectiu? - Detectius Privats Pag\u00e8s & Gass\u00f3","isPartOf":{"@id":"https:\/\/pagesigasso.com\/ca#website"},"primaryImageOfPage":{"@id":"https:\/\/pagesigasso.com\/ca\/contractar-un-detectiu#primaryimage"},"image":{"@id":"https:\/\/pagesigasso.com\/ca\/contractar-un-detectiu#primaryimage"},"thumbnailUrl":"https:\/\/pagesigasso.com\/wp-content\/uploads\/2021\/07\/contact.jpg","datePublished":"2021-07-18T02:07:54+00:00","dateModified":"2024-06-25T13:52:36+00:00","description":"Si busqueu contractar un detectiu des de Pag\u00e8s & Gass\u00f3 us ajudarem en qualsevol investigaci\u00f3 privada i de qualsevol \u00e0mbit.","inLanguage":"ca","potentialAction":[{"@type":"ReadAction","target":["https:\/\/pagesigasso.com\/ca\/contractar-un-detectiu"]}]},{"@type":"ImageObject","inLanguage":"ca","@id":"https:\/\/pagesigasso.com\/ca\/contractar-un-detectiu#primaryimage","url":"https:\/\/pagesigasso.com\/wp-content\/uploads\/2021\/07\/contact.jpg","contentUrl":"https:\/\/pagesigasso.com\/wp-content\/uploads\/2021\/07\/contact.jpg","width":1920,"height":1280},{"@type":"WebSite","@id":"https:\/\/pagesigasso.com\/ca#website","url":"https:\/\/pagesigasso.com\/ca","name":"","description":"Detectives Privados","publisher":{"@id":"https:\/\/pagesigasso.com\/ca#organization"},"potentialAction":[{"@type":"SearchAction","target":{"@type":"EntryPoint","urlTemplate":"https:\/\/pagesigasso.com\/ca?s={search_term_string}"},"query-input":{"@type":"PropertyValueSpecification","valueRequired":true,"valueName":"search_term_string"}}],"inLanguage":"ca"},{"@type":"Organization","@id":"https:\/\/pagesigasso.com\/ca#organization","name":"Pag\u00e8s & Gass\u00f3","url":"https:\/\/pagesigasso.com\/ca","logo":{"@type":"ImageObject","inLanguage":"ca","@id":"https:\/\/pagesigasso.com\/ca#\/schema\/logo\/image\/","url":"https:\/\/pagesigasso.com\/wp-content\/uploads\/2022\/05\/cropped-logo_pages_i_gasso_detectives.webp","contentUrl":"https:\/\/pagesigasso.com\/wp-content\/uploads\/2022\/05\/cropped-logo_pages_i_gasso_detectives.webp","width":1685,"height":337,"caption":"Pag\u00e8s & Gass\u00f3"},"image":{"@id":"https:\/\/pagesigasso.com\/ca#\/schema\/logo\/image\/"},"sameAs":["https:\/\/www.facebook.com\/Detectius.Pages.i.Gasso","https:\/\/www.linkedin.com\/company\/detectius-pages-gasso\/about\/"]}]}},"_links":{"self":[{"href":"https:\/\/pagesigasso.com\/ca\/wp-json\/wp\/v2\/pages\/6224","targetHints":{"allow":["GET"]}}],"collection":[{"href":"https:\/\/pagesigasso.com\/ca\/wp-json\/wp\/v2\/pages"}],"about":[{"href":"https:\/\/pagesigasso.com\/ca\/wp-json\/wp\/v2\/types\/page"}],"author":[{"embeddable":true,"href":"https:\/\/pagesigasso.com\/ca\/wp-json\/wp\/v2\/users\/1"}],"replies":[{"embeddable":true,"href":"https:\/\/pagesigasso.com\/ca\/wp-json\/wp\/v2\/comments?post=6224"}],"version-history":[{"count":0,"href":"https:\/\/pagesigasso.com\/ca\/wp-json\/wp\/v2\/pages\/6224\/revisions"}],"wp:featuredmedia":[{"embeddable":true,"href":"https:\/\/pagesigasso.com\/ca\/wp-json\/wp\/v2\/media\/6130"}],"wp:attachment":[{"href":"https:\/\/pagesigasso.com\/ca\/wp-json\/wp\/v2\/media?parent=6224"}],"curies":[{"name":"wp","href":"https:\/\/api.w.org\/{rel}","templated":true}]}}