{"id":6220,"date":"2022-04-23T16:57:08","date_gmt":"2022-04-23T16:57:08","guid":{"rendered":"https:\/\/pagesigasso.com\/detectives-informaticos"},"modified":"2024-06-25T13:57:53","modified_gmt":"2024-06-25T13:57:53","slug":"detectius-informatics","status":"publish","type":"page","link":"https:\/\/pagesigasso.com\/ca\/detectius-informatics","title":{"rendered":"Detectius inform\u00e0tics"},"content":{"rendered":"\r\n<p class=\"gb-headline gb-headline-4ca5e7e6 gb-headline-text\">Les tecnologies s\u00f3n les m\u00e9s utilitzades per al flux d&#8217;informaci\u00f3 entre persones i m\u00e0quines, ordinadors, m\u00f2bils fins i tot servidors. Compleixen la funci\u00f3 de comunicar-nos i la d&#8217;emmagatzemar informaci\u00f3 que tot i que siguin esborrades aparentment, deixen empremtes en format de codi i en la gran majoria de casos, informaci\u00f3 recuperable gr\u00e0cies a la mem\u00f2ria cau i l&#8217;emmagatzematge als servidors.<\/p>\r\n\r\n\r\n<div class=\"gb-grid-wrapper gb-grid-wrapper-27c08903\">\r\n\r\n<div class=\"gb-grid-column gb-grid-column-a28932df\"><div class=\"gb-container gb-container-a28932df\"><div class=\"gb-inside-container\">\r\n\r\n<div class=\"gb-container gb-container-041550f3\"><div class=\"gb-inside-container\"><\/div><\/div>\r\n\r\n\r\n<h3 class=\"gb-headline gb-headline-7c765857 gb-headline-text\">Robatori d&#8217;informaci\u00f3 confidencial<\/h3>\r\n\r\n\r\n\r\n<p>Les empreses tracten amb informaci\u00f3 confidencial que pot f\u00e0cilment parar a mans de tercers. Sempre es recomana utilitzar m\u00e8todes de protecci\u00f3 de dades que evitin aquesta escapada d&#8217;informaci\u00f3 en els dispositius ja sigui volunt\u00e0riament, per p\u00e8rdua o robatori.<\/p>\r\n\r\n\r\n\r\n<p>L&#8217;ab\u00fas de poder per part dels empleats pot ser de valor per a la compet\u00e8ncia fins i tot internament entre empreses amb la finalitat de fer un mal \u00fas fins i tot el de cometre un delicte perfectament investigat.<\/p>\r\n<\/div><\/div><\/div>\r\n\r\n<div class=\"gb-grid-column gb-grid-column-9dca584a\"><div class=\"gb-container gb-container-9dca584a\"><div class=\"gb-inside-container\">\r\n\r\n<div class=\"gb-container gb-container-e5b2167a\"><div class=\"gb-inside-container\"><\/div><\/div>\r\n\r\n\r\n<h3 class=\"gb-headline gb-headline-f53c2218 gb-headline-text\">delictes inform\u00e0tics<\/h3>\r\n\r\n\r\n\r\n<p>La facilitat a qu\u00e8 estem sotmesos a estafes mitjan\u00e7ant les tecnologies \u00e9s cada cop m\u00e9s alta. Empreses amb la finalitat d&#8217;obtenir diners i dades fan tot el possible per obtenir informaci\u00f3 mitjan\u00e7ant t\u00e8cniques de persuasi\u00f3 fins i tot amb enganys clonant entitats conegudes<\/p>\r\n\r\n\r\n\r\n<ul class=\"wp-block-list\">\r\n<li>Estafa: Robatori de la identitat o m\u00e9s conegut com a &#8220;pishing&#8221; s\u00f3n els m\u00e9s coneguts mitjan\u00e7ant SMS o email.<\/li>\r\n<li>Pornografia: exposici\u00f3 de persones no consentides a les xarxes socials. Sexting o stalking \u00e9s un dels m\u00e8todes m\u00e9s freq\u00fcents.<\/li>\r\n<li>Revelaci\u00f3 de secrets: Des de l&#8217;\u00fas sense consentiment de les comunicacions sense perm\u00eds, fins a la violaci\u00f3 de secrets. Espiar i difondre sense consentiment els dispositius d&#8217;un altre usufructuari es considera delicte, ja que vulnera els drets d&#8217;intimitat.<\/li>\r\n<\/ul>\r\n<\/div><\/div><\/div>\r\n\r\n<div class=\"gb-grid-column gb-grid-column-cd92e6a7\"><div class=\"gb-container gb-container-cd92e6a7\"><div class=\"gb-inside-container\">\r\n\r\n<div class=\"gb-container gb-container-a67491b9\"><div class=\"gb-inside-container\"><\/div><\/div>\r\n\r\n\r\n<h3 class=\"gb-headline gb-headline-67c86705 gb-headline-text\">inform\u00e0tica forense<\/h3>\r\n\r\n\r\n\r\n<p>Gaireb\u00e9 tota la informaci\u00f3 utilitzada mitjan\u00e7ant un sistema inform\u00e0tic \u00e9s possible recuperar-la gr\u00e0cies a les empremtes digitals i l&#8217;emmagatzematge als servidors.<\/p>\r\n\r\n\r\n\r\n<ul class=\"wp-block-list\">\r\n<li>Ordinadors: Gesti\u00f3 de correu electr\u00f2nic (email), programes de comunicaci\u00f3, i sistemes d&#8217;emmagatzematge al n\u00favol.<\/li>\r\n<li>Smartphones: Gesti\u00f3 d&#8217;aplicacions de comunicaci\u00f3 i emmagatzematge del dispositiu intern, extern i al cloud.<\/li>\r\n<\/ul>\r\n<\/div><\/div><\/div><\/div>\r\n\r\n<div class=\"gb-grid-column gb-grid-column-5d515bf1\"><div class=\"gb-container gb-container-5d515bf1\"><div class=\"gb-inside-container\"><\/div><\/div><\/div>\r\n\r\n\r\n<p class=\"gb-headline gb-headline-f9a38e6e gb-headline-text\">\u00a0<\/p>\r\n\r\n\r\n\r\n<div class=\"wp-block-columns is-layout-flex wp-container-core-columns-is-layout-9d6595d7 wp-block-columns-is-layout-flex\">\r\n<div class=\"wp-block-column is-layout-flow wp-block-column-is-layout-flow\"><div class=\"gb-grid-column gb-grid-column-c6494820\"><div class=\"gb-container gb-container-c6494820\"><div class=\"gb-inside-container\">\r\n\r\n<div class=\"gb-container gb-container-456e7598\"><div class=\"gb-inside-container\"><\/div><\/div>\r\n\r\n\r\n<h3 class=\"gb-headline gb-headline-78e799de gb-headline-text\">REPUTACI\u00d3 EN L\u00cdNIA<\/h3>\r\n\r\n\r\n\r\n<p>Tots coneixem els casos de treballar la nostra marca personal o empresarial a internet per obtenir una millor popularitat, per\u00f2 tamb\u00e9 hi ha el cas contrari, el d&#8217;articles, missatges o relats que no volem que apareguin sota cap concepte ni a Google, ni a les Xarxes socials ni en cap altre mitj\u00e0 dins de l&#8217;entorn web.<\/p>\r\n\r\n\r\n\r\n<ul class=\"wp-block-list\">\r\n<li>Navegadors: El m\u00e9s popular \u00e9s Google i totes les nostres paraules si no li indiquem el contrari s\u00f3n indexades pels Google Bots. Podem haver-ho publicat nosaltres mateixos o mitjans externs amb la finalitat de lucrar-se de la nostra popularitat i d&#8217;empitjorar la nostra reputaci\u00f3 a internet.<\/li>\r\n<li>Xarxes Socials: FaceBook, Twitter,&#8230;emmagatzema i publica tots els nostres comentaris, fins i tot havent-los esborrat segueixen estant als seus servidors. De la mateixa manera si alg\u00fa ens esmenta en el seu nom, investigar i eliminar el rastre pot ser una tasca complicada.<\/li>\r\n<li>Mitjans Digitals: De la mateixa manera que tot el que est\u00e0 escrit s&#8217;emmagatzema a internet, el nostre nom i la nostra marca mencionats en canals audiovisuals tamb\u00e9, si \u00e9s utilitzat per danyar la nostra imatge pot ser un gran problema.<\/li>\r\n<\/ul>\r\n\r\n\r\n\r\n<p>&nbsp;<\/p>\r\n<\/div><\/div><\/div><\/div>\r\n\r\n\r\n\r\n<div class=\"wp-block-column is-layout-flow wp-block-column-is-layout-flow\"><div class=\"gb-grid-column gb-grid-column-1bc5ff58\"><div class=\"gb-container gb-container-1bc5ff58\"><div class=\"gb-inside-container\">\r\n\r\n<div class=\"gb-container gb-container-7e1d9e95\"><div class=\"gb-inside-container\"><\/div><\/div>\r\n\r\n\r\n<h3 class=\"gb-headline gb-headline-496d3218 gb-headline-text\">TELETREBALL<\/h3>\r\n\r\n\r\n\r\n<p>Els usuaris que realitzen teletreball no \u00fanicament poden dedicar m\u00e9s temps a assumptes personals fora de la llar o dom\u00e8stics que a les seves tasques dins de la feina, si no que tamb\u00e9 poden aparentment estar connectats i estar realitzant altres tasques amb dispositius m\u00e9s enll\u00e0 de la seva feina principal.<\/p>\r\n\r\n\r\n\r\n<p>Clars exemples poden ser estar jugant en l\u00ednia, formant-se, realitzant entrevistes per a la compet\u00e8ncia telem\u00e0ticament o gaudint d&#8217;algun mitj\u00e0 audiovisual.<\/p>\r\n\r\n\r\n\r\n<p>Hi ha m\u00e8todes i eines de control que ajuden a controlar l&#8217;usuari, fins i tot conscientment ajuden a ser m\u00e9s productius i no distreure&#8217;s d&#8217;altres tasques.<\/p>\r\n<\/div><\/div><\/div><\/div>\r\n<\/div>\r\n\r\n\r\n<div class=\"gb-button-wrapper gb-button-wrapper-97aa3477\">\r\n\r\n\r\n<p><a class=\"gb-button gb-button-26aa901a gb-button-text\" href=\"https:\/\/pagesigasso.com\/ca\/contractar-un-detectiu\">Contractar un Detectiu<\/a><\/p>\r\n<\/div>\r\n<p>&nbsp;<\/p>","protected":false},"excerpt":{"rendered":"<p>Les tecnologies s\u00f3n les m\u00e9s utilitzades per al flux d&#8217;informaci\u00f3 entre persones i m\u00e0quines, ordinadors, m\u00f2bils fins i tot servidors. Compleixen la funci\u00f3 de comunicar-nos i la d&#8217;emmagatzemar informaci\u00f3 que tot i que siguin esborrades aparentment, deixen empremtes en format de codi i en la gran majoria de casos, informaci\u00f3 recuperable gr\u00e0cies a la mem\u00f2ria &#8230; <a title=\"Detectius inform\u00e0tics\" class=\"read-more\" href=\"https:\/\/pagesigasso.com\/ca\/detectius-informatics\" aria-label=\"M\u00e9s informaci\u00f3 sobre Detectius inform\u00e0tics\">Read more<\/a><\/p>\n","protected":false},"author":1,"featured_media":6158,"parent":0,"menu_order":0,"comment_status":"closed","ping_status":"closed","template":"","meta":{"footnotes":""},"class_list":["post-6220","page","type-page","status-publish","has-post-thumbnail"],"yoast_head":"<!-- This site is optimized with the Yoast SEO Premium plugin v18.4 (Yoast SEO v27.2) - https:\/\/yoast.com\/product\/yoast-seo-premium-wordpress\/ -->\n<title>Detectius Inform\u00e0tics - Detectius Privats Pag\u00e8s &amp; Gass\u00f3<\/title>\n<meta name=\"description\" content=\"Com a detectius inform\u00e0tics oferim serveis d&#039;inform\u00e0tica forense, rastreig de dades i investigaci\u00f3 inform\u00e0tica en dispositius.\" \/>\n<meta name=\"robots\" content=\"index, follow, max-snippet:-1, max-image-preview:large, max-video-preview:-1\" \/>\n<link rel=\"canonical\" href=\"https:\/\/pagesigasso.com\/ca\/detectius-informatics\" \/>\n<meta property=\"og:locale\" content=\"ca_ES\" \/>\n<meta property=\"og:type\" content=\"article\" \/>\n<meta property=\"og:title\" content=\"Detectius Inform\u00e0tics - Detectius Privats Pag\u00e8s &amp; Gass\u00f3\" \/>\n<meta property=\"og:description\" content=\"Com a detectius inform\u00e0tics oferim serveis d&#039;inform\u00e0tica forense, rastreig de dades i investigaci\u00f3 inform\u00e0tica en dispositius.\" \/>\n<meta property=\"og:url\" content=\"https:\/\/pagesigasso.com\/ca\/detectius-informatics\" \/>\n<meta property=\"article:publisher\" content=\"https:\/\/www.facebook.com\/Detectius.Pages.i.Gasso\" \/>\n<meta property=\"article:modified_time\" content=\"2024-06-25T13:57:53+00:00\" \/>\n<meta property=\"og:image\" content=\"https:\/\/pagesigasso.com\/wp-content\/uploads\/2022\/04\/detective_informatico.jpg\" \/>\n\t<meta property=\"og:image:width\" content=\"640\" \/>\n\t<meta property=\"og:image:height\" content=\"426\" \/>\n\t<meta property=\"og:image:type\" content=\"image\/jpeg\" \/>\n<meta name=\"twitter:card\" content=\"summary_large_image\" \/>\n<meta name=\"twitter:label1\" content=\"Temps estimat de lectura\" \/>\n\t<meta name=\"twitter:data1\" content=\"3 minuts\" \/>\n<script type=\"application\/ld+json\" class=\"yoast-schema-graph\">{\"@context\":\"https:\/\/schema.org\",\"@graph\":[{\"@type\":\"WebPage\",\"@id\":\"https:\/\/pagesigasso.com\/ca\/detectius-informatics\",\"url\":\"https:\/\/pagesigasso.com\/ca\/detectius-informatics\",\"name\":\"Detectius Inform\u00e0tics - Detectius Privats Pag\u00e8s & Gass\u00f3\",\"isPartOf\":{\"@id\":\"https:\/\/pagesigasso.com\/ca#website\"},\"primaryImageOfPage\":{\"@id\":\"https:\/\/pagesigasso.com\/ca\/detectius-informatics#primaryimage\"},\"image\":{\"@id\":\"https:\/\/pagesigasso.com\/ca\/detectius-informatics#primaryimage\"},\"thumbnailUrl\":\"https:\/\/pagesigasso.com\/wp-content\/uploads\/2022\/04\/detective_informatico.jpg\",\"datePublished\":\"2022-04-23T16:57:08+00:00\",\"dateModified\":\"2024-06-25T13:57:53+00:00\",\"description\":\"Com a detectius inform\u00e0tics oferim serveis d'inform\u00e0tica forense, rastreig de dades i investigaci\u00f3 inform\u00e0tica en dispositius.\",\"inLanguage\":\"ca\",\"potentialAction\":[{\"@type\":\"ReadAction\",\"target\":[\"https:\/\/pagesigasso.com\/ca\/detectius-informatics\"]}]},{\"@type\":\"ImageObject\",\"inLanguage\":\"ca\",\"@id\":\"https:\/\/pagesigasso.com\/ca\/detectius-informatics#primaryimage\",\"url\":\"https:\/\/pagesigasso.com\/wp-content\/uploads\/2022\/04\/detective_informatico.jpg\",\"contentUrl\":\"https:\/\/pagesigasso.com\/wp-content\/uploads\/2022\/04\/detective_informatico.jpg\",\"width\":640,\"height\":426},{\"@type\":\"WebSite\",\"@id\":\"https:\/\/pagesigasso.com\/ca#website\",\"url\":\"https:\/\/pagesigasso.com\/ca\",\"name\":\"\",\"description\":\"Detectives Privados\",\"publisher\":{\"@id\":\"https:\/\/pagesigasso.com\/ca#organization\"},\"potentialAction\":[{\"@type\":\"SearchAction\",\"target\":{\"@type\":\"EntryPoint\",\"urlTemplate\":\"https:\/\/pagesigasso.com\/ca?s={search_term_string}\"},\"query-input\":{\"@type\":\"PropertyValueSpecification\",\"valueRequired\":true,\"valueName\":\"search_term_string\"}}],\"inLanguage\":\"ca\"},{\"@type\":\"Organization\",\"@id\":\"https:\/\/pagesigasso.com\/ca#organization\",\"name\":\"Pag\u00e8s & Gass\u00f3\",\"url\":\"https:\/\/pagesigasso.com\/ca\",\"logo\":{\"@type\":\"ImageObject\",\"inLanguage\":\"ca\",\"@id\":\"https:\/\/pagesigasso.com\/ca#\/schema\/logo\/image\/\",\"url\":\"https:\/\/pagesigasso.com\/wp-content\/uploads\/2022\/05\/cropped-logo_pages_i_gasso_detectives.webp\",\"contentUrl\":\"https:\/\/pagesigasso.com\/wp-content\/uploads\/2022\/05\/cropped-logo_pages_i_gasso_detectives.webp\",\"width\":1685,\"height\":337,\"caption\":\"Pag\u00e8s & Gass\u00f3\"},\"image\":{\"@id\":\"https:\/\/pagesigasso.com\/ca#\/schema\/logo\/image\/\"},\"sameAs\":[\"https:\/\/www.facebook.com\/Detectius.Pages.i.Gasso\",\"https:\/\/www.linkedin.com\/company\/detectius-pages-gasso\/about\/\"]}]}<\/script>\n<!-- \/ Yoast SEO Premium plugin. -->","yoast_head_json":{"title":"Detectius Inform\u00e0tics - Detectius Privats Pag\u00e8s & Gass\u00f3","description":"Com a detectius inform\u00e0tics oferim serveis d'inform\u00e0tica forense, rastreig de dades i investigaci\u00f3 inform\u00e0tica en dispositius.","robots":{"index":"index","follow":"follow","max-snippet":"max-snippet:-1","max-image-preview":"max-image-preview:large","max-video-preview":"max-video-preview:-1"},"canonical":"https:\/\/pagesigasso.com\/ca\/detectius-informatics","og_locale":"ca_ES","og_type":"article","og_title":"Detectius Inform\u00e0tics - Detectius Privats Pag\u00e8s & Gass\u00f3","og_description":"Com a detectius inform\u00e0tics oferim serveis d'inform\u00e0tica forense, rastreig de dades i investigaci\u00f3 inform\u00e0tica en dispositius.","og_url":"https:\/\/pagesigasso.com\/ca\/detectius-informatics","article_publisher":"https:\/\/www.facebook.com\/Detectius.Pages.i.Gasso","article_modified_time":"2024-06-25T13:57:53+00:00","og_image":[{"width":640,"height":426,"url":"https:\/\/pagesigasso.com\/wp-content\/uploads\/2022\/04\/detective_informatico.jpg","type":"image\/jpeg"}],"twitter_card":"summary_large_image","twitter_misc":{"Temps estimat de lectura":"3 minuts"},"schema":{"@context":"https:\/\/schema.org","@graph":[{"@type":"WebPage","@id":"https:\/\/pagesigasso.com\/ca\/detectius-informatics","url":"https:\/\/pagesigasso.com\/ca\/detectius-informatics","name":"Detectius Inform\u00e0tics - Detectius Privats Pag\u00e8s & Gass\u00f3","isPartOf":{"@id":"https:\/\/pagesigasso.com\/ca#website"},"primaryImageOfPage":{"@id":"https:\/\/pagesigasso.com\/ca\/detectius-informatics#primaryimage"},"image":{"@id":"https:\/\/pagesigasso.com\/ca\/detectius-informatics#primaryimage"},"thumbnailUrl":"https:\/\/pagesigasso.com\/wp-content\/uploads\/2022\/04\/detective_informatico.jpg","datePublished":"2022-04-23T16:57:08+00:00","dateModified":"2024-06-25T13:57:53+00:00","description":"Com a detectius inform\u00e0tics oferim serveis d'inform\u00e0tica forense, rastreig de dades i investigaci\u00f3 inform\u00e0tica en dispositius.","inLanguage":"ca","potentialAction":[{"@type":"ReadAction","target":["https:\/\/pagesigasso.com\/ca\/detectius-informatics"]}]},{"@type":"ImageObject","inLanguage":"ca","@id":"https:\/\/pagesigasso.com\/ca\/detectius-informatics#primaryimage","url":"https:\/\/pagesigasso.com\/wp-content\/uploads\/2022\/04\/detective_informatico.jpg","contentUrl":"https:\/\/pagesigasso.com\/wp-content\/uploads\/2022\/04\/detective_informatico.jpg","width":640,"height":426},{"@type":"WebSite","@id":"https:\/\/pagesigasso.com\/ca#website","url":"https:\/\/pagesigasso.com\/ca","name":"","description":"Detectives Privados","publisher":{"@id":"https:\/\/pagesigasso.com\/ca#organization"},"potentialAction":[{"@type":"SearchAction","target":{"@type":"EntryPoint","urlTemplate":"https:\/\/pagesigasso.com\/ca?s={search_term_string}"},"query-input":{"@type":"PropertyValueSpecification","valueRequired":true,"valueName":"search_term_string"}}],"inLanguage":"ca"},{"@type":"Organization","@id":"https:\/\/pagesigasso.com\/ca#organization","name":"Pag\u00e8s & Gass\u00f3","url":"https:\/\/pagesigasso.com\/ca","logo":{"@type":"ImageObject","inLanguage":"ca","@id":"https:\/\/pagesigasso.com\/ca#\/schema\/logo\/image\/","url":"https:\/\/pagesigasso.com\/wp-content\/uploads\/2022\/05\/cropped-logo_pages_i_gasso_detectives.webp","contentUrl":"https:\/\/pagesigasso.com\/wp-content\/uploads\/2022\/05\/cropped-logo_pages_i_gasso_detectives.webp","width":1685,"height":337,"caption":"Pag\u00e8s & Gass\u00f3"},"image":{"@id":"https:\/\/pagesigasso.com\/ca#\/schema\/logo\/image\/"},"sameAs":["https:\/\/www.facebook.com\/Detectius.Pages.i.Gasso","https:\/\/www.linkedin.com\/company\/detectius-pages-gasso\/about\/"]}]}},"_links":{"self":[{"href":"https:\/\/pagesigasso.com\/ca\/wp-json\/wp\/v2\/pages\/6220","targetHints":{"allow":["GET"]}}],"collection":[{"href":"https:\/\/pagesigasso.com\/ca\/wp-json\/wp\/v2\/pages"}],"about":[{"href":"https:\/\/pagesigasso.com\/ca\/wp-json\/wp\/v2\/types\/page"}],"author":[{"embeddable":true,"href":"https:\/\/pagesigasso.com\/ca\/wp-json\/wp\/v2\/users\/1"}],"replies":[{"embeddable":true,"href":"https:\/\/pagesigasso.com\/ca\/wp-json\/wp\/v2\/comments?post=6220"}],"version-history":[{"count":0,"href":"https:\/\/pagesigasso.com\/ca\/wp-json\/wp\/v2\/pages\/6220\/revisions"}],"wp:featuredmedia":[{"embeddable":true,"href":"https:\/\/pagesigasso.com\/ca\/wp-json\/wp\/v2\/media\/6158"}],"wp:attachment":[{"href":"https:\/\/pagesigasso.com\/ca\/wp-json\/wp\/v2\/media?parent=6220"}],"curies":[{"name":"wp","href":"https:\/\/api.w.org\/{rel}","templated":true}]}}