{"id":6215,"date":"2022-03-29T20:45:36","date_gmt":"2022-03-29T20:45:36","guid":{"rendered":"https:\/\/pagesigasso.com\/detective-laboral"},"modified":"2024-06-25T13:53:26","modified_gmt":"2024-06-25T13:53:26","slug":"detectiu-laboral","status":"publish","type":"page","link":"https:\/\/pagesigasso.com\/ca\/detectiu-laboral","title":{"rendered":"Detectiu Laboral"},"content":{"rendered":"\r\n<h2 class=\"gb-headline gb-headline-289e8798 gb-headline-text\">Detectiu per a Empreses<\/h2>\r\n\r\n\r\n\r\n<h2 class=\"gb-headline gb-headline-5db0e044\">\u00a0<\/h2>\r\n\r\n\r\n\r\n<p class=\"gb-headline gb-headline-4ca5e7e6 gb-headline-text\">El desenvolupament de les noves tecnologies i la infraestructura de l\u201fempresa actual generen conflictes que moltes vegades requereixen l\u201factuaci\u00f3 d\u201fun professional especialitzat en intel\u00b7lig\u00e8ncia empresarial, que disposa de mitjans espec\u00edfics orientats al complex m\u00f3n laboral, industrial i financer. Serveis tant destinats a la r\u00e0pida resoluci\u00f3 de problemes com a la prevenci\u00f3.<\/p>\r\n\r\n\r\n<div class=\"gb-grid-column gb-grid-column-61955151\"><div class=\"gb-container gb-container-61955151\"><div class=\"gb-inside-container\">\r\n\r\n<div class=\"gb-container gb-container-b911e72e\"><div class=\"gb-inside-container\">\r\n\r\n<div class=\"gb-button-wrapper gb-button-wrapper-355fdf34\">\r\n\r\n\r\n<p><span class=\"gb-button gb-button-c629dae2 gb-button-text\">NOU<\/span><\/p>\r\n<\/div><\/div><\/div>\r\n\r\n\r\n<h3 class=\"gb-headline gb-headline-380c1e4e gb-headline-text\">DETECTIU TELETREBALL<\/h3>\r\n\r\n\r\n\r\n<p>T\u00e9 certs dubtes que amb els nous canvis els seus empleats compleixin els seus horaris i les seves funcions a la feina? S\u00f3n molts els casos de frau sobretot a causa de la pand\u00e8mia. Empleats que realitzen en exc\u00e9s tasques dom\u00e8stiques o que simplement no compleixen la quarantena com es regiria. \u00c9s per aix\u00f2 que \u00e9s habitual que les empreses contractin Detectius Privats legalment habilitats per portar aquest tipus d&#8217;investigacions.<\/p>\r\n<\/div><\/div><\/div>\r\n\r\n<div class=\"gb-grid-wrapper gb-grid-wrapper-27c08903\">\r\n\r\n<div class=\"gb-grid-column gb-grid-column-a28932df\"><div class=\"gb-container gb-container-a28932df\"><div class=\"gb-inside-container\">\r\n\r\n<div class=\"gb-container gb-container-041550f3\"><div class=\"gb-inside-container\"><\/div><\/div>\r\n\r\n\r\n<h3 class=\"gb-headline gb-headline-7c765857 gb-headline-text\">BAIXES I INCAPACITATS LABORALS<\/h3>\r\n\r\n\r\n\r\n<p>Les baixes fingides juntament amb l&#8217;absentisme laboral suposen un dels grans problemes dins de l&#8217;empresa i l&#8217;empresari t\u00e9 la possibilitat d&#8217;instar l&#8217;actuaci\u00f3 de la inspecci\u00f3 dels serveis m\u00e8dics per controlar el treballador que est\u00e0 en aquesta situaci\u00f3 d&#8217;IT.<\/p>\r\n\r\n\r\n\r\n<p>D\u201faltra banda, si aquestes gestions s\u00f3n improductives, l\u201fempresa pot verificar la situaci\u00f3 real mitjan\u00e7ant un informe de detectius privats que servir\u00e0 com a document base per a expedients sancionadors o d\u201facomiadament procedent.<\/p>\r\n<\/div><\/div><\/div>\r\n\r\n<div class=\"gb-grid-column gb-grid-column-9dca584a\"><div class=\"gb-container gb-container-9dca584a\"><div class=\"gb-inside-container\">\r\n\r\n<div class=\"gb-container gb-container-e5b2167a\"><div class=\"gb-inside-container\"><\/div><\/div>\r\n\r\n\r\n<h3 class=\"gb-headline gb-headline-f53c2218 gb-headline-text\">INFORMES PRELABORALS<\/h3>\r\n\r\n\r\n\r\n<p>Les baixes fingides juntament amb l&#8217;absentisme laboral suposen un dels grans problemes dins de l&#8217;empresa i l&#8217;empresari t\u00e9 la possibilitat d&#8217;instar l&#8217;actuaci\u00f3 de la inspecci\u00f3 dels serveis m\u00e8dics per controlar el treballador que est\u00e0 en situaci\u00f3 d&#8217;IT.<\/p>\r\n\r\n\r\n\r\n<p>Informes previs a la contractaci\u00f3 d&#8217;empleats, tant de personal subaltern (informe simple) com de personal executiu (informe complet)<\/p>\r\n\r\n\r\n\r\n<ul class=\"wp-block-list\">\r\n<li>Motiu de baixa volunt\u00e0ria o acomiadament.<\/li>\r\n<li>Conflictivitat i baix rendiment laboral<\/li>\r\n<li>Antecedents per furts, robatoris, mobing, etc<\/li>\r\n<li>Alcoholisme, toxicomania o ludopaties<\/li>\r\n<li>Comportament i actitud. Lleialtat professional.<\/li>\r\n<li>Relaci\u00f3 del candidat amb empreses de la compet\u00e8ncia<\/li>\r\n<\/ul>\r\n\r\n\r\n\r\n<p>&nbsp;<\/p>\r\n<\/div><\/div><\/div>\r\n\r\n<div class=\"gb-grid-column gb-grid-column-cd92e6a7\"><div class=\"gb-container gb-container-cd92e6a7\"><div class=\"gb-inside-container\">\r\n\r\n<div class=\"gb-container gb-container-a67491b9\"><div class=\"gb-inside-container\"><\/div><\/div>\r\n\r\n\r\n<h3 class=\"gb-headline gb-headline-67c86705 gb-headline-text\">INFIDELITATS I COMPET\u00c8NCIA DESLLEIAL<\/h3>\r\n\r\n\r\n\r\n<p>Segons la legislaci\u00f3 actual perqu\u00e8 es compleixi un cas d&#8217;infidelitat laboral calen els aspectes seg\u00fcents:<\/p>\r\n\r\n\r\n\r\n<ul class=\"wp-block-list\">\r\n<li>L&#8217;exist\u00e8ncia per part del treballador d&#8217;una activitat econ\u00f2mica en benefici propi i en compet\u00e8ncia amb l&#8217;empresa per desenvolupar-se dins del mateix \u00e0mbit mercantil.<\/li>\r\n<li>La utilitzaci\u00f3 de l&#8217;experi\u00e8ncia i el perfeccionament adquirits de l&#8217;empresa en benefici propi o de tercers.<\/li>\r\n<li>Que aquesta utilitzaci\u00f3 vagi en contra dels interessos de l&#8217;empresa on est\u00e0 sota contracte.<\/li>\r\n<\/ul>\r\n<\/div><\/div><\/div><\/div>\r\n\r\n<div class=\"gb-grid-wrapper gb-grid-wrapper-429243e2\">\r\n\r\n<div class=\"gb-grid-column gb-grid-column-c6494820\"><div class=\"gb-container gb-container-c6494820\"><div class=\"gb-inside-container\">\r\n\r\n<div class=\"gb-container gb-container-456e7598\"><div class=\"gb-inside-container\"><\/div><\/div>\r\n\r\n\r\n<h3 class=\"gb-headline gb-headline-78e799de gb-headline-text\">CONTROL DE XARXA COMERCIAL<\/h3>\r\n\r\n\r\n\r\n<p>El treballador de la xarxa comercial t\u00e9 la qualitat de gaudir de certa llibertat i un control menor per part dels representants empresarials.<\/p>\r\n\r\n\r\n\r\n<p>A m\u00e9s, tenen acc\u00e9s directe al client i informaci\u00f3 sensible. Per aix\u00f2 els nostres serveis s&#8217;encaren a comprovar diferents temes relacionats:<\/p>\r\n\r\n\r\n\r\n<ul class=\"wp-block-list\">\r\n<li>Robatoris i furts<\/li>\r\n<li>Qualitat datenci\u00f3 rebuda pels clients<\/li>\r\n<li>Visites realitzades<\/li>\r\n<li>Frau en la comptabilitat de les despeses, quilometratge, dietes, material, etc.<\/li>\r\n<li>Violaci\u00f3 del secret professional<\/li>\r\n<li>Compet\u00e8ncia deslleial en benefici d&#8217;altres empreses<\/li>\r\n<li>Activitats paral\u00b7leles<\/li>\r\n<li>Baixa productivitat<\/li>\r\n<li>Alcoholisme, ludopaties, toxicomanies, etc<\/li>\r\n<li>Control de rutes amb GPS<\/li>\r\n<\/ul>\r\n<\/div><\/div><\/div>\r\n\r\n<div class=\"gb-grid-column gb-grid-column-1bc5ff58\"><div class=\"gb-container gb-container-1bc5ff58\"><div class=\"gb-inside-container\">\r\n\r\n<div class=\"gb-container gb-container-7e1d9e95\"><div class=\"gb-inside-container\"><\/div><\/div>\r\n\r\n\r\n<h3 class=\"gb-headline gb-headline-496d3218 gb-headline-text\">FUGUES D&#8217;INFORMACI\u00d3<\/h3>\r\n\r\n\r\n\r\n<p>Actualment hi ha multitud de tecnologies que ajuden a protegir i prevenir les fugides, p\u00e8rdua o robatori d&#8217;informaci\u00f3 confidencial o \u201cno p\u00fablica\u201d.<\/p>\r\n\r\n\r\n\r\n<p>No hi ha cap dubte que avui dia el canal de comunicaci\u00f3 m\u00e9s utilitzat pels professionals \u00e9s el correu electr\u00f2nic. \u00c9s m\u00e9s, el bon desenvolupament de molts negocis dep\u00e8n en certa mesura del fet que el servei de correu funcioni a la perfecci\u00f3. Per tant, podem afirmar que el correu electr\u00f2nic \u00e9s un punt cr\u00edtic doperaci\u00f3 per a moltes organitzacions.<\/p>\r\n\r\n\r\n\r\n<p>Un altre punt molt important \u00e9s el factor hum\u00e0, a moltes empreses de la compet\u00e8ncia el mitj\u00e0 d&#8217;obtenir informaci\u00f3 \u00e9s contactant amb empleats aliens a aquesta.<\/p>\r\n<\/div><\/div><\/div>\r\n\r\n<div class=\"gb-grid-column gb-grid-column-5d515bf1\"><div class=\"gb-container gb-container-5d515bf1\"><div class=\"gb-inside-container\">\r\n\r\n<div class=\"gb-container gb-container-7f3bb6ed\"><div class=\"gb-inside-container\"><\/div><\/div>\r\n\r\n\r\n<h3 class=\"gb-headline gb-headline-9715606a gb-headline-text\">SERVEI DE \u201cMYSTERY GUEST\u201d<\/h3>\r\n\r\n\r\n\r\n<p>Amb el desenvolupament de les xarxes socials, l&#8217;opini\u00f3 dels seus clients encara es fa m\u00e9s decisiva. \u00c9s per aix\u00f2 que aquest servei est\u00e0 enfocat principalment a les empreses del sector de la restauraci\u00f3 i hostaleria.<\/p>\r\n\r\n\r\n\r\n<p>Us proporcionem informaci\u00f3 objectiva i confidencial que us ajudi a valorar el nivell de qualitat i la professionalitat del vostre personal ia prendre les mesures necess\u00e0ries per millorar.<\/p>\r\n\r\n\r\n\r\n<ul class=\"wp-block-list\">\r\n<li>Millorar la imatge<\/li>\r\n<li>Major implicaci\u00f3 del personal<\/li>\r\n<li>Fidelitzar els clients<\/li>\r\n<li>Augmentar la competitivitat<\/li>\r\n<li>Detectar prematurament irregularitats o mal funcionament tant a nivell del personal com de la clientela.<\/li>\r\n<\/ul>\r\n<\/div><\/div><\/div><\/div>\r\n\r\n<div class=\"gb-button-wrapper gb-button-wrapper-605a5517\">\r\n\r\n\r\n<p><a class=\"gb-button gb-button-ece838da gb-button-text\" href=\"https:\/\/pagesigasso.com\/ca\/contractar-un-detectiu\">Contratar a un Detective<\/a><\/p>\r\n<\/div>\r\n\r\n\r\n<p>&nbsp;<\/p>\r\n","protected":false},"excerpt":{"rendered":"<p>Detectiu per a Empreses \u00a0 El desenvolupament de les noves tecnologies i la infraestructura de l\u201fempresa actual generen conflictes que moltes vegades requereixen l\u201factuaci\u00f3 d\u201fun professional especialitzat en intel\u00b7lig\u00e8ncia empresarial, que disposa de mitjans espec\u00edfics orientats al complex m\u00f3n laboral, industrial i financer. Serveis tant destinats a la r\u00e0pida resoluci\u00f3 de problemes com a la &#8230; <a title=\"Detectiu Laboral\" class=\"read-more\" href=\"https:\/\/pagesigasso.com\/ca\/detectiu-laboral\" aria-label=\"M\u00e9s informaci\u00f3 sobre Detectiu Laboral\">Read more<\/a><\/p>\n","protected":false},"author":1,"featured_media":6147,"parent":0,"menu_order":0,"comment_status":"closed","ping_status":"closed","template":"","meta":{"footnotes":""},"class_list":["post-6215","page","type-page","status-publish","has-post-thumbnail"],"yoast_head":"<!-- This site is optimized with the Yoast SEO Premium plugin v18.4 (Yoast SEO v27.2) - https:\/\/yoast.com\/product\/yoast-seo-premium-wordpress\/ -->\n<title>Detectiu Laboral - Detectius Privats Pag\u00e8s &amp; Gass\u00f3<\/title>\n<meta name=\"description\" content=\"Des de Pag\u00e8s &amp; Gass\u00f3 com a detectiu laboral tractem qualsevol mena de recerca privada relacionada amb l&#039;entorn de l&#039;empresa.\" \/>\n<meta name=\"robots\" content=\"index, follow, max-snippet:-1, max-image-preview:large, max-video-preview:-1\" \/>\n<link rel=\"canonical\" href=\"https:\/\/pagesigasso.com\/ca\/detectiu-laboral\" \/>\n<meta property=\"og:locale\" content=\"ca_ES\" \/>\n<meta property=\"og:type\" content=\"article\" \/>\n<meta property=\"og:title\" content=\"Detectiu Laboral - Detectius Privats Pag\u00e8s &amp; Gass\u00f3\" \/>\n<meta property=\"og:description\" content=\"Des de Pag\u00e8s &amp; Gass\u00f3 com a detectiu laboral tractem qualsevol mena de recerca privada relacionada amb l&#039;entorn de l&#039;empresa.\" \/>\n<meta property=\"og:url\" content=\"https:\/\/pagesigasso.com\/ca\/detectiu-laboral\" \/>\n<meta property=\"article:publisher\" content=\"https:\/\/www.facebook.com\/Detectius.Pages.i.Gasso\" \/>\n<meta property=\"article:modified_time\" content=\"2024-06-25T13:53:26+00:00\" \/>\n<meta property=\"og:image\" content=\"https:\/\/pagesigasso.com\/wp-content\/uploads\/2022\/04\/pexels-anamul-rezwan-1216544-scaled.jpg\" \/>\n\t<meta property=\"og:image:width\" content=\"2560\" \/>\n\t<meta property=\"og:image:height\" content=\"1707\" \/>\n\t<meta property=\"og:image:type\" content=\"image\/jpeg\" \/>\n<meta name=\"twitter:card\" content=\"summary_large_image\" \/>\n<meta name=\"twitter:label1\" content=\"Temps estimat de lectura\" \/>\n\t<meta name=\"twitter:data1\" content=\"4 minuts\" \/>\n<script type=\"application\/ld+json\" class=\"yoast-schema-graph\">{\"@context\":\"https:\/\/schema.org\",\"@graph\":[{\"@type\":\"WebPage\",\"@id\":\"https:\/\/pagesigasso.com\/ca\/detectiu-laboral\",\"url\":\"https:\/\/pagesigasso.com\/ca\/detectiu-laboral\",\"name\":\"Detectiu Laboral - Detectius Privats Pag\u00e8s & Gass\u00f3\",\"isPartOf\":{\"@id\":\"https:\/\/pagesigasso.com\/ca#website\"},\"primaryImageOfPage\":{\"@id\":\"https:\/\/pagesigasso.com\/ca\/detectiu-laboral#primaryimage\"},\"image\":{\"@id\":\"https:\/\/pagesigasso.com\/ca\/detectiu-laboral#primaryimage\"},\"thumbnailUrl\":\"https:\/\/pagesigasso.com\/wp-content\/uploads\/2022\/04\/pexels-anamul-rezwan-1216544-scaled.jpg\",\"datePublished\":\"2022-03-29T20:45:36+00:00\",\"dateModified\":\"2024-06-25T13:53:26+00:00\",\"description\":\"Des de Pag\u00e8s & Gass\u00f3 com a detectiu laboral tractem qualsevol mena de recerca privada relacionada amb l'entorn de l'empresa.\",\"inLanguage\":\"ca\",\"potentialAction\":[{\"@type\":\"ReadAction\",\"target\":[\"https:\/\/pagesigasso.com\/ca\/detectiu-laboral\"]}]},{\"@type\":\"ImageObject\",\"inLanguage\":\"ca\",\"@id\":\"https:\/\/pagesigasso.com\/ca\/detectiu-laboral#primaryimage\",\"url\":\"https:\/\/pagesigasso.com\/wp-content\/uploads\/2022\/04\/pexels-anamul-rezwan-1216544-scaled.jpg\",\"contentUrl\":\"https:\/\/pagesigasso.com\/wp-content\/uploads\/2022\/04\/pexels-anamul-rezwan-1216544-scaled.jpg\",\"width\":2560,\"height\":1707},{\"@type\":\"WebSite\",\"@id\":\"https:\/\/pagesigasso.com\/ca#website\",\"url\":\"https:\/\/pagesigasso.com\/ca\",\"name\":\"\",\"description\":\"Detectives Privados\",\"publisher\":{\"@id\":\"https:\/\/pagesigasso.com\/ca#organization\"},\"potentialAction\":[{\"@type\":\"SearchAction\",\"target\":{\"@type\":\"EntryPoint\",\"urlTemplate\":\"https:\/\/pagesigasso.com\/ca?s={search_term_string}\"},\"query-input\":{\"@type\":\"PropertyValueSpecification\",\"valueRequired\":true,\"valueName\":\"search_term_string\"}}],\"inLanguage\":\"ca\"},{\"@type\":\"Organization\",\"@id\":\"https:\/\/pagesigasso.com\/ca#organization\",\"name\":\"Pag\u00e8s & Gass\u00f3\",\"url\":\"https:\/\/pagesigasso.com\/ca\",\"logo\":{\"@type\":\"ImageObject\",\"inLanguage\":\"ca\",\"@id\":\"https:\/\/pagesigasso.com\/ca#\/schema\/logo\/image\/\",\"url\":\"https:\/\/pagesigasso.com\/wp-content\/uploads\/2022\/05\/cropped-logo_pages_i_gasso_detectives.webp\",\"contentUrl\":\"https:\/\/pagesigasso.com\/wp-content\/uploads\/2022\/05\/cropped-logo_pages_i_gasso_detectives.webp\",\"width\":1685,\"height\":337,\"caption\":\"Pag\u00e8s & Gass\u00f3\"},\"image\":{\"@id\":\"https:\/\/pagesigasso.com\/ca#\/schema\/logo\/image\/\"},\"sameAs\":[\"https:\/\/www.facebook.com\/Detectius.Pages.i.Gasso\",\"https:\/\/www.linkedin.com\/company\/detectius-pages-gasso\/about\/\"]}]}<\/script>\n<!-- \/ Yoast SEO Premium plugin. -->","yoast_head_json":{"title":"Detectiu Laboral - Detectius Privats Pag\u00e8s & Gass\u00f3","description":"Des de Pag\u00e8s & Gass\u00f3 com a detectiu laboral tractem qualsevol mena de recerca privada relacionada amb l'entorn de l'empresa.","robots":{"index":"index","follow":"follow","max-snippet":"max-snippet:-1","max-image-preview":"max-image-preview:large","max-video-preview":"max-video-preview:-1"},"canonical":"https:\/\/pagesigasso.com\/ca\/detectiu-laboral","og_locale":"ca_ES","og_type":"article","og_title":"Detectiu Laboral - Detectius Privats Pag\u00e8s & Gass\u00f3","og_description":"Des de Pag\u00e8s & Gass\u00f3 com a detectiu laboral tractem qualsevol mena de recerca privada relacionada amb l'entorn de l'empresa.","og_url":"https:\/\/pagesigasso.com\/ca\/detectiu-laboral","article_publisher":"https:\/\/www.facebook.com\/Detectius.Pages.i.Gasso","article_modified_time":"2024-06-25T13:53:26+00:00","og_image":[{"width":2560,"height":1707,"url":"https:\/\/pagesigasso.com\/wp-content\/uploads\/2022\/04\/pexels-anamul-rezwan-1216544-scaled.jpg","type":"image\/jpeg"}],"twitter_card":"summary_large_image","twitter_misc":{"Temps estimat de lectura":"4 minuts"},"schema":{"@context":"https:\/\/schema.org","@graph":[{"@type":"WebPage","@id":"https:\/\/pagesigasso.com\/ca\/detectiu-laboral","url":"https:\/\/pagesigasso.com\/ca\/detectiu-laboral","name":"Detectiu Laboral - Detectius Privats Pag\u00e8s & Gass\u00f3","isPartOf":{"@id":"https:\/\/pagesigasso.com\/ca#website"},"primaryImageOfPage":{"@id":"https:\/\/pagesigasso.com\/ca\/detectiu-laboral#primaryimage"},"image":{"@id":"https:\/\/pagesigasso.com\/ca\/detectiu-laboral#primaryimage"},"thumbnailUrl":"https:\/\/pagesigasso.com\/wp-content\/uploads\/2022\/04\/pexels-anamul-rezwan-1216544-scaled.jpg","datePublished":"2022-03-29T20:45:36+00:00","dateModified":"2024-06-25T13:53:26+00:00","description":"Des de Pag\u00e8s & Gass\u00f3 com a detectiu laboral tractem qualsevol mena de recerca privada relacionada amb l'entorn de l'empresa.","inLanguage":"ca","potentialAction":[{"@type":"ReadAction","target":["https:\/\/pagesigasso.com\/ca\/detectiu-laboral"]}]},{"@type":"ImageObject","inLanguage":"ca","@id":"https:\/\/pagesigasso.com\/ca\/detectiu-laboral#primaryimage","url":"https:\/\/pagesigasso.com\/wp-content\/uploads\/2022\/04\/pexels-anamul-rezwan-1216544-scaled.jpg","contentUrl":"https:\/\/pagesigasso.com\/wp-content\/uploads\/2022\/04\/pexels-anamul-rezwan-1216544-scaled.jpg","width":2560,"height":1707},{"@type":"WebSite","@id":"https:\/\/pagesigasso.com\/ca#website","url":"https:\/\/pagesigasso.com\/ca","name":"","description":"Detectives Privados","publisher":{"@id":"https:\/\/pagesigasso.com\/ca#organization"},"potentialAction":[{"@type":"SearchAction","target":{"@type":"EntryPoint","urlTemplate":"https:\/\/pagesigasso.com\/ca?s={search_term_string}"},"query-input":{"@type":"PropertyValueSpecification","valueRequired":true,"valueName":"search_term_string"}}],"inLanguage":"ca"},{"@type":"Organization","@id":"https:\/\/pagesigasso.com\/ca#organization","name":"Pag\u00e8s & Gass\u00f3","url":"https:\/\/pagesigasso.com\/ca","logo":{"@type":"ImageObject","inLanguage":"ca","@id":"https:\/\/pagesigasso.com\/ca#\/schema\/logo\/image\/","url":"https:\/\/pagesigasso.com\/wp-content\/uploads\/2022\/05\/cropped-logo_pages_i_gasso_detectives.webp","contentUrl":"https:\/\/pagesigasso.com\/wp-content\/uploads\/2022\/05\/cropped-logo_pages_i_gasso_detectives.webp","width":1685,"height":337,"caption":"Pag\u00e8s & Gass\u00f3"},"image":{"@id":"https:\/\/pagesigasso.com\/ca#\/schema\/logo\/image\/"},"sameAs":["https:\/\/www.facebook.com\/Detectius.Pages.i.Gasso","https:\/\/www.linkedin.com\/company\/detectius-pages-gasso\/about\/"]}]}},"_links":{"self":[{"href":"https:\/\/pagesigasso.com\/ca\/wp-json\/wp\/v2\/pages\/6215","targetHints":{"allow":["GET"]}}],"collection":[{"href":"https:\/\/pagesigasso.com\/ca\/wp-json\/wp\/v2\/pages"}],"about":[{"href":"https:\/\/pagesigasso.com\/ca\/wp-json\/wp\/v2\/types\/page"}],"author":[{"embeddable":true,"href":"https:\/\/pagesigasso.com\/ca\/wp-json\/wp\/v2\/users\/1"}],"replies":[{"embeddable":true,"href":"https:\/\/pagesigasso.com\/ca\/wp-json\/wp\/v2\/comments?post=6215"}],"version-history":[{"count":0,"href":"https:\/\/pagesigasso.com\/ca\/wp-json\/wp\/v2\/pages\/6215\/revisions"}],"wp:featuredmedia":[{"embeddable":true,"href":"https:\/\/pagesigasso.com\/ca\/wp-json\/wp\/v2\/media\/6147"}],"wp:attachment":[{"href":"https:\/\/pagesigasso.com\/ca\/wp-json\/wp\/v2\/media?parent=6215"}],"curies":[{"name":"wp","href":"https:\/\/api.w.org\/{rel}","templated":true}]}}