{"id":6208,"date":"2022-03-30T09:25:44","date_gmt":"2022-03-30T09:25:44","guid":{"rendered":"https:\/\/pagesigasso.com\/?page_id=6208"},"modified":"2024-06-25T14:00:02","modified_gmt":"2024-06-25T14:00:02","slug":"detectiu-particular","status":"publish","type":"page","link":"https:\/\/pagesigasso.com\/ca\/detectiu-particular","title":{"rendered":"Detectiu Particular"},"content":{"rendered":"\r\n<h2 class=\"gb-headline gb-headline-289e8798 gb-headline-text\">Detectiu per a Particulars<\/h2>\r\n\r\n\r\n\r\n<h2 class=\"gb-headline gb-headline-5db0e044\">\u00a0<\/h2>\r\n\r\n\r\n\r\n<p class=\"gb-headline gb-headline-4ca5e7e6 gb-headline-text\">\u00a0<\/p>\r\n\r\n\r\n\r\n<div class=\"wp-block-columns is-layout-flex wp-container-core-columns-is-layout-9d6595d7 wp-block-columns-is-layout-flex\">\r\n<div class=\"wp-block-column is-layout-flow wp-block-column-is-layout-flow\"><div class=\"gb-grid-column gb-grid-column-c6494820\"><div class=\"gb-container gb-container-c6494820\"><div class=\"gb-inside-container\">\r\n\r\n<div class=\"gb-container gb-container-456e7598\"><div class=\"gb-inside-container\"><\/div><\/div>\r\n\r\n\r\n<h3 class=\"gb-headline gb-headline-78e799de gb-headline-text\">INFIDELITAT EN LA PARELLA<\/h3>\r\n\r\n\r\n\r\n<p>La infidelitat \u00e9s, sens dubte, un dels actes que poden fer trontollar amb m\u00e9s for\u00e7a una relaci\u00f3 de parella, ja que amb ella es trenquen dos dels pilars fonamentals de tota relaci\u00f3: la confian\u00e7a m\u00fatua i la lleialtat.<\/p>\r\n\r\n\r\n\r\n<p>En aquest \u00e0mbit aportem les proves suficients perqu\u00e8 el nostre client surti de dubtes i inquietuds i aix\u00ed pugui prendre la decisi\u00f3 m\u00e9s encertada.<\/p>\r\n<\/div><\/div><\/div><\/div>\r\n\r\n\r\n\r\n<div class=\"wp-block-column is-layout-flow wp-block-column-is-layout-flow\"><div class=\"gb-grid-column gb-grid-column-1bc5ff58\"><div class=\"gb-container gb-container-1bc5ff58\"><div class=\"gb-inside-container\">\r\n\r\n<div class=\"gb-container gb-container-7e1d9e95\"><div class=\"gb-inside-container\"><\/div><\/div>\r\n\r\n\r\n<h3 class=\"gb-headline gb-headline-496d3218 gb-headline-text\">CONTROL DE FILLS<\/h3>\r\n\r\n\r\n\r\n<p>\u00c9s important que els progenitors coneguin b\u00e9 la situaci\u00f3 dels seus fills per prendre decisions que els poden afectar a l&#8217;adolesc\u00e8ncia.<\/p>\r\n\r\n\r\n\r\n<p>En aquest \u00e0mbit els nostres serveis se centren en els seg\u00fcents aspectes:<\/p>\r\n\r\n\r\n\r\n<ul class=\"wp-block-list\">\r\n<li>Baix rendiment acad\u00e8mic<\/li>\r\n<li>Comportaments socials anormals<\/li>\r\n<li>Companyies no desitjables<\/li>\r\n<li>Conductes dubtoses (consum de drogues, vicis i depend\u00e8ncies)<\/li>\r\n<\/ul>\r\n<\/div><\/div><\/div><\/div>\r\n<\/div>\r\n\r\n\r\n<div class=\"gb-grid-column gb-grid-column-5d515bf1\"><div class=\"gb-container gb-container-5d515bf1\"><div class=\"gb-inside-container\">\r\n\r\n<div class=\"gb-container gb-container-7f3bb6ed\"><div class=\"gb-inside-container\"><\/div><\/div>\r\n\r\n\r\n<h3 class=\"gb-headline gb-headline-9715606a gb-headline-text\"><strong>INVESTIGACIONS EN L&#8217;\u00c0MBIT DELS FILLS I CUST\u00d2DIES<\/strong><\/h3>\r\n\r\n\r\n\r\n<h4 class=\"wp-block-heading\" id=\"h-verificaciones-de-custodias-y-regimen-de-visitas\">Verificacions de cust\u00f2dies i r\u00e8gim de visites<\/h4>\r\n\r\n\r\n\r\n<p>Despr\u00e9s d&#8217;una separaci\u00f3 poden sorgir anomalies que afectin la cust\u00f2dia del menor o el r\u00e8gim de visites. En aquest \u00e0mbit l&#8217;actuaci\u00f3 del detectiu se centra a constatar aquestes anomalies mitjan\u00e7ant un informe amb proves fotogr\u00e0fiques.<\/p>\r\n\r\n\r\n\r\n<h4 class=\"wp-block-heading\" id=\"h-modificacion-de-pensiones\">Modificaci\u00f3 de pensions<\/h4>\r\n\r\n\r\n\r\n<p>Quan es produeix un canvi substancial de les circumst\u00e0ncies personals o econ\u00f2miques d&#8217;un dels progenitors cal tornar a revisar els acords de separaci\u00f3 o de divorci. La modificaci\u00f3 de les pensions es demana amb els seg\u00fcents prop\u00f2sits:<\/p>\r\n\r\n\r\n\r\n<ul class=\"wp-block-list\">\r\n<li>Descens dels ingressos (p\u00e8rdua de feina, nous deutes\u2026)<\/li>\r\n<li>Augment de despeses per noves necessitats dels fills (canvi de cicle formatiu, canvi d&#8217;escola p\u00fablica a privada, estudis a l&#8217;estranger, m\u00e0sters\u2026)<\/li>\r\n<li>Naixement de nous fills<\/li>\r\n<li>Augment dels ingressos o modificaci\u00f3 de circumst\u00e0ncies de l&#8217;altre progenitor.<\/li>\r\n<li>Canvis en la cust\u00f2dia (quan es passa de cust\u00f2dia compartida a exclusiva o de cust\u00f2dia exclusiva a compartida)<\/li>\r\n<li>Reclamacions d&#8217;impagaments de pensions<\/li>\r\n<\/ul>\r\n\r\n\r\n\r\n<p>\u00c9s decisiva la nostra actuaci\u00f3 quan es d\u00f3na el cas d&#8217;ingressos irregulars no declarats<\/p>\r\n<\/div><\/div><\/div>\r\n\r\n<div class=\"gb-button-wrapper gb-button-wrapper-937580bb\">\r\n\r\n\r\n<p><a class=\"gb-button gb-button-7adbd89b gb-button-text\" href=\"https:\/\/pagesigasso.com\/ca\/contractar-un-detectiu\">Contractar un Detectiu<\/a><\/p>\r\n<\/div>\r\n<p>&nbsp;<\/p>","protected":false},"excerpt":{"rendered":"<p>Detectiu per a Particulars \u00a0 \u00a0 INFIDELITAT EN LA PARELLA La infidelitat \u00e9s, sens dubte, un dels actes que poden fer trontollar amb m\u00e9s for\u00e7a una relaci\u00f3 de parella, ja que amb ella es trenquen dos dels pilars fonamentals de tota relaci\u00f3: la confian\u00e7a m\u00fatua i la lleialtat. En aquest \u00e0mbit aportem les proves suficients &#8230; <a title=\"Detectiu Particular\" class=\"read-more\" href=\"https:\/\/pagesigasso.com\/ca\/detectiu-particular\" aria-label=\"M\u00e9s informaci\u00f3 sobre Detectiu Particular\">Read more<\/a><\/p>\n","protected":false},"author":1,"featured_media":6142,"parent":0,"menu_order":0,"comment_status":"closed","ping_status":"closed","template":"","meta":{"footnotes":""},"class_list":["post-6208","page","type-page","status-publish","has-post-thumbnail"],"yoast_head":"<!-- This site is optimized with the Yoast SEO Premium plugin v18.4 (Yoast SEO v27.3) - https:\/\/yoast.com\/product\/yoast-seo-premium-wordpress\/ -->\n<title>Detectiu Particular - Detectius Privats Pag\u00e8s &amp; Gass\u00f3<\/title>\n<meta name=\"description\" content=\"Des de Pag\u00e8s &amp; Gass\u00f3 com a detectiu particular tractem infidelitats, control de fills i investigacions relacionades a l&#039;\u00e0mbit familiar.\" \/>\n<meta name=\"robots\" content=\"index, follow, max-snippet:-1, max-image-preview:large, max-video-preview:-1\" \/>\n<link rel=\"canonical\" href=\"https:\/\/pagesigasso.com\/ca\/detectiu-particular\" \/>\n<meta property=\"og:locale\" content=\"ca_ES\" \/>\n<meta property=\"og:type\" content=\"article\" \/>\n<meta property=\"og:title\" content=\"Detectiu Particular - Detectius Privats Pag\u00e8s &amp; Gass\u00f3\" \/>\n<meta property=\"og:description\" content=\"Des de Pag\u00e8s &amp; Gass\u00f3 com a detectiu particular tractem infidelitats, control de fills i investigacions relacionades a l&#039;\u00e0mbit familiar.\" \/>\n<meta property=\"og:url\" content=\"https:\/\/pagesigasso.com\/ca\/detectiu-particular\" \/>\n<meta property=\"article:publisher\" content=\"https:\/\/www.facebook.com\/Detectius.Pages.i.Gasso\" \/>\n<meta property=\"article:modified_time\" content=\"2024-06-25T14:00:02+00:00\" \/>\n<meta property=\"og:image\" content=\"https:\/\/pagesigasso.com\/wp-content\/uploads\/2022\/04\/family-6398107_640.jpg\" \/>\n\t<meta property=\"og:image:width\" content=\"640\" \/>\n\t<meta property=\"og:image:height\" content=\"427\" \/>\n\t<meta property=\"og:image:type\" content=\"image\/jpeg\" \/>\n<meta name=\"twitter:card\" content=\"summary_large_image\" \/>\n<meta name=\"twitter:label1\" content=\"Temps estimat de lectura\" \/>\n\t<meta name=\"twitter:data1\" content=\"2 minuts\" \/>\n<script type=\"application\/ld+json\" class=\"yoast-schema-graph\">{\"@context\":\"https:\\\/\\\/schema.org\",\"@graph\":[{\"@type\":\"WebPage\",\"@id\":\"https:\\\/\\\/pagesigasso.com\\\/ca\\\/detectiu-particular\",\"url\":\"https:\\\/\\\/pagesigasso.com\\\/ca\\\/detectiu-particular\",\"name\":\"Detectiu Particular - Detectius Privats Pag\u00e8s & Gass\u00f3\",\"isPartOf\":{\"@id\":\"https:\\\/\\\/pagesigasso.com\\\/ca#website\"},\"primaryImageOfPage\":{\"@id\":\"https:\\\/\\\/pagesigasso.com\\\/ca\\\/detectiu-particular#primaryimage\"},\"image\":{\"@id\":\"https:\\\/\\\/pagesigasso.com\\\/ca\\\/detectiu-particular#primaryimage\"},\"thumbnailUrl\":\"https:\\\/\\\/pagesigasso.com\\\/wp-content\\\/uploads\\\/2022\\\/04\\\/family-6398107_640.jpg\",\"datePublished\":\"2022-03-30T09:25:44+00:00\",\"dateModified\":\"2024-06-25T14:00:02+00:00\",\"description\":\"Des de Pag\u00e8s & Gass\u00f3 com a detectiu particular tractem infidelitats, control de fills i investigacions relacionades a l'\u00e0mbit familiar.\",\"inLanguage\":\"ca\",\"potentialAction\":[{\"@type\":\"ReadAction\",\"target\":[\"https:\\\/\\\/pagesigasso.com\\\/ca\\\/detectiu-particular\"]}]},{\"@type\":\"ImageObject\",\"inLanguage\":\"ca\",\"@id\":\"https:\\\/\\\/pagesigasso.com\\\/ca\\\/detectiu-particular#primaryimage\",\"url\":\"https:\\\/\\\/pagesigasso.com\\\/wp-content\\\/uploads\\\/2022\\\/04\\\/family-6398107_640.jpg\",\"contentUrl\":\"https:\\\/\\\/pagesigasso.com\\\/wp-content\\\/uploads\\\/2022\\\/04\\\/family-6398107_640.jpg\",\"width\":640,\"height\":427},{\"@type\":\"WebSite\",\"@id\":\"https:\\\/\\\/pagesigasso.com\\\/ca#website\",\"url\":\"https:\\\/\\\/pagesigasso.com\\\/ca\",\"name\":\"\",\"description\":\"Detectives Privados\",\"publisher\":{\"@id\":\"https:\\\/\\\/pagesigasso.com\\\/ca#organization\"},\"potentialAction\":[{\"@type\":\"SearchAction\",\"target\":{\"@type\":\"EntryPoint\",\"urlTemplate\":\"https:\\\/\\\/pagesigasso.com\\\/ca?s={search_term_string}\"},\"query-input\":{\"@type\":\"PropertyValueSpecification\",\"valueRequired\":true,\"valueName\":\"search_term_string\"}}],\"inLanguage\":\"ca\"},{\"@type\":\"Organization\",\"@id\":\"https:\\\/\\\/pagesigasso.com\\\/ca#organization\",\"name\":\"Pag\u00e8s & Gass\u00f3\",\"url\":\"https:\\\/\\\/pagesigasso.com\\\/ca\",\"logo\":{\"@type\":\"ImageObject\",\"inLanguage\":\"ca\",\"@id\":\"https:\\\/\\\/pagesigasso.com\\\/ca#\\\/schema\\\/logo\\\/image\\\/\",\"url\":\"https:\\\/\\\/pagesigasso.com\\\/wp-content\\\/uploads\\\/2022\\\/05\\\/cropped-logo_pages_i_gasso_detectives.webp\",\"contentUrl\":\"https:\\\/\\\/pagesigasso.com\\\/wp-content\\\/uploads\\\/2022\\\/05\\\/cropped-logo_pages_i_gasso_detectives.webp\",\"width\":1685,\"height\":337,\"caption\":\"Pag\u00e8s & Gass\u00f3\"},\"image\":{\"@id\":\"https:\\\/\\\/pagesigasso.com\\\/ca#\\\/schema\\\/logo\\\/image\\\/\"},\"sameAs\":[\"https:\\\/\\\/www.facebook.com\\\/Detectius.Pages.i.Gasso\",\"https:\\\/\\\/www.linkedin.com\\\/company\\\/detectius-pages-gasso\\\/about\\\/\"]}]}<\/script>\n<!-- \/ Yoast SEO Premium plugin. -->","yoast_head_json":{"title":"Detectiu Particular - Detectius Privats Pag\u00e8s & Gass\u00f3","description":"Des de Pag\u00e8s & Gass\u00f3 com a detectiu particular tractem infidelitats, control de fills i investigacions relacionades a l'\u00e0mbit familiar.","robots":{"index":"index","follow":"follow","max-snippet":"max-snippet:-1","max-image-preview":"max-image-preview:large","max-video-preview":"max-video-preview:-1"},"canonical":"https:\/\/pagesigasso.com\/ca\/detectiu-particular","og_locale":"ca_ES","og_type":"article","og_title":"Detectiu Particular - Detectius Privats Pag\u00e8s & Gass\u00f3","og_description":"Des de Pag\u00e8s & Gass\u00f3 com a detectiu particular tractem infidelitats, control de fills i investigacions relacionades a l'\u00e0mbit familiar.","og_url":"https:\/\/pagesigasso.com\/ca\/detectiu-particular","article_publisher":"https:\/\/www.facebook.com\/Detectius.Pages.i.Gasso","article_modified_time":"2024-06-25T14:00:02+00:00","og_image":[{"width":640,"height":427,"url":"https:\/\/pagesigasso.com\/wp-content\/uploads\/2022\/04\/family-6398107_640.jpg","type":"image\/jpeg"}],"twitter_card":"summary_large_image","twitter_misc":{"Temps estimat de lectura":"2 minuts"},"schema":{"@context":"https:\/\/schema.org","@graph":[{"@type":"WebPage","@id":"https:\/\/pagesigasso.com\/ca\/detectiu-particular","url":"https:\/\/pagesigasso.com\/ca\/detectiu-particular","name":"Detectiu Particular - Detectius Privats Pag\u00e8s & Gass\u00f3","isPartOf":{"@id":"https:\/\/pagesigasso.com\/ca#website"},"primaryImageOfPage":{"@id":"https:\/\/pagesigasso.com\/ca\/detectiu-particular#primaryimage"},"image":{"@id":"https:\/\/pagesigasso.com\/ca\/detectiu-particular#primaryimage"},"thumbnailUrl":"https:\/\/pagesigasso.com\/wp-content\/uploads\/2022\/04\/family-6398107_640.jpg","datePublished":"2022-03-30T09:25:44+00:00","dateModified":"2024-06-25T14:00:02+00:00","description":"Des de Pag\u00e8s & Gass\u00f3 com a detectiu particular tractem infidelitats, control de fills i investigacions relacionades a l'\u00e0mbit familiar.","inLanguage":"ca","potentialAction":[{"@type":"ReadAction","target":["https:\/\/pagesigasso.com\/ca\/detectiu-particular"]}]},{"@type":"ImageObject","inLanguage":"ca","@id":"https:\/\/pagesigasso.com\/ca\/detectiu-particular#primaryimage","url":"https:\/\/pagesigasso.com\/wp-content\/uploads\/2022\/04\/family-6398107_640.jpg","contentUrl":"https:\/\/pagesigasso.com\/wp-content\/uploads\/2022\/04\/family-6398107_640.jpg","width":640,"height":427},{"@type":"WebSite","@id":"https:\/\/pagesigasso.com\/ca#website","url":"https:\/\/pagesigasso.com\/ca","name":"","description":"Detectives Privados","publisher":{"@id":"https:\/\/pagesigasso.com\/ca#organization"},"potentialAction":[{"@type":"SearchAction","target":{"@type":"EntryPoint","urlTemplate":"https:\/\/pagesigasso.com\/ca?s={search_term_string}"},"query-input":{"@type":"PropertyValueSpecification","valueRequired":true,"valueName":"search_term_string"}}],"inLanguage":"ca"},{"@type":"Organization","@id":"https:\/\/pagesigasso.com\/ca#organization","name":"Pag\u00e8s & Gass\u00f3","url":"https:\/\/pagesigasso.com\/ca","logo":{"@type":"ImageObject","inLanguage":"ca","@id":"https:\/\/pagesigasso.com\/ca#\/schema\/logo\/image\/","url":"https:\/\/pagesigasso.com\/wp-content\/uploads\/2022\/05\/cropped-logo_pages_i_gasso_detectives.webp","contentUrl":"https:\/\/pagesigasso.com\/wp-content\/uploads\/2022\/05\/cropped-logo_pages_i_gasso_detectives.webp","width":1685,"height":337,"caption":"Pag\u00e8s & Gass\u00f3"},"image":{"@id":"https:\/\/pagesigasso.com\/ca#\/schema\/logo\/image\/"},"sameAs":["https:\/\/www.facebook.com\/Detectius.Pages.i.Gasso","https:\/\/www.linkedin.com\/company\/detectius-pages-gasso\/about\/"]}]}},"_links":{"self":[{"href":"https:\/\/pagesigasso.com\/ca\/wp-json\/wp\/v2\/pages\/6208","targetHints":{"allow":["GET"]}}],"collection":[{"href":"https:\/\/pagesigasso.com\/ca\/wp-json\/wp\/v2\/pages"}],"about":[{"href":"https:\/\/pagesigasso.com\/ca\/wp-json\/wp\/v2\/types\/page"}],"author":[{"embeddable":true,"href":"https:\/\/pagesigasso.com\/ca\/wp-json\/wp\/v2\/users\/1"}],"replies":[{"embeddable":true,"href":"https:\/\/pagesigasso.com\/ca\/wp-json\/wp\/v2\/comments?post=6208"}],"version-history":[{"count":0,"href":"https:\/\/pagesigasso.com\/ca\/wp-json\/wp\/v2\/pages\/6208\/revisions"}],"wp:featuredmedia":[{"embeddable":true,"href":"https:\/\/pagesigasso.com\/ca\/wp-json\/wp\/v2\/media\/6142"}],"wp:attachment":[{"href":"https:\/\/pagesigasso.com\/ca\/wp-json\/wp\/v2\/media?parent=6208"}],"curies":[{"name":"wp","href":"https:\/\/api.w.org\/{rel}","templated":true}]}}