{"id":6205,"date":"2021-07-18T02:05:29","date_gmt":"2021-07-18T02:05:29","guid":{"rendered":"https:\/\/pagesigasso.com\/agencia-de-detectives"},"modified":"2024-06-25T11:23:31","modified_gmt":"2024-06-25T11:23:31","slug":"agencia-de-detectius","status":"publish","type":"page","link":"https:\/\/pagesigasso.com\/ca\/agencia-de-detectius","title":{"rendered":"L&#8217;Ag\u00e8ncia"},"content":{"rendered":"<div class=\"gb-container gb-container-57f7b87d\"><div class=\"gb-inside-container\">\r\n<p>&nbsp;<\/p>\r\n<div class=\"gb-grid-wrapper gb-grid-wrapper-0bcd5862\">\r\n\r\n<div class=\"gb-grid-column gb-grid-column-5881831a\"><div class=\"gb-container gb-container-5881831a\"><div class=\"gb-inside-container\">\r\n\r\n<div class=\"gb-grid-wrapper gb-grid-wrapper-e6bb0b80\">\r\n\r\n<div class=\"gb-grid-column gb-grid-column-509cefbf\"><div class=\"gb-container gb-container-509cefbf\"><div class=\"gb-inside-container\">\r\n\r\n<div class=\"gb-container gb-container-1cb03e29\"><div class=\"gb-inside-container\">\r\n\r\n\r\n<p class=\"gb-headline gb-headline-d34028c0 gb-headline-text\">+50<\/p>\r\n\r\n\r\n\r\n<p class=\"gb-headline gb-headline-cfedf176 gb-headline-text\">Anys d&#8217;experi\u00e8ncia<\/p>\r\n<\/div><\/div><\/div><\/div><\/div><\/div>\r\n\r\n<div class=\"gb-container gb-container-d3bf3d73\"><div class=\"gb-inside-container\">\r\n\r\n\r\n<p class=\"gb-headline gb-headline-eaaeac5a gb-headline-text\"><em><strong>&#8220;Pot estar segur que cada cas per nosaltres \u00e9s \u00fanic i el tractem amb la m\u00e0xima sensibilitat i confidencialitat.&#8221;<\/strong><\/em><\/p>\r\n\r\n\r\n\r\n<p class=\"gb-headline gb-headline-3637c095 gb-headline-text\">Ferr\u00e1n Gass\u00f3 &#8211; CEO<\/p>\r\n<\/div><\/div><\/div><\/div><\/div>\r\n\r\n<div class=\"gb-grid-column gb-grid-column-a165696b\"><div class=\"gb-container gb-container-a165696b\"><div class=\"gb-inside-container\">\r\n\r\n\r\n<p class=\"gb-headline gb-headline-12c9d364 gb-headline-text\">PAG\u00c8S I GASS\u00d3<\/p>\r\n\r\n\r\n\r\n<h2 class=\"gb-headline gb-headline-20f0af27 gb-headline-text\">AG\u00c8NCIA DE DETECTIUS<\/h2>\r\n\r\n\r\n\r\n<p>Pag\u00e8s &amp; Gass\u00f3, S.L. va ser fundada el 1965 com una empresa d&#8217;investigaci\u00f3 a la prov\u00edncia de Girona.<\/p>\r\n\r\n\r\n<div class=\"gb-button-wrapper gb-button-wrapper-0ea4b20c\">\r\n\r\n\r\n<p><a class=\"gb-button gb-button-f6138bb8 gb-button-text\" href=\"https:\/\/pagesigasso.com\/ca\/investigacions-privades\">Les Nostres Investigacions Privades<\/a><\/p>\r\n<\/div>\r\n\r\n\r\n<p>El nostre Director, Ferr\u00e1n Gass\u00f3, detectiu, crimin\u00f2leg i perit judicial, compta amb una \u00e0mplia experi\u00e8ncia en casos reals en investigacions privades de tota mena.<\/p>\r\n\r\n\r\n\r\n<p>Avui dia Pag\u00e8s i Gass\u00f3 \u00e9s una de les empreses d&#8217;investigaci\u00f3 privada m\u00e9s importants de les comarques del nord de Catalunya amb un \u00e0mbit d&#8217;actuaci\u00f3 a nivell nacional i internacional.<\/p>\r\n\r\n\r\n\r\n<p>Oferim serveis professionals, discrets i \u00e8tics.<br \/>Estem especialitzats en tota mena d&#8217;investigaci\u00f3 privada, i els molts anys d&#8217;experi\u00e8ncia ens capaciten per poder-lo assessorar sobre el millor cam\u00ed per assolir el seu objectiu.<\/p>\r\n\r\n\r\n<div class=\"gb-button-wrapper gb-button-wrapper-0bd2abe7\">\r\n\r\n\r\n<p><a class=\"gb-button gb-button-1bfe2bb3 gb-button-text\" href=\"https:\/\/pagesigasso.com\/ca\/contractar-un-detectiu\">Contractar un Detectiu<\/a><\/p>\r\n<\/div><\/div><\/div><\/div><\/div>\r\n\r\n<div class=\"gb-grid-wrapper gb-grid-wrapper-cb3ef5bf\">\r\n\r\n<div class=\"gb-grid-column gb-grid-column-dfc5b410\"><div class=\"gb-container gb-container-dfc5b410\"><div class=\"gb-inside-container\">\r\n\r\n\r\n<h2 class=\"gb-headline gb-headline-7fdc32dc gb-headline-text heading-icon-reversed\">detectiu, <strong>crimin\u00f2leg i perit judicial en investigaci\u00f3 <\/strong><\/h2>\r\n<\/div><\/div><\/div>\r\n\r\n<div class=\"gb-grid-column gb-grid-column-d3f4f83f\"><div class=\"gb-container gb-container-d3f4f83f\"><div class=\"gb-inside-container\"><\/div><\/div><\/div><\/div>\r\n\r\n\r\n<p class=\"gb-headline gb-headline-6db5a8f1\"><span class=\"gb-headline-text\">Diplomat per la Universitat de Barcelona en Investigaci\u00f3 Privada (1988) i Diploma Superior en Criminologia (1989)<\/span><\/p>\r\n\r\n\r\n\r\n<p class=\"gb-headline gb-headline-365c8c33\"><span class=\"gb-headline-text\">Llic\u00e8ncia Oficial de Detectiu Privat (Ministeri de l&#8217;Interior) n\u00ba 427<\/span><\/p>\r\n\r\n\r\n\r\n<p class=\"gb-headline gb-headline-ede0aa3b\"><span class=\"gb-headline-text\">Membre del Col\u00b7legi Oficial de Detectius Privats de Catalunya, n\u00ba de col\u00b7legiat 28<\/span><\/p>\r\n\r\n\r\n\r\n<p class=\"gb-headline gb-headline-337f33b4\"><span class=\"gb-headline-text\">Perit Judicial en Investigaci\u00f3<\/span><\/p>\r\n\r\n\r\n\r\n<p class=\"gb-headline gb-headline-587d02b2\"><span class=\"gb-headline-text\">Menci\u00f3 honor\u00edfica de la Direcci\u00f3 General de la Policia (categoria A)<\/span><\/p>\r\n\r\n\r\n\r\n<p class=\"gb-headline gb-headline-825a2824\"><span class=\"gb-headline-text\">Membre de l&#8217;Associaci\u00f3 Nacional de Criminalistes i Experts en Ci\u00e8ncies Forenses, n\u00ba 1096<\/span><\/p>\r\n\r\n\r\n\r\n<p class=\"gb-headline gb-headline-6dced91e\"><span class=\"gb-headline-text\">Membre fundador i actualment en la junta rectora de l&#8217;Associaci\u00f3 d&#8217;Empreses de Detectius Privats de Barcelona.<\/span><\/p>\r\n\r\n\r\n\r\n<h4 class=\"gb-headline gb-headline-cdfe417b gb-headline-text\">En Continua Formaci\u00f3<\/h4>\r\n\r\n\r\n\r\n<p class=\"gb-headline gb-headline-7133d2a3\"><span class=\"gb-headline-text\">Seguretat d&#8217;Hotels el 2001.<\/span><\/p>\r\n\r\n\r\n\r\n<p class=\"gb-headline gb-headline-6418c541\"><span class=\"gb-headline-text\">Curs\/Seminari de la Policia Cient\u00edfica el 2001.<\/span><\/p>\r\n\r\n\r\n\r\n<p class=\"gb-headline gb-headline-e83f08a5\"><span class=\"gb-headline-text\">Curs d&#8217;An\u00e0lisi de Micro expressions Facials ofert pel sindicat unificat de la Policia de Catalunya el 2017.<\/span><\/p>\r\n\r\n\r\n<div class=\"gb-container gb-container-48ecba5a\"><div class=\"gb-inside-container\">\r\n\r\n<div class=\"gb-container gb-container-3e235025\"><div class=\"gb-inside-container\">\r\n\r\n\r\n<h5 class=\"gb-headline gb-headline-4f1156c6 gb-headline-text\">Ag\u00e8ncia de Detectius<\/h5>\r\n\r\n\r\n\r\n<h2 class=\"gb-headline gb-headline-58789130 gb-headline-text\">Els Nostres Detectius Privats<\/h2>\r\n\r\n\r\n\r\n<h2 class=\"gb-headline gb-headline-0704bca3\">\u00a0<\/h2>\r\n\r\n\r\n<div class=\"gb-grid-wrapper gb-grid-wrapper-17296987\">\r\n\r\n<div class=\"gb-grid-column gb-grid-column-53bb684b\"><div class=\"gb-container gb-container-53bb684b\"><div class=\"gb-inside-container\">\r\n\r\n<div class=\"gb-container gb-container-7a3a3378\"><div class=\"gb-inside-container\">\r\n\r\n<div class=\"gb-button-wrapper gb-button-wrapper-c063e90d\">\r\n\r\n\r\n<p>&nbsp;<\/p>\r\n\r\n\r\n\r\n<p>&nbsp;<\/p>\r\n<\/div><\/div><\/div>\r\n\r\n\r\n<p class=\"gb-headline gb-headline-8ee76213 gb-headline-text\">Ferr\u00e1n Gass\u00f3<\/p>\r\n\r\n\r\n\r\n<p class=\"gb-headline gb-headline-40cf65a9 gb-headline-text\"><em><em>Director<\/em><\/em><\/p>\r\n\r\n\r\n\r\n<p class=\"gb-headline gb-headline-78c02491 gb-headline-text\"><em><em>Llic\u00e8ncia N\u00ba 427<\/em><\/em><\/p>\r\n<\/div><\/div><\/div>\r\n\r\n<div class=\"gb-grid-column gb-grid-column-dd19d0b5\"><div class=\"gb-container gb-container-dd19d0b5\"><div class=\"gb-inside-container\">\r\n\r\n<div class=\"gb-container gb-container-8aab87bc\"><div class=\"gb-inside-container\">\r\n\r\n<div class=\"gb-button-wrapper gb-button-wrapper-d19b5743\">\r\n\r\n<\/div><\/div><\/div>\r\n\r\n\r\n<p class=\"gb-headline gb-headline-d25d8ae5 gb-headline-text\">Marc Cabrejas<\/p>\r\n\r\n\r\n\r\n<p class=\"gb-headline gb-headline-517127d8 gb-headline-text\"><em><em><em>Col\u00b7laborador<\/em><\/em><\/em><\/p>\r\n\r\n\r\n\r\n<p class=\"gb-headline gb-headline-e8fc9ebd gb-headline-text\">Llic\u00e8ncia<em><em><em> N\u00ba<\/em><\/em><\/em> 2501<\/p>\r\n<\/div><\/div><\/div>\r\n\r\n<div class=\"gb-grid-column gb-grid-column-9467ef55\"><div class=\"gb-container gb-container-9467ef55\"><div class=\"gb-inside-container\">\r\n\r\n<div class=\"gb-container gb-container-8d308d89\"><div class=\"gb-inside-container\">\r\n\r\n<div class=\"gb-button-wrapper gb-button-wrapper-29f3c230\">\r\n\r\n<\/div><\/div><\/div>\r\n\r\n\r\n<p class=\"gb-headline gb-headline-e3d070e1 gb-headline-text\">Victor Campos<\/p>\r\n\r\n\r\n\r\n<p class=\"gb-headline gb-headline-9ab7bfe6 gb-headline-text\"><em><em>Col\u00b7laborador <\/em><\/em><\/p>\r\n\r\n\r\n\r\n<p class=\"gb-headline gb-headline-11f1e327 gb-headline-text\"><em><em>Llic\u00e8ncia N\u00ba 4794 <\/em><\/em><\/p>\r\n<\/div><\/div><\/div><\/div><\/div><\/div><\/div><\/div><\/div><\/div>\r\n\r\n<div class=\"gb-container gb-container-9c323e47\"><div class=\"gb-inside-container\">\r\n\r\n\r\n<h2 class=\"gb-headline gb-headline-7999f772 gb-headline-text\">Contractar un Detectiu Privat<\/h2>\r\n\r\n\r\n\r\n<h2 class=\"gb-headline gb-headline-8779dfe4\">\u00a0<\/h2>\r\n\r\n\r\n<div class=\"gb-grid-wrapper gb-grid-wrapper-55eb66ba\">\r\n\r\n<div class=\"gb-grid-column gb-grid-column-d827892f\"><div class=\"gb-container gb-container-d827892f\"><div class=\"gb-inside-container\">\r\n\r\n\r\n<h4 class=\"gb-headline gb-headline-c5e0aa13\"><span class=\"gb-headline-text\">Missi\u00f3<\/span><\/h4>\r\n<\/div><\/div><\/div>\r\n\r\n<div class=\"gb-grid-column gb-grid-column-69e72471\"><div class=\"gb-container gb-container-69e72471\"><div class=\"gb-inside-container\">\r\n\r\n\r\n<p class=\"gb-headline gb-headline-a1904f02 gb-headline-text\">La nostra Missi\u00f3 com a detectius privats \u00e9s la ajudar el nostre client a resoldre les seves inquietuds amb l&#8217;ajuda d&#8217;aportaci\u00f3 de proves de valor que li aclareixi tots els seus dubtes.<\/p>\r\n<\/div><\/div><\/div>\r\n\r\n<div class=\"gb-grid-column gb-grid-column-4348e41f\"><div class=\"gb-container gb-container-4348e41f\"><div class=\"gb-inside-container\">\r\n\r\n\r\n<h4 class=\"gb-headline gb-headline-2b839378\"><span class=\"gb-headline-text\">Serveis<\/span><\/h4>\r\n<\/div><\/div><\/div>\r\n\r\n<div class=\"gb-grid-column gb-grid-column-76152e9a\"><div class=\"gb-container gb-container-76152e9a\"><div class=\"gb-inside-container\">\r\n\r\n\r\n<p class=\"gb-headline gb-headline-bdd004d3 gb-headline-text\">Realitzem tota mena d&#8217;investigacions privades. Des d&#8217;infidelitats en la parella, control de fills, baixes i incapacitats, fins i tot d&#8217;espies privats en l&#8217;entorn laboral com \u00e9s el teletreball.<\/p>\r\n<\/div><\/div><\/div>\r\n\r\n<div class=\"gb-grid-column gb-grid-column-c025cceb\"><div class=\"gb-container gb-container-c025cceb\"><div class=\"gb-inside-container\">\r\n\r\n\r\n<h4 class=\"gb-headline gb-headline-54d3b7b4\"><span class=\"gb-headline-text\">Metodologia<\/span><\/h4>\r\n<\/div><\/div><\/div>\r\n\r\n<div class=\"gb-grid-column gb-grid-column-a9c2da7f\"><div class=\"gb-container gb-container-a9c2da7f\"><div class=\"gb-inside-container\">\r\n\r\n\r\n<p class=\"gb-headline gb-headline-dd6bbd15 gb-headline-text\">Les nostres investigacions es basen en l&#8217;aportaci\u00f3 de proves en forma de documents, informes o videogr\u00e0fiques (fotos i v\u00eddeos).<\/p>\r\n\r\n\r\n\r\n<p class=\"gb-headline gb-headline-7a7a5c73 gb-headline-text\"><br \/>Amb aquesta documentaci\u00f3 els nostres clients seran capa\u00e7os de prendre les decisions oportunes o utilitzar l&#8217;aportaci\u00f3 de proves en qualsevol procediment judicial.<br \/>Com a detectius titulats, estem capacitats per ratificar els nostres informes davant de qualsevol organisme judicial.<\/p>\r\n<\/div><\/div><\/div><\/div><\/div><\/div>\r\n<p>&nbsp;<\/p>","protected":false},"excerpt":{"rendered":"<p>Diplomat per la Universitat de Barcelona en Investigaci\u00f3 Privada (1988) i Diploma Superior en Criminologia (1989) Llic\u00e8ncia Oficial de Detectiu Privat (Ministeri de l&#8217;Interior) n\u00ba 427 Membre del Col\u00b7legi Oficial de Detectius Privats de Catalunya, n\u00ba de col\u00b7legiat 28 Perit Judicial en Investigaci\u00f3 Menci\u00f3 honor\u00edfica de la Direcci\u00f3 General de la Policia (categoria A) Membre &#8230; <a title=\"L&#8217;Ag\u00e8ncia\" class=\"read-more\" href=\"https:\/\/pagesigasso.com\/ca\/agencia-de-detectius\" aria-label=\"M\u00e9s informaci\u00f3 sobre L&#8217;Ag\u00e8ncia\">Read more<\/a><\/p>\n","protected":false},"author":1,"featured_media":6127,"parent":0,"menu_order":0,"comment_status":"closed","ping_status":"closed","template":"","meta":{"footnotes":""},"class_list":["post-6205","page","type-page","status-publish","has-post-thumbnail"],"yoast_head":"<!-- This site is optimized with the Yoast SEO Premium plugin v18.4 (Yoast SEO v27.3) - https:\/\/yoast.com\/product\/yoast-seo-premium-wordpress\/ -->\n<title>Agencia de Detectives - Detectives Privados Pag\u00e8s &amp; Gass\u00f3<\/title>\n<meta name=\"description\" content=\"Pag\u00e8s &amp; Gass\u00f3 es una agencia de detectives fundada en 1965 con m\u00e1s de 50 a\u00f1os de experiencia en investigaci\u00f3n privada. Cu\u00e9ntenos su caso.\" \/>\n<meta name=\"robots\" content=\"index, follow, max-snippet:-1, max-image-preview:large, max-video-preview:-1\" \/>\n<link rel=\"canonical\" href=\"https:\/\/pagesigasso.com\/ca\/agencia-de-detectius\" \/>\n<meta property=\"og:locale\" content=\"ca_ES\" \/>\n<meta property=\"og:type\" content=\"article\" \/>\n<meta property=\"og:title\" content=\"Agencia de Detectives - Detectives Privados Pag\u00e8s &amp; Gass\u00f3\" \/>\n<meta property=\"og:description\" content=\"Pag\u00e8s &amp; Gass\u00f3 es una agencia de detectives fundada en 1965 con m\u00e1s de 50 a\u00f1os de experiencia en investigaci\u00f3n privada. Cu\u00e9ntenos su caso.\" \/>\n<meta property=\"og:url\" content=\"https:\/\/pagesigasso.com\/ca\/agencia-de-detectius\" \/>\n<meta property=\"article:publisher\" content=\"https:\/\/www.facebook.com\/Detectius.Pages.i.Gasso\" \/>\n<meta property=\"article:modified_time\" content=\"2024-06-25T11:23:31+00:00\" \/>\n<meta property=\"og:image\" content=\"https:\/\/pagesigasso.com\/wp-content\/uploads\/2021\/07\/finance.jpg\" \/>\n\t<meta property=\"og:image:width\" content=\"1920\" \/>\n\t<meta property=\"og:image:height\" content=\"1275\" \/>\n\t<meta property=\"og:image:type\" content=\"image\/jpeg\" \/>\n<meta name=\"twitter:card\" content=\"summary_large_image\" \/>\n<meta name=\"twitter:label1\" content=\"Temps estimat de lectura\" \/>\n\t<meta name=\"twitter:data1\" content=\"3 minuts\" \/>\n<script type=\"application\/ld+json\" class=\"yoast-schema-graph\">{\"@context\":\"https:\\\/\\\/schema.org\",\"@graph\":[{\"@type\":\"WebPage\",\"@id\":\"https:\\\/\\\/pagesigasso.com\\\/ca\\\/agencia-de-detectius\",\"url\":\"https:\\\/\\\/pagesigasso.com\\\/ca\\\/agencia-de-detectius\",\"name\":\"Agencia de Detectives - Detectives Privados Pag\u00e8s & Gass\u00f3\",\"isPartOf\":{\"@id\":\"https:\\\/\\\/pagesigasso.com\\\/ca#website\"},\"primaryImageOfPage\":{\"@id\":\"https:\\\/\\\/pagesigasso.com\\\/ca\\\/agencia-de-detectius#primaryimage\"},\"image\":{\"@id\":\"https:\\\/\\\/pagesigasso.com\\\/ca\\\/agencia-de-detectius#primaryimage\"},\"thumbnailUrl\":\"https:\\\/\\\/pagesigasso.com\\\/wp-content\\\/uploads\\\/2021\\\/07\\\/finance.jpg\",\"datePublished\":\"2021-07-18T02:05:29+00:00\",\"dateModified\":\"2024-06-25T11:23:31+00:00\",\"description\":\"Pag\u00e8s & Gass\u00f3 es una agencia de detectives fundada en 1965 con m\u00e1s de 50 a\u00f1os de experiencia en investigaci\u00f3n privada. Cu\u00e9ntenos su caso.\",\"inLanguage\":\"ca\",\"potentialAction\":[{\"@type\":\"ReadAction\",\"target\":[\"https:\\\/\\\/pagesigasso.com\\\/ca\\\/agencia-de-detectius\"]}]},{\"@type\":\"ImageObject\",\"inLanguage\":\"ca\",\"@id\":\"https:\\\/\\\/pagesigasso.com\\\/ca\\\/agencia-de-detectius#primaryimage\",\"url\":\"https:\\\/\\\/pagesigasso.com\\\/wp-content\\\/uploads\\\/2021\\\/07\\\/finance.jpg\",\"contentUrl\":\"https:\\\/\\\/pagesigasso.com\\\/wp-content\\\/uploads\\\/2021\\\/07\\\/finance.jpg\",\"width\":1920,\"height\":1275},{\"@type\":\"WebSite\",\"@id\":\"https:\\\/\\\/pagesigasso.com\\\/ca#website\",\"url\":\"https:\\\/\\\/pagesigasso.com\\\/ca\",\"name\":\"\",\"description\":\"Detectives Privados\",\"publisher\":{\"@id\":\"https:\\\/\\\/pagesigasso.com\\\/ca#organization\"},\"potentialAction\":[{\"@type\":\"SearchAction\",\"target\":{\"@type\":\"EntryPoint\",\"urlTemplate\":\"https:\\\/\\\/pagesigasso.com\\\/ca?s={search_term_string}\"},\"query-input\":{\"@type\":\"PropertyValueSpecification\",\"valueRequired\":true,\"valueName\":\"search_term_string\"}}],\"inLanguage\":\"ca\"},{\"@type\":\"Organization\",\"@id\":\"https:\\\/\\\/pagesigasso.com\\\/ca#organization\",\"name\":\"Pag\u00e8s & Gass\u00f3\",\"url\":\"https:\\\/\\\/pagesigasso.com\\\/ca\",\"logo\":{\"@type\":\"ImageObject\",\"inLanguage\":\"ca\",\"@id\":\"https:\\\/\\\/pagesigasso.com\\\/ca#\\\/schema\\\/logo\\\/image\\\/\",\"url\":\"https:\\\/\\\/pagesigasso.com\\\/wp-content\\\/uploads\\\/2022\\\/05\\\/cropped-logo_pages_i_gasso_detectives.webp\",\"contentUrl\":\"https:\\\/\\\/pagesigasso.com\\\/wp-content\\\/uploads\\\/2022\\\/05\\\/cropped-logo_pages_i_gasso_detectives.webp\",\"width\":1685,\"height\":337,\"caption\":\"Pag\u00e8s & Gass\u00f3\"},\"image\":{\"@id\":\"https:\\\/\\\/pagesigasso.com\\\/ca#\\\/schema\\\/logo\\\/image\\\/\"},\"sameAs\":[\"https:\\\/\\\/www.facebook.com\\\/Detectius.Pages.i.Gasso\",\"https:\\\/\\\/www.linkedin.com\\\/company\\\/detectius-pages-gasso\\\/about\\\/\"]}]}<\/script>\n<!-- \/ Yoast SEO Premium plugin. -->","yoast_head_json":{"title":"Agencia de Detectives - Detectives Privados Pag\u00e8s & Gass\u00f3","description":"Pag\u00e8s & Gass\u00f3 es una agencia de detectives fundada en 1965 con m\u00e1s de 50 a\u00f1os de experiencia en investigaci\u00f3n privada. Cu\u00e9ntenos su caso.","robots":{"index":"index","follow":"follow","max-snippet":"max-snippet:-1","max-image-preview":"max-image-preview:large","max-video-preview":"max-video-preview:-1"},"canonical":"https:\/\/pagesigasso.com\/ca\/agencia-de-detectius","og_locale":"ca_ES","og_type":"article","og_title":"Agencia de Detectives - Detectives Privados Pag\u00e8s & Gass\u00f3","og_description":"Pag\u00e8s & Gass\u00f3 es una agencia de detectives fundada en 1965 con m\u00e1s de 50 a\u00f1os de experiencia en investigaci\u00f3n privada. Cu\u00e9ntenos su caso.","og_url":"https:\/\/pagesigasso.com\/ca\/agencia-de-detectius","article_publisher":"https:\/\/www.facebook.com\/Detectius.Pages.i.Gasso","article_modified_time":"2024-06-25T11:23:31+00:00","og_image":[{"width":1920,"height":1275,"url":"https:\/\/pagesigasso.com\/wp-content\/uploads\/2021\/07\/finance.jpg","type":"image\/jpeg"}],"twitter_card":"summary_large_image","twitter_misc":{"Temps estimat de lectura":"3 minuts"},"schema":{"@context":"https:\/\/schema.org","@graph":[{"@type":"WebPage","@id":"https:\/\/pagesigasso.com\/ca\/agencia-de-detectius","url":"https:\/\/pagesigasso.com\/ca\/agencia-de-detectius","name":"Agencia de Detectives - Detectives Privados Pag\u00e8s & Gass\u00f3","isPartOf":{"@id":"https:\/\/pagesigasso.com\/ca#website"},"primaryImageOfPage":{"@id":"https:\/\/pagesigasso.com\/ca\/agencia-de-detectius#primaryimage"},"image":{"@id":"https:\/\/pagesigasso.com\/ca\/agencia-de-detectius#primaryimage"},"thumbnailUrl":"https:\/\/pagesigasso.com\/wp-content\/uploads\/2021\/07\/finance.jpg","datePublished":"2021-07-18T02:05:29+00:00","dateModified":"2024-06-25T11:23:31+00:00","description":"Pag\u00e8s & Gass\u00f3 es una agencia de detectives fundada en 1965 con m\u00e1s de 50 a\u00f1os de experiencia en investigaci\u00f3n privada. Cu\u00e9ntenos su caso.","inLanguage":"ca","potentialAction":[{"@type":"ReadAction","target":["https:\/\/pagesigasso.com\/ca\/agencia-de-detectius"]}]},{"@type":"ImageObject","inLanguage":"ca","@id":"https:\/\/pagesigasso.com\/ca\/agencia-de-detectius#primaryimage","url":"https:\/\/pagesigasso.com\/wp-content\/uploads\/2021\/07\/finance.jpg","contentUrl":"https:\/\/pagesigasso.com\/wp-content\/uploads\/2021\/07\/finance.jpg","width":1920,"height":1275},{"@type":"WebSite","@id":"https:\/\/pagesigasso.com\/ca#website","url":"https:\/\/pagesigasso.com\/ca","name":"","description":"Detectives Privados","publisher":{"@id":"https:\/\/pagesigasso.com\/ca#organization"},"potentialAction":[{"@type":"SearchAction","target":{"@type":"EntryPoint","urlTemplate":"https:\/\/pagesigasso.com\/ca?s={search_term_string}"},"query-input":{"@type":"PropertyValueSpecification","valueRequired":true,"valueName":"search_term_string"}}],"inLanguage":"ca"},{"@type":"Organization","@id":"https:\/\/pagesigasso.com\/ca#organization","name":"Pag\u00e8s & Gass\u00f3","url":"https:\/\/pagesigasso.com\/ca","logo":{"@type":"ImageObject","inLanguage":"ca","@id":"https:\/\/pagesigasso.com\/ca#\/schema\/logo\/image\/","url":"https:\/\/pagesigasso.com\/wp-content\/uploads\/2022\/05\/cropped-logo_pages_i_gasso_detectives.webp","contentUrl":"https:\/\/pagesigasso.com\/wp-content\/uploads\/2022\/05\/cropped-logo_pages_i_gasso_detectives.webp","width":1685,"height":337,"caption":"Pag\u00e8s & Gass\u00f3"},"image":{"@id":"https:\/\/pagesigasso.com\/ca#\/schema\/logo\/image\/"},"sameAs":["https:\/\/www.facebook.com\/Detectius.Pages.i.Gasso","https:\/\/www.linkedin.com\/company\/detectius-pages-gasso\/about\/"]}]}},"_links":{"self":[{"href":"https:\/\/pagesigasso.com\/ca\/wp-json\/wp\/v2\/pages\/6205","targetHints":{"allow":["GET"]}}],"collection":[{"href":"https:\/\/pagesigasso.com\/ca\/wp-json\/wp\/v2\/pages"}],"about":[{"href":"https:\/\/pagesigasso.com\/ca\/wp-json\/wp\/v2\/types\/page"}],"author":[{"embeddable":true,"href":"https:\/\/pagesigasso.com\/ca\/wp-json\/wp\/v2\/users\/1"}],"replies":[{"embeddable":true,"href":"https:\/\/pagesigasso.com\/ca\/wp-json\/wp\/v2\/comments?post=6205"}],"version-history":[{"count":0,"href":"https:\/\/pagesigasso.com\/ca\/wp-json\/wp\/v2\/pages\/6205\/revisions"}],"wp:featuredmedia":[{"embeddable":true,"href":"https:\/\/pagesigasso.com\/ca\/wp-json\/wp\/v2\/media\/6127"}],"wp:attachment":[{"href":"https:\/\/pagesigasso.com\/ca\/wp-json\/wp\/v2\/media?parent=6205"}],"curies":[{"name":"wp","href":"https:\/\/api.w.org\/{rel}","templated":true}]}}