{"id":6189,"date":"2021-07-18T01:05:21","date_gmt":"2021-07-18T01:05:21","guid":{"rendered":"https:\/\/pagesigasso.com\/detectives-privados"},"modified":"2024-06-25T14:19:04","modified_gmt":"2024-06-25T14:19:04","slug":"detectives-privados","status":"publish","type":"page","link":"https:\/\/pagesigasso.com\/ca","title":{"rendered":"Pag\u00e8s &#038; Gass\u00f3"},"content":{"rendered":"<div class=\"gb-container gb-container-097d555a\"><div class=\"gb-inside-container\">\r\n\r\n<div class=\"gb-grid-wrapper gb-grid-wrapper-a83ea675\">\r\n\r\n<div class=\"gb-grid-column gb-grid-column-190007bf\"><div class=\"gb-container gb-container-190007bf\"><div class=\"gb-inside-container\">\r\n\r\n\r\n<h1 class=\"gb-headline gb-headline-92594c1a gb-headline-text\">Detectius <mark class=\"gb-highlight\">Privats<\/mark><\/h1>\r\n\r\n\r\n\r\n<h2 class=\"gb-headline gb-headline-223fbe96 gb-headline-text\">Pag\u00e8s &amp; Gass\u00f3 &#8211; Desde 1965<\/h2>\r\n\r\n\r\n\r\n<p class=\"gb-headline gb-headline-6e4aeaf8 gb-headline-text\">Som una empresa de detectius privats ubicats a la prov\u00edncia de Girona i prov\u00edncia de Barcelona. Com a ag\u00e8ncia de detectius estem especialitzats en investigaci\u00f3 privada, criminal\u00edstica i peritatge per a empreses i particulars.<\/p>\r\n\r\n\r\n<div class=\"gb-button-wrapper gb-button-wrapper-aeaa52ba\">\r\n\r\n\r\n<p><a class=\"gb-button gb-button-a8a4badd\" href=\"https:\/\/pagesigasso.com\/ca\/investigacions-privades\"><span class=\"gb-button-text\">Investigacions Privades<\/span><\/a><\/p>\r\n\r\n\r\n\r\n<p><a class=\"gb-button gb-button-fc42c45a\" href=\"https:\/\/pagesigasso.com\/ca\/contractar-un-detectiu\"><span class=\"gb-button-text\">Contractar un detectiu<\/span><\/a><\/p>\r\n<\/div><\/div><\/div><\/div><\/div><\/div><\/div>\r\n\r\n<div class=\"gb-container gb-container-2dd674d5\"><div class=\"gb-inside-container\">\r\n\r\n<div class=\"gb-grid-wrapper gb-grid-wrapper-09fe3933\">\r\n\r\n<div class=\"gb-grid-column gb-grid-column-91435a0e\"><div class=\"gb-container gb-container-91435a0e\"><div class=\"gb-inside-container\">\r\n\r\n\r\n<h2 class=\"gb-headline gb-headline-560623bb gb-headline-text\">Detectiu per a Particulars<\/h2>\r\n\r\n\r\n\r\n<figure class=\"wp-block-image size-large image-shadow img\"><img decoding=\"async\" width=\"1024\" height=\"680\" class=\"wp-image-5728\" src=\"https:\/\/pagesigasso.com\/wp-content\/uploads\/2022\/05\/detective-particulares-1024x680.webp\" alt=\"\" srcset=\"https:\/\/pagesigasso.com\/wp-content\/uploads\/2022\/05\/detective-particulares-1024x680.webp 1024w, https:\/\/pagesigasso.com\/wp-content\/uploads\/2022\/05\/detective-particulares-300x199.webp 300w, https:\/\/pagesigasso.com\/wp-content\/uploads\/2022\/05\/detective-particulares-768x510.webp 768w, https:\/\/pagesigasso.com\/wp-content\/uploads\/2022\/05\/detective-particulares-1536x1020.webp 1536w, https:\/\/pagesigasso.com\/wp-content\/uploads\/2022\/05\/detective-particulares.webp 1920w\" sizes=\"(max-width: 1024px) 100vw, 1024px\" \/><\/figure>\r\n\r\n\r\n\r\n<p class=\"gb-headline gb-headline-697cbf58 gb-headline-text\">Oferim serveis de recerca privada per a particulars. Investigaci\u00f3 en infidelitats a la parella, control de fills, r\u00e8gim de visites, cust\u00f2dies, alcoholisme i drogoaddicci\u00f3, i qualsevol investigaci\u00f3 a l&#8217;entorn familiar.<\/p>\r\n\r\n\r\n<div class=\"gb-button-wrapper gb-button-wrapper-d3baf936\">\r\n\r\n\r\n<p><a class=\"gb-button gb-button-0c6630c3 gb-button-text\" href=\"https:\/\/pagesigasso.com\/ca\/detectiu-particular\"> + Detectiu Particulars<\/a><\/p>\r\n<\/div><\/div><\/div><\/div>\r\n\r\n<div class=\"gb-grid-column gb-grid-column-e769288b\"><div class=\"gb-container gb-container-e769288b\"><div class=\"gb-inside-container\">\r\n\r\n\r\n<h2 class=\"gb-headline gb-headline-5e5b9a2a gb-headline-text\">Detectiu per a Empreses<\/h2>\r\n\r\n\r\n\r\n<figure class=\"wp-block-image size-large image-shadow img\"><img decoding=\"async\" width=\"1024\" height=\"683\" class=\"wp-image-5729\" src=\"https:\/\/pagesigasso.com\/wp-content\/uploads\/2022\/05\/detective-empresas-1024x683.webp\" alt=\"\" srcset=\"https:\/\/pagesigasso.com\/wp-content\/uploads\/2022\/05\/detective-empresas-1024x683.webp 1024w, https:\/\/pagesigasso.com\/wp-content\/uploads\/2022\/05\/detective-empresas-300x200.webp 300w, https:\/\/pagesigasso.com\/wp-content\/uploads\/2022\/05\/detective-empresas-768x512.webp 768w, https:\/\/pagesigasso.com\/wp-content\/uploads\/2022\/05\/detective-empresas-1536x1024.webp 1536w, https:\/\/pagesigasso.com\/wp-content\/uploads\/2022\/05\/detective-empresas.webp 1920w\" sizes=\"(max-width: 1024px) 100vw, 1024px\" \/><\/figure>\r\n\r\n\r\n\r\n<p class=\"gb-headline gb-headline-6a111aa3 gb-headline-text\">Oferim serveis de recerca privada per a empreses. Baixes laborals sospitoses, compet\u00e8ncia deslleial, investigaci\u00f3 a l&#8217;entorn del teletreball, mystery guest a qualsevol sector, i qualsevol investigaci\u00f3 privada a l&#8217;entorn laboral.<\/p>\r\n\r\n\r\n<div class=\"gb-button-wrapper gb-button-wrapper-a0da1524\">\r\n\r\n\r\n<p><a class=\"gb-button gb-button-7538881d gb-button-text\" href=\"https:\/\/pagesigasso.com\/ca\/detectiu-laboral\">+ Detectiu Laboral<\/a><\/p>\r\n<\/div><\/div><\/div><\/div>\r\n\r\n<div class=\"gb-grid-column gb-grid-column-f5bb5565\"><div class=\"gb-container gb-container-f5bb5565\"><div class=\"gb-inside-container\">\r\n\r\n\r\n<h2 class=\"gb-headline gb-headline-830d764e gb-headline-text\">Detectius Inform\u00e0tics<\/h2>\r\n\r\n\r\n\r\n<figure class=\"wp-block-image size-full image-shadow img\"><img decoding=\"async\" width=\"1024\" height=\"678\" class=\"wp-image-5711\" src=\"https:\/\/pagesigasso.com\/wp-content\/uploads\/2022\/05\/detective_informatico.webp\" alt=\"\" srcset=\"https:\/\/pagesigasso.com\/wp-content\/uploads\/2022\/05\/detective_informatico.webp 1024w, https:\/\/pagesigasso.com\/wp-content\/uploads\/2022\/05\/detective_informatico-300x199.webp 300w, https:\/\/pagesigasso.com\/wp-content\/uploads\/2022\/05\/detective_informatico-768x509.webp 768w\" sizes=\"(max-width: 1024px) 100vw, 1024px\" \/><\/figure>\r\n\r\n\r\n\r\n<p class=\"gb-headline gb-headline-e46bbbca gb-headline-text\">Oferim serveis de recerca privada a l&#8217;entorn inform\u00e0tic. Rastreig de dades, robatori d&#8217;informaci\u00f3 confidencial, delictes inform\u00e0tics, reputaci\u00f3 en l\u00ednia, i qualsevol servei relacionat amb la investigaci\u00f3 privada a l&#8217;entorn inform\u00e0tic.<\/p>\r\n\r\n\r\n<div class=\"gb-button-wrapper gb-button-wrapper-e84c1238\">\r\n\r\n\r\n<p><a class=\"gb-button gb-button-4318dde4 gb-button-text\" href=\"https:\/\/pagesigasso.com\/ca\/detectius-informatics\"> + Detectiu Inform\u00e0tics<\/a><\/p>\r\n<\/div><\/div><\/div><\/div><\/div><\/div><\/div>\r\n\r\n<div class=\"gb-container gb-container-2d9385ea\"><div class=\"gb-inside-container\">\r\n\r\n<div class=\"gb-grid-wrapper gb-grid-wrapper-c56ba6ae\">\r\n\r\n<div class=\"gb-grid-column gb-grid-column-5edcdb2b\"><div class=\"gb-container gb-container-5edcdb2b\"><div class=\"gb-inside-container\">\r\n\r\n<div class=\"gb-grid-wrapper gb-grid-wrapper-cb3ef5bf\">\r\n\r\n<div class=\"gb-grid-column gb-grid-column-dfc5b410\"><div class=\"gb-container gb-container-dfc5b410\"><div class=\"gb-inside-container\">\r\n\r\n\r\n<h2 class=\"gb-headline gb-headline-7fdc32dc gb-headline-text heading-icon-reversed\">AG\u00c8NCIA DE DETECTIUS<\/h2>\r\n<\/div><\/div><\/div>\r\n\r\n<div class=\"gb-grid-column gb-grid-column-d3f4f83f\"><div class=\"gb-container gb-container-d3f4f83f\"><div class=\"gb-inside-container\"><\/div><\/div><\/div><\/div>\r\n\r\n\r\n<h3 class=\"gb-headline gb-headline-2012c4c4 gb-headline-text\">Pag\u00e8s &amp; Gass\u00f3<\/h3>\r\n\r\n\r\n\r\n<p>Amb m\u00e9s de 50 anys dexperi\u00e8ncia, Pag\u00e8s &amp; Gass\u00f3, S.L. va ser fundada el 1965 com una empresa de <a href=\"https:\/\/pagesigasso.com\/ca\/detectius-a-girona\">detectius a Girona.<\/a><\/p>\r\n\r\n\r\n\r\n<p>Posteriorment hem anat creixent oferint els nostres serveis a Figueres i m\u00e9s endavant com <a href=\"https:\/\/pagesigasso.com\/ca\/detectius-a-barcelona\">detectius a Barcelona<\/a>, detectius a Vic, detectius a Manresa, detectius a Matar\u00f3, fins a arribar avui dia a ser una de les empreses de recerca privada m\u00e9s important a les comarques del nord de Catalunya i amb un \u00e0mbit d&#8217;actuaci\u00f3 nacional i internacional.<\/p>\r\n\r\n\r\n\r\n<h4 class=\"gb-headline gb-headline-a319af0c gb-headline-text\">Servei de detectiu privat<\/h4>\r\n\r\n\r\n\r\n<p class=\"gb-headline gb-headline-35f558b1 gb-headline-text\">Estem especialitzats en recerca per a empreses particulars, m\u00fatues, advocacia, criminal\u00edstica, peritatge i seguretat. Tractant temes tan sensibles com detectiu privat d&#8217;infidelitat com actuar de detectius per baixa laboral per a una empresa. Oferim qualsevol tipus de recerca privada tant a l&#8217;entorn de detectius per a particulars com per a empreses, sempre amb la m\u00e0xima discreci\u00f3 i confidencialitat.<\/p>\r\n<\/div><\/div><\/div>\r\n\r\n<div class=\"gb-grid-column gb-grid-column-f53fa0f1\"><div class=\"gb-container gb-container-f53fa0f1\"><div class=\"gb-inside-container\">\r\n\r\n\r\n<figure class=\"wp-block-image size-full\"><img decoding=\"async\" width=\"720\" height=\"823\" class=\"wp-image-5579\" src=\"https:\/\/pagesigasso.com\/wp-content\/uploads\/2022\/04\/Detectives_privados_girona.png\" alt=\"Detectives_privados_girona\" srcset=\"https:\/\/pagesigasso.com\/wp-content\/uploads\/2022\/04\/Detectives_privados_girona.png 720w, https:\/\/pagesigasso.com\/wp-content\/uploads\/2022\/04\/Detectives_privados_girona-262x300.png 262w\" sizes=\"(max-width: 720px) 100vw, 720px\" \/><\/figure>\r\n<\/div><\/div><\/div><\/div>\r\n\r\n<div class=\"gb-grid-wrapper gb-grid-wrapper-bf3a5cb5\">\r\n\r\n<div class=\"gb-grid-column gb-grid-column-d3bf3d73\"><div class=\"gb-container gb-container-d3bf3d73\"><div class=\"gb-inside-container\">\r\n\r\n\r\n<p class=\"gb-headline gb-headline-eaaeac5a gb-headline-text\"><em><strong>&#8220;Us ajudarem a trobar resposta a les vostres inquietuds.&#8221;<\/strong><\/em><\/p>\r\n\r\n\r\n\r\n<p class=\"gb-headline gb-headline-3637c095 gb-headline-text\">Pag\u00e8s &amp; Gass\u00f3<\/p>\r\n<\/div><\/div><\/div>\r\n\r\n<div class=\"gb-grid-column gb-grid-column-592511ee\"><div class=\"gb-container gb-container-592511ee\"><div class=\"gb-inside-container\">\r\n\r\n\r\n<h5 class=\"gb-headline gb-headline-f9991f11\"><span class=\"gb-headline-text\">Contractar un <mark class=\"gb-highlight\">Detectiu<\/mark><\/span><\/h5>\r\n<\/div><\/div><\/div>\r\n\r\n<div class=\"gb-grid-column gb-grid-column-5eee331c\"><div class=\"gb-container gb-container-5eee331c\"><div class=\"gb-inside-container\">\r\n\r\n\r\n<h6 class=\"gb-headline gb-headline-062601e2\">Confidencialitat<\/h6>\r\n\r\n\r\n\r\n<h6 class=\"gb-headline gb-headline-047715f6\">Informe i Reports<\/h6>\r\n\r\n\r\n\r\n<h6 class=\"gb-headline gb-headline-cc554c12\">Especialitzats<\/h6>\r\n\r\n\r\n\r\n<h6 class=\"gb-headline gb-headline-0acb1c1b\">Proves v\u00e0lides davant d&#8217;un jutge<\/h6>\r\n<\/div><\/div><\/div><\/div><\/div><\/div>\r\n\r\n<div class=\"gb-container gb-container-59a813a5\"><div class=\"gb-inside-container\">\r\n\r\n<div class=\"gb-grid-wrapper gb-grid-wrapper-d40d4def\">\r\n\r\n<div class=\"gb-grid-column gb-grid-column-b78a9640\"><div class=\"gb-container gb-container-b78a9640\"><div class=\"gb-inside-container\"><\/div><\/div><\/div>\r\n\r\n<div class=\"gb-grid-column gb-grid-column-614f0bc3\"><div class=\"gb-container gb-container-614f0bc3\"><div class=\"gb-inside-container\">\r\n\r\n\r\n<h2 class=\"gb-headline gb-headline-47993ab2 gb-headline-text\">Detectius Privats des de 1965<\/h2>\r\n\r\n\r\n\r\n<p class=\"gb-headline gb-headline-fc992220 gb-headline-text\">Pag\u00e8s &amp; Gass\u00f3 \u00e9s una ag\u00e8ncia de detectius privats especialitzada en serveis de recerca privada a l&#8217;\u00e0mbit particular i laboral amb m\u00e9s de 50 anys d&#8217;experi\u00e8ncia. Els nostres detectius estan titulats en criminologia i peritatge i altament preparats per fer qualsevol servei en qualsevol entorn.<\/p>\r\n\r\n\r\n<div class=\"gb-grid-wrapper gb-grid-wrapper-24d35395\">\r\n\r\n<div class=\"gb-grid-column gb-grid-column-b966ba91\"><div class=\"gb-container gb-container-b966ba91\"><div class=\"gb-inside-container\">\r\n\r\n\r\n<h3 class=\"gb-headline gb-headline-327d8be9\"><span class=\"gb-headline-text\">+ 50<\/span><\/h3>\r\n\r\n\r\n\r\n<p class=\"gb-headline gb-headline-f7d90fb5 gb-headline-text\">anys d&#8217;experi\u00e8ncia<\/p>\r\n<\/div><\/div><\/div>\r\n\r\n<div class=\"gb-grid-column gb-grid-column-a48b831b\"><div class=\"gb-container gb-container-a48b831b\"><div class=\"gb-inside-container\">\r\n\r\n\r\n<h3 class=\"gb-headline gb-headline-17a30eb1\"><span class=\"gb-headline-text\">+ 2.000<\/span><\/h3>\r\n\r\n\r\n\r\n<p class=\"gb-headline gb-headline-1808e68e gb-headline-text\">Investigacions Privades<\/p>\r\n<\/div><\/div><\/div>\r\n\r\n<div class=\"gb-grid-column gb-grid-column-caaa6d81\"><div class=\"gb-container gb-container-caaa6d81\"><div class=\"gb-inside-container\">\r\n\r\n\r\n<h3 class=\"gb-headline gb-headline-499718d0\"><span class=\"gb-headline-text\">Detectius<\/span><\/h3>\r\n\r\n\r\n\r\n<p class=\"gb-headline gb-headline-57779e3a gb-headline-text\">A tot Catalunya<\/p>\r\n<\/div><\/div><\/div>\r\n\r\n<div class=\"gb-grid-column gb-grid-column-87d3dfa5\"><div class=\"gb-container gb-container-87d3dfa5\"><div class=\"gb-inside-container\">\r\n\r\n\r\n<h3 class=\"gb-headline gb-headline-fdc2286d\">Investigacions<\/h3>\r\n\r\n\r\n\r\n<p class=\"gb-headline gb-headline-e76957f1 gb-headline-text\">Familiars, Empresa i Inform\u00e0tiques<\/p>\r\n<\/div><\/div><\/div><\/div><\/div><\/div><\/div><\/div><\/div><\/div>\r\n\r\n<div class=\"gb-container gb-container-3e235025\"><div class=\"gb-inside-container\">\r\n\r\n\r\n<h5 class=\"gb-headline gb-headline-4f1156c6 gb-headline-text\">Ag\u00e8ncia de Detectius<\/h5>\r\n\r\n\r\n\r\n<h2 class=\"gb-headline gb-headline-58789130 gb-headline-text\">Els nostres Detectius Privats<\/h2>\r\n\r\n\r\n\r\n<h2 class=\"gb-headline gb-headline-0704bca3\">\u00a0<\/h2>\r\n\r\n\r\n<div class=\"gb-grid-wrapper gb-grid-wrapper-17296987\">\r\n\r\n<div class=\"gb-grid-column gb-grid-column-53bb684b\"><div class=\"gb-container gb-container-53bb684b\"><div class=\"gb-inside-container\">\r\n\r\n<div class=\"gb-container gb-container-7a3a3378\"><div class=\"gb-inside-container\">\r\n\r\n<div class=\"gb-button-wrapper gb-button-wrapper-c063e90d\">\r\n\r\n\r\n<p>&nbsp;<\/p>\r\n\r\n\r\n\r\n<p>&nbsp;<\/p>\r\n<\/div><\/div><\/div>\r\n\r\n\r\n<p class=\"gb-headline gb-headline-8ee76213 gb-headline-text\">Ferr\u00e1n Gass\u00f3<\/p>\r\n\r\n\r\n\r\n<p class=\"gb-headline gb-headline-40cf65a9 gb-headline-text\"><em><em>Director<\/em><\/em><\/p>\r\n\r\n\r\n\r\n<p class=\"gb-headline gb-headline-78c02491 gb-headline-text\"><em><em>Licencia N\u00ba 427<\/em><\/em><\/p>\r\n<\/div><\/div><\/div>\r\n\r\n<div class=\"gb-grid-column gb-grid-column-dd19d0b5\"><div class=\"gb-container gb-container-dd19d0b5\"><div class=\"gb-inside-container\">\r\n\r\n<div class=\"gb-container gb-container-8aab87bc\"><div class=\"gb-inside-container\"><\/div><\/div>\r\n\r\n\r\n<p class=\"gb-headline gb-headline-d25d8ae5 gb-headline-text\">Marc Cabrejas<\/p>\r\n\r\n\r\n\r\n<p class=\"gb-headline gb-headline-517127d8 gb-headline-text\"><em><em><em>Colaborador<\/em><\/em><\/em><\/p>\r\n\r\n\r\n\r\n<p class=\"gb-headline gb-headline-e8fc9ebd gb-headline-text\">Licencia<em><em><em> N\u00ba<\/em><\/em><\/em> 2501<\/p>\r\n<\/div><\/div><\/div>\r\n\r\n<div class=\"gb-grid-column gb-grid-column-9467ef55\"><div class=\"gb-container gb-container-9467ef55\"><div class=\"gb-inside-container\">\r\n\r\n<div class=\"gb-container gb-container-8d308d89\"><div class=\"gb-inside-container\"><\/div><\/div>\r\n\r\n\r\n<p class=\"gb-headline gb-headline-e3d070e1 gb-headline-text\">Victor Campos<\/p>\r\n\r\n\r\n\r\n<p class=\"gb-headline gb-headline-9ab7bfe6 gb-headline-text\"><em><em>Colaborador <\/em><\/em><\/p>\r\n\r\n\r\n\r\n<p class=\"gb-headline gb-headline-11f1e327 gb-headline-text\"><em><em>Licencia N\u00ba 4794 <\/em><\/em><\/p>\r\n<\/div><\/div><\/div><\/div><\/div><\/div>","protected":false},"excerpt":{"rendered":"<p>Ag\u00e8ncia de Detectius Els nostres Detectius Privats \u00a0<\/p>\n","protected":false},"author":1,"featured_media":0,"parent":0,"menu_order":0,"comment_status":"closed","ping_status":"closed","template":"","meta":{"footnotes":""},"class_list":["post-6189","page","type-page","status-publish"],"yoast_head":"<!-- This site is optimized with the Yoast SEO Premium plugin v18.4 (Yoast SEO v27.3) - https:\/\/yoast.com\/product\/yoast-seo-premium-wordpress\/ -->\n<title>Detectius Privats - Detectius Pag\u00e8s &amp; Gass\u00f3<\/title>\n<meta name=\"description\" content=\"Pag\u00e8s &amp; Gass\u00f3 \u00e9s una ag\u00e8ncia de detectius privats especialitzats en investigaci\u00f3 privada a la prov\u00edncia de Girona i de Barcelona.\" \/>\n<meta name=\"robots\" content=\"index, follow, max-snippet:-1, max-video-preview:-1, noimageindex\" \/>\n<link rel=\"canonical\" href=\"https:\/\/pagesigasso.com\/ca\" \/>\n<meta property=\"og:locale\" content=\"ca_ES\" \/>\n<meta property=\"og:type\" content=\"article\" \/>\n<meta property=\"og:title\" content=\"Detectius Privats - Detectius Pag\u00e8s &amp; Gass\u00f3\" \/>\n<meta property=\"og:description\" content=\"Pag\u00e8s &amp; Gass\u00f3 \u00e9s una ag\u00e8ncia de detectius privats especialitzats en investigaci\u00f3 privada a la prov\u00edncia de Girona i de Barcelona.\" \/>\n<meta property=\"og:url\" content=\"https:\/\/pagesigasso.com\/ca\" \/>\n<meta property=\"article:publisher\" content=\"https:\/\/www.facebook.com\/Detectius.Pages.i.Gasso\" \/>\n<meta property=\"article:modified_time\" content=\"2024-06-25T14:19:04+00:00\" \/>\n<meta property=\"og:image\" content=\"https:\/\/pagesigasso.com\/wp-content\/uploads\/2022\/05\/detective-particulares-1024x680.webp\" \/>\n<meta name=\"twitter:card\" content=\"summary_large_image\" \/>\n<meta name=\"twitter:label1\" content=\"Temps estimat de lectura\" \/>\n\t<meta name=\"twitter:data1\" content=\"3 minuts\" \/>\n<script type=\"application\/ld+json\" class=\"yoast-schema-graph\">{\"@context\":\"https:\\\/\\\/schema.org\",\"@graph\":[{\"@type\":\"WebPage\",\"@id\":\"https:\\\/\\\/pagesigasso.com\\\/ca\",\"url\":\"https:\\\/\\\/pagesigasso.com\\\/ca\",\"name\":\"Detectius Privats - Detectius Pag\u00e8s & Gass\u00f3\",\"isPartOf\":{\"@id\":\"https:\\\/\\\/pagesigasso.com\\\/ca#website\"},\"primaryImageOfPage\":{\"@id\":\"https:\\\/\\\/pagesigasso.com\\\/ca#primaryimage\"},\"image\":{\"@id\":\"https:\\\/\\\/pagesigasso.com\\\/ca#primaryimage\"},\"thumbnailUrl\":\"https:\\\/\\\/pagesigasso.com\\\/wp-content\\\/uploads\\\/2022\\\/05\\\/detective-particulares-1024x680.webp\",\"datePublished\":\"2021-07-18T01:05:21+00:00\",\"dateModified\":\"2024-06-25T14:19:04+00:00\",\"description\":\"Pag\u00e8s & Gass\u00f3 \u00e9s una ag\u00e8ncia de detectius privats especialitzats en investigaci\u00f3 privada a la prov\u00edncia de Girona i de Barcelona.\",\"inLanguage\":\"ca\",\"potentialAction\":[{\"@type\":\"ReadAction\",\"target\":[\"https:\\\/\\\/pagesigasso.com\\\/ca\"]}]},{\"@type\":\"ImageObject\",\"inLanguage\":\"ca\",\"@id\":\"https:\\\/\\\/pagesigasso.com\\\/ca#primaryimage\",\"url\":\"https:\\\/\\\/pagesigasso.com\\\/wp-content\\\/uploads\\\/2022\\\/05\\\/detective-particulares-1024x680.webp\",\"contentUrl\":\"https:\\\/\\\/pagesigasso.com\\\/wp-content\\\/uploads\\\/2022\\\/05\\\/detective-particulares-1024x680.webp\"},{\"@type\":\"WebSite\",\"@id\":\"https:\\\/\\\/pagesigasso.com\\\/ca#website\",\"url\":\"https:\\\/\\\/pagesigasso.com\\\/ca\",\"name\":\"\",\"description\":\"Detectives Privados\",\"publisher\":{\"@id\":\"https:\\\/\\\/pagesigasso.com\\\/ca#organization\"},\"potentialAction\":[{\"@type\":\"SearchAction\",\"target\":{\"@type\":\"EntryPoint\",\"urlTemplate\":\"https:\\\/\\\/pagesigasso.com\\\/ca?s={search_term_string}\"},\"query-input\":{\"@type\":\"PropertyValueSpecification\",\"valueRequired\":true,\"valueName\":\"search_term_string\"}}],\"inLanguage\":\"ca\"},{\"@type\":\"Organization\",\"@id\":\"https:\\\/\\\/pagesigasso.com\\\/ca#organization\",\"name\":\"Pag\u00e8s & Gass\u00f3\",\"url\":\"https:\\\/\\\/pagesigasso.com\\\/ca\",\"logo\":{\"@type\":\"ImageObject\",\"inLanguage\":\"ca\",\"@id\":\"https:\\\/\\\/pagesigasso.com\\\/ca#\\\/schema\\\/logo\\\/image\\\/\",\"url\":\"https:\\\/\\\/pagesigasso.com\\\/wp-content\\\/uploads\\\/2022\\\/05\\\/cropped-logo_pages_i_gasso_detectives.webp\",\"contentUrl\":\"https:\\\/\\\/pagesigasso.com\\\/wp-content\\\/uploads\\\/2022\\\/05\\\/cropped-logo_pages_i_gasso_detectives.webp\",\"width\":1685,\"height\":337,\"caption\":\"Pag\u00e8s & Gass\u00f3\"},\"image\":{\"@id\":\"https:\\\/\\\/pagesigasso.com\\\/ca#\\\/schema\\\/logo\\\/image\\\/\"},\"sameAs\":[\"https:\\\/\\\/www.facebook.com\\\/Detectius.Pages.i.Gasso\",\"https:\\\/\\\/www.linkedin.com\\\/company\\\/detectius-pages-gasso\\\/about\\\/\"]}]}<\/script>\n<!-- \/ Yoast SEO Premium plugin. -->","yoast_head_json":{"title":"Detectius Privats - Detectius Pag\u00e8s & Gass\u00f3","description":"Pag\u00e8s & Gass\u00f3 \u00e9s una ag\u00e8ncia de detectius privats especialitzats en investigaci\u00f3 privada a la prov\u00edncia de Girona i de Barcelona.","robots":{"index":"index","follow":"follow","max-snippet":"max-snippet:-1","max-video-preview":"max-video-preview:-1","imageindex":"noimageindex"},"canonical":"https:\/\/pagesigasso.com\/ca","og_locale":"ca_ES","og_type":"article","og_title":"Detectius Privats - Detectius Pag\u00e8s & Gass\u00f3","og_description":"Pag\u00e8s & Gass\u00f3 \u00e9s una ag\u00e8ncia de detectius privats especialitzats en investigaci\u00f3 privada a la prov\u00edncia de Girona i de Barcelona.","og_url":"https:\/\/pagesigasso.com\/ca","article_publisher":"https:\/\/www.facebook.com\/Detectius.Pages.i.Gasso","article_modified_time":"2024-06-25T14:19:04+00:00","og_image":[{"url":"https:\/\/pagesigasso.com\/wp-content\/uploads\/2022\/05\/detective-particulares-1024x680.webp","type":"","width":"","height":""}],"twitter_card":"summary_large_image","twitter_misc":{"Temps estimat de lectura":"3 minuts"},"schema":{"@context":"https:\/\/schema.org","@graph":[{"@type":"WebPage","@id":"https:\/\/pagesigasso.com\/ca","url":"https:\/\/pagesigasso.com\/ca","name":"Detectius Privats - Detectius Pag\u00e8s & Gass\u00f3","isPartOf":{"@id":"https:\/\/pagesigasso.com\/ca#website"},"primaryImageOfPage":{"@id":"https:\/\/pagesigasso.com\/ca#primaryimage"},"image":{"@id":"https:\/\/pagesigasso.com\/ca#primaryimage"},"thumbnailUrl":"https:\/\/pagesigasso.com\/wp-content\/uploads\/2022\/05\/detective-particulares-1024x680.webp","datePublished":"2021-07-18T01:05:21+00:00","dateModified":"2024-06-25T14:19:04+00:00","description":"Pag\u00e8s & Gass\u00f3 \u00e9s una ag\u00e8ncia de detectius privats especialitzats en investigaci\u00f3 privada a la prov\u00edncia de Girona i de Barcelona.","inLanguage":"ca","potentialAction":[{"@type":"ReadAction","target":["https:\/\/pagesigasso.com\/ca"]}]},{"@type":"ImageObject","inLanguage":"ca","@id":"https:\/\/pagesigasso.com\/ca#primaryimage","url":"https:\/\/pagesigasso.com\/wp-content\/uploads\/2022\/05\/detective-particulares-1024x680.webp","contentUrl":"https:\/\/pagesigasso.com\/wp-content\/uploads\/2022\/05\/detective-particulares-1024x680.webp"},{"@type":"WebSite","@id":"https:\/\/pagesigasso.com\/ca#website","url":"https:\/\/pagesigasso.com\/ca","name":"","description":"Detectives Privados","publisher":{"@id":"https:\/\/pagesigasso.com\/ca#organization"},"potentialAction":[{"@type":"SearchAction","target":{"@type":"EntryPoint","urlTemplate":"https:\/\/pagesigasso.com\/ca?s={search_term_string}"},"query-input":{"@type":"PropertyValueSpecification","valueRequired":true,"valueName":"search_term_string"}}],"inLanguage":"ca"},{"@type":"Organization","@id":"https:\/\/pagesigasso.com\/ca#organization","name":"Pag\u00e8s & Gass\u00f3","url":"https:\/\/pagesigasso.com\/ca","logo":{"@type":"ImageObject","inLanguage":"ca","@id":"https:\/\/pagesigasso.com\/ca#\/schema\/logo\/image\/","url":"https:\/\/pagesigasso.com\/wp-content\/uploads\/2022\/05\/cropped-logo_pages_i_gasso_detectives.webp","contentUrl":"https:\/\/pagesigasso.com\/wp-content\/uploads\/2022\/05\/cropped-logo_pages_i_gasso_detectives.webp","width":1685,"height":337,"caption":"Pag\u00e8s & Gass\u00f3"},"image":{"@id":"https:\/\/pagesigasso.com\/ca#\/schema\/logo\/image\/"},"sameAs":["https:\/\/www.facebook.com\/Detectius.Pages.i.Gasso","https:\/\/www.linkedin.com\/company\/detectius-pages-gasso\/about\/"]}]}},"_links":{"self":[{"href":"https:\/\/pagesigasso.com\/ca\/wp-json\/wp\/v2\/pages\/6189","targetHints":{"allow":["GET"]}}],"collection":[{"href":"https:\/\/pagesigasso.com\/ca\/wp-json\/wp\/v2\/pages"}],"about":[{"href":"https:\/\/pagesigasso.com\/ca\/wp-json\/wp\/v2\/types\/page"}],"author":[{"embeddable":true,"href":"https:\/\/pagesigasso.com\/ca\/wp-json\/wp\/v2\/users\/1"}],"replies":[{"embeddable":true,"href":"https:\/\/pagesigasso.com\/ca\/wp-json\/wp\/v2\/comments?post=6189"}],"version-history":[{"count":0,"href":"https:\/\/pagesigasso.com\/ca\/wp-json\/wp\/v2\/pages\/6189\/revisions"}],"wp:attachment":[{"href":"https:\/\/pagesigasso.com\/ca\/wp-json\/wp\/v2\/media?parent=6189"}],"curies":[{"name":"wp","href":"https:\/\/api.w.org\/{rel}","templated":true}]}}